{"id":939,"date":"2021-06-21T05:11:31","date_gmt":"2021-06-21T09:11:31","guid":{"rendered":"https:\/\/ghost-concierge.com\/?page_id=939"},"modified":"2021-12-03T08:37:37","modified_gmt":"2021-12-03T13:37:37","slug":"ma-carte-cadeau-2","status":"publish","type":"page","link":"https:\/\/ghost-concierge.com\/fr\/ma-carte-cadeau-2\/","title":{"rendered":"Ma carte Cadeau"},"content":{"rendered":"<p><img loading=\"lazy\" decoding=\"async\" class=\"aligncenter wp-image-931 size-full\" src=\"https:\/\/ghost-concierge.com\/wp-content\/uploads\/2021\/06\/e-ma-carte-cadeau-coeur.png\" alt=\"\" width=\"337\" height=\"217\" srcset=\"https:\/\/ghost-concierge.com\/wp-content\/uploads\/2021\/06\/e-ma-carte-cadeau-coeur.png 337w, https:\/\/ghost-concierge.com\/wp-content\/uploads\/2021\/06\/e-ma-carte-cadeau-coeur-300x193.png 300w\" sizes=\"(max-width: 337px) 100vw, 337px\" \/><\/p>\n<p style=\"text-align: center;\">Vous avez envie d&rsquo;offrir un cadeau?\u00a0Pensez \u00e0 <strong>Ma-Carte-cadeau !<\/strong><\/p>\n<p style=\"text-align: center;\">\u00a0 \u00a0 \u00a0 C&rsquo;est le premier site e-commerce francais sp\u00e9cialis\u00e9 dans la revente de e-cartes cadeaux, avec un catalogue regroupant plus de 150 enseignes, \u00a0comme Nike, Galeries Lafayette, La Redoute, IKEA ou encore Carrefour..<\/p>\n<p style=\"text-align: center;\">\u00a0 \u00a0 \u00a0 Le montant \u00e0 cr\u00e9diter sur la carte peut aller de <strong>5\u20ac<\/strong> \u00e0 <strong>250\u20ac<\/strong>.<\/p>\n<p style=\"text-align: center;\"><strong>Choisissez parmi les diff\u00e9rentes cartes cadeaux sur le site , <\/strong><\/p>\n<p style=\"text-align: center;\"><strong>puis contactez votre assistant personnel pour b\u00e9n\u00e9ficier de tarifs pr\u00e9f\u00e9rentiels !<\/strong><\/p>\n<p class=\"pbtn\" style=\"clear: both; text-align: center;\"><a class=\"pbtn\" style=\"font-size: 18px; float: none; color: #ffffff; border-radius: 0px; background-color: #424242; display: inline-block; padding: 0.5em 0.7em; text-decoration: none; line-height: 1; border: 1px solid #111112;\" href=\"https:\/\/www.ma-carte-cadeau.com\/\" target=\"_blank\" rel=\"noopener\" data-bg-color=\"#424242\"> J&rsquo;y vais<\/a><\/p>\n<p class=\"pbtn\" style=\"clear: both; text-align: center;\"><strong style=\"font-size: revert;\">Cumulez les avantages de la carte cadeau remis\u00e9e<\/strong><\/p>\n<div>\n<p style=\"text-align: center;\">Chez Ghost-concierge vous trouverez des cartes cadeaux moins ch\u00e8res que celles que vous pouvez trouver en magasin. Vous pouvez \u00e9conomiser jusqu\u2019\u00e0 <strong>-12%<\/strong> sur le prix d&rsquo;une carte ! La carte cadeau est \u00e0 utiliser sur plus de 150 enseignes partenaires. Enfin, votre carte cadeau est <strong>100%<\/strong> cumulable avec les offres promotionnelles des enseignes y compris pendant les soldes.<\/p>\n<p style=\"text-align: center;\"><img loading=\"lazy\" decoding=\"async\" class=\"aligncenter wp-image-1156 size-large\" src=\"https:\/\/ghost-concierge.com\/wp-content\/uploads\/2021\/12\/1-724x1024.jpg\" alt=\"\" width=\"724\" height=\"1024\" srcset=\"https:\/\/ghost-concierge.com\/wp-content\/uploads\/2021\/12\/1-724x1024.jpg 724w, https:\/\/ghost-concierge.com\/wp-content\/uploads\/2021\/12\/1-212x300.jpg 212w, https:\/\/ghost-concierge.com\/wp-content\/uploads\/2021\/12\/1-768x1086.jpg 768w, https:\/\/ghost-concierge.com\/wp-content\/uploads\/2021\/12\/1-1086x1536.jpg 1086w, https:\/\/ghost-concierge.com\/wp-content\/uploads\/2021\/12\/1-1448x2048.jpg 1448w, https:\/\/ghost-concierge.com\/wp-content\/uploads\/2021\/12\/1.jpg 1654w\" sizes=\"(max-width: 724px) 100vw, 724px\" \/><\/p>\n<p><img loading=\"lazy\" decoding=\"async\" class=\"aligncenter wp-image-1158 size-large\" src=\"https:\/\/ghost-concierge.com\/wp-content\/uploads\/2021\/12\/2-724x1024.jpg\" alt=\"\" width=\"724\" height=\"1024\" srcset=\"https:\/\/ghost-concierge.com\/wp-content\/uploads\/2021\/12\/2-724x1024.jpg 724w, https:\/\/ghost-concierge.com\/wp-content\/uploads\/2021\/12\/2-212x300.jpg 212w, https:\/\/ghost-concierge.com\/wp-content\/uploads\/2021\/12\/2-768x1086.jpg 768w, https:\/\/ghost-concierge.com\/wp-content\/uploads\/2021\/12\/2-1086x1536.jpg 1086w, https:\/\/ghost-concierge.com\/wp-content\/uploads\/2021\/12\/2-1448x2048.jpg 1448w, https:\/\/ghost-concierge.com\/wp-content\/uploads\/2021\/12\/2.jpg 1654w\" sizes=\"(max-width: 724px) 100vw, 724px\" \/><\/p>\n<\/div>\n<p style=\"text-align: center;\"><img loading=\"lazy\" decoding=\"async\" class=\"aligncenter wp-image-1160 size-large\" src=\"https:\/\/ghost-concierge.com\/wp-content\/uploads\/2021\/12\/3-724x1024.jpg\" alt=\"\" width=\"724\" height=\"1024\" srcset=\"https:\/\/ghost-concierge.com\/wp-content\/uploads\/2021\/12\/3-724x1024.jpg 724w, https:\/\/ghost-concierge.com\/wp-content\/uploads\/2021\/12\/3-212x300.jpg 212w, https:\/\/ghost-concierge.com\/wp-content\/uploads\/2021\/12\/3-768x1086.jpg 768w, https:\/\/ghost-concierge.com\/wp-content\/uploads\/2021\/12\/3-1086x1536.jpg 1086w, https:\/\/ghost-concierge.com\/wp-content\/uploads\/2021\/12\/3-1448x2048.jpg 1448w, https:\/\/ghost-concierge.com\/wp-content\/uploads\/2021\/12\/3.jpg 1654w\" sizes=\"(max-width: 724px) 100vw, 724px\" \/><\/p>\n<p><img loading=\"lazy\" decoding=\"async\" class=\"aligncenter wp-image-1162 size-large\" src=\"https:\/\/ghost-concierge.com\/wp-content\/uploads\/2021\/12\/4-724x1024.jpg\" alt=\"\" width=\"724\" height=\"1024\" srcset=\"https:\/\/ghost-concierge.com\/wp-content\/uploads\/2021\/12\/4-724x1024.jpg 724w, https:\/\/ghost-concierge.com\/wp-content\/uploads\/2021\/12\/4-212x300.jpg 212w, https:\/\/ghost-concierge.com\/wp-content\/uploads\/2021\/12\/4-768x1086.jpg 768w, https:\/\/ghost-concierge.com\/wp-content\/uploads\/2021\/12\/4-1086x1536.jpg 1086w, https:\/\/ghost-concierge.com\/wp-content\/uploads\/2021\/12\/4-1448x2048.jpg 1448w, https:\/\/ghost-concierge.com\/wp-content\/uploads\/2021\/12\/4.jpg 1654w\" sizes=\"(max-width: 724px) 100vw, 724px\" \/><\/p>\n<p>\u00a0<\/p>\n<p>\u00a0<\/p>\n\n\n<p><\/p>\n","protected":false},"excerpt":{"rendered":"<p>Vous avez envie d&rsquo;offrir un cadeau?\u00a0Pensez \u00e0 Ma-Carte-cadeau ! \u00a0 \u00a0 \u00a0 C&rsquo;est le premier site e-commerce francais sp\u00e9cialis\u00e9 dans la revente de e-cartes cadeaux, avec un catalogue regroupant plus de 150 enseignes, \u00a0comme Nike, Galeries Lafayette, La Redoute, IKEA ou encore Carrefour.. \u00a0 \u00a0 \u00a0 Le montant \u00e0 cr\u00e9diter sur la carte peut aller [&hellip;]<\/p>\n","protected":false},"author":2,"featured_media":0,"parent":0,"menu_order":0,"comment_status":"closed","ping_status":"closed","template":"","meta":{"footnotes":""},"class_list":["post-939","page","type-page","status-publish","hentry"],"yoast_head":"<!-- This site is optimized with the Yoast SEO plugin v23.6 - https:\/\/yoast.com\/wordpress\/plugins\/seo\/ -->\n<title>Ma carte Cadeau - Ghost Concierge<\/title>\n<meta name=\"robots\" content=\"noindex, nofollow\" \/>\n<meta property=\"og:locale\" content=\"fr_FR\" \/>\n<meta property=\"og:type\" content=\"article\" \/>\n<meta property=\"og:title\" content=\"Ma carte Cadeau - Ghost Concierge\" \/>\n<meta property=\"og:description\" content=\"Vous avez envie d&rsquo;offrir un cadeau?\u00a0Pensez \u00e0 Ma-Carte-cadeau ! \u00a0 \u00a0 \u00a0 C&rsquo;est le premier site e-commerce francais sp\u00e9cialis\u00e9 dans la revente de e-cartes cadeaux, avec un catalogue regroupant plus de 150 enseignes, \u00a0comme Nike, Galeries Lafayette, La Redoute, IKEA ou encore Carrefour.. \u00a0 \u00a0 \u00a0 Le montant \u00e0 cr\u00e9diter sur la carte peut aller [&hellip;]\" \/>\n<meta property=\"og:url\" content=\"https:\/\/ghost-concierge.com\/fr\/ma-carte-cadeau-2\/\" \/>\n<meta property=\"og:site_name\" content=\"Ghost Concierge\" \/>\n<meta property=\"article:modified_time\" content=\"2021-12-03T13:37:37+00:00\" \/>\n<meta property=\"og:image\" content=\"https:\/\/ghost-concierge.com\/wp-content\/uploads\/2021\/06\/e-ma-carte-cadeau-coeur.png\" \/>\n<meta name=\"twitter:card\" content=\"summary_large_image\" \/>\n<meta name=\"twitter:label1\" content=\"Dur\u00e9e de lecture estim\u00e9e\" \/>\n\t<meta name=\"twitter:data1\" content=\"2 minutes\" \/>\n<script type=\"application\/ld+json\" class=\"yoast-schema-graph\">{\"@context\":\"https:\/\/schema.org\",\"@graph\":[{\"@type\":\"WebPage\",\"@id\":\"https:\/\/ghost-concierge.com\/fr\/ma-carte-cadeau-2\/\",\"url\":\"https:\/\/ghost-concierge.com\/fr\/ma-carte-cadeau-2\/\",\"name\":\"Ma carte Cadeau - Ghost Concierge\",\"isPartOf\":{\"@id\":\"https:\/\/ghost-concierge.com\/#website\"},\"primaryImageOfPage\":{\"@id\":\"https:\/\/ghost-concierge.com\/fr\/ma-carte-cadeau-2\/#primaryimage\"},\"image\":{\"@id\":\"https:\/\/ghost-concierge.com\/fr\/ma-carte-cadeau-2\/#primaryimage\"},\"thumbnailUrl\":\"https:\/\/ghost-concierge.com\/wp-content\/uploads\/2021\/06\/e-ma-carte-cadeau-coeur.png\",\"datePublished\":\"2021-06-21T09:11:31+00:00\",\"dateModified\":\"2021-12-03T13:37:37+00:00\",\"breadcrumb\":{\"@id\":\"https:\/\/ghost-concierge.com\/fr\/ma-carte-cadeau-2\/#breadcrumb\"},\"inLanguage\":\"fr-FR\",\"potentialAction\":[{\"@type\":\"ReadAction\",\"target\":[\"https:\/\/ghost-concierge.com\/fr\/ma-carte-cadeau-2\/\"]}]},{\"@type\":\"ImageObject\",\"inLanguage\":\"fr-FR\",\"@id\":\"https:\/\/ghost-concierge.com\/fr\/ma-carte-cadeau-2\/#primaryimage\",\"url\":\"https:\/\/ghost-concierge.com\/wp-content\/uploads\/2021\/06\/e-ma-carte-cadeau-coeur.png\",\"contentUrl\":\"https:\/\/ghost-concierge.com\/wp-content\/uploads\/2021\/06\/e-ma-carte-cadeau-coeur.png\"},{\"@type\":\"BreadcrumbList\",\"@id\":\"https:\/\/ghost-concierge.com\/fr\/ma-carte-cadeau-2\/#breadcrumb\",\"itemListElement\":[{\"@type\":\"ListItem\",\"position\":1,\"name\":\"Home\",\"item\":\"https:\/\/ghost-concierge.com\/fr\/\"},{\"@type\":\"ListItem\",\"position\":2,\"name\":\"Ma carte Cadeau\"}]},{\"@type\":\"WebSite\",\"@id\":\"https:\/\/ghost-concierge.com\/#website\",\"url\":\"https:\/\/ghost-concierge.com\/\",\"name\":\"Ghost Concierge\",\"description\":\"Making the luxury of time accessible\",\"potentialAction\":[{\"@type\":\"SearchAction\",\"target\":{\"@type\":\"EntryPoint\",\"urlTemplate\":\"https:\/\/ghost-concierge.com\/?s={search_term_string}\"},\"query-input\":{\"@type\":\"PropertyValueSpecification\",\"valueRequired\":true,\"valueName\":\"search_term_string\"}}],\"inLanguage\":\"fr-FR\"}]}<\/script>\n<!-- \/ Yoast SEO plugin. -->","yoast_head_json":{"title":"Ma carte Cadeau - Ghost Concierge","robots":{"index":"noindex","follow":"nofollow"},"og_locale":"fr_FR","og_type":"article","og_title":"Ma carte Cadeau - Ghost Concierge","og_description":"Vous avez envie d&rsquo;offrir un cadeau?\u00a0Pensez \u00e0 Ma-Carte-cadeau ! \u00a0 \u00a0 \u00a0 C&rsquo;est le premier site e-commerce francais sp\u00e9cialis\u00e9 dans la revente de e-cartes cadeaux, avec un catalogue regroupant plus de 150 enseignes, \u00a0comme Nike, Galeries Lafayette, La Redoute, IKEA ou encore Carrefour.. \u00a0 \u00a0 \u00a0 Le montant \u00e0 cr\u00e9diter sur la carte peut aller [&hellip;]","og_url":"https:\/\/ghost-concierge.com\/fr\/ma-carte-cadeau-2\/","og_site_name":"Ghost Concierge","article_modified_time":"2021-12-03T13:37:37+00:00","og_image":[{"url":"https:\/\/ghost-concierge.com\/wp-content\/uploads\/2021\/06\/e-ma-carte-cadeau-coeur.png"}],"twitter_card":"summary_large_image","twitter_misc":{"Dur\u00e9e de lecture estim\u00e9e":"2 minutes"},"schema":{"@context":"https:\/\/schema.org","@graph":[{"@type":"WebPage","@id":"https:\/\/ghost-concierge.com\/fr\/ma-carte-cadeau-2\/","url":"https:\/\/ghost-concierge.com\/fr\/ma-carte-cadeau-2\/","name":"Ma carte Cadeau - Ghost Concierge","isPartOf":{"@id":"https:\/\/ghost-concierge.com\/#website"},"primaryImageOfPage":{"@id":"https:\/\/ghost-concierge.com\/fr\/ma-carte-cadeau-2\/#primaryimage"},"image":{"@id":"https:\/\/ghost-concierge.com\/fr\/ma-carte-cadeau-2\/#primaryimage"},"thumbnailUrl":"https:\/\/ghost-concierge.com\/wp-content\/uploads\/2021\/06\/e-ma-carte-cadeau-coeur.png","datePublished":"2021-06-21T09:11:31+00:00","dateModified":"2021-12-03T13:37:37+00:00","breadcrumb":{"@id":"https:\/\/ghost-concierge.com\/fr\/ma-carte-cadeau-2\/#breadcrumb"},"inLanguage":"fr-FR","potentialAction":[{"@type":"ReadAction","target":["https:\/\/ghost-concierge.com\/fr\/ma-carte-cadeau-2\/"]}]},{"@type":"ImageObject","inLanguage":"fr-FR","@id":"https:\/\/ghost-concierge.com\/fr\/ma-carte-cadeau-2\/#primaryimage","url":"https:\/\/ghost-concierge.com\/wp-content\/uploads\/2021\/06\/e-ma-carte-cadeau-coeur.png","contentUrl":"https:\/\/ghost-concierge.com\/wp-content\/uploads\/2021\/06\/e-ma-carte-cadeau-coeur.png"},{"@type":"BreadcrumbList","@id":"https:\/\/ghost-concierge.com\/fr\/ma-carte-cadeau-2\/#breadcrumb","itemListElement":[{"@type":"ListItem","position":1,"name":"Home","item":"https:\/\/ghost-concierge.com\/fr\/"},{"@type":"ListItem","position":2,"name":"Ma carte Cadeau"}]},{"@type":"WebSite","@id":"https:\/\/ghost-concierge.com\/#website","url":"https:\/\/ghost-concierge.com\/","name":"Ghost Concierge","description":"Making the luxury of time accessible","potentialAction":[{"@type":"SearchAction","target":{"@type":"EntryPoint","urlTemplate":"https:\/\/ghost-concierge.com\/?s={search_term_string}"},"query-input":{"@type":"PropertyValueSpecification","valueRequired":true,"valueName":"search_term_string"}}],"inLanguage":"fr-FR"}]}},"_links":{"self":[{"href":"https:\/\/ghost-concierge.com\/fr\/wp-json\/wp\/v2\/pages\/939"}],"collection":[{"href":"https:\/\/ghost-concierge.com\/fr\/wp-json\/wp\/v2\/pages"}],"about":[{"href":"https:\/\/ghost-concierge.com\/fr\/wp-json\/wp\/v2\/types\/page"}],"author":[{"embeddable":true,"href":"https:\/\/ghost-concierge.com\/fr\/wp-json\/wp\/v2\/users\/2"}],"replies":[{"embeddable":true,"href":"https:\/\/ghost-concierge.com\/fr\/wp-json\/wp\/v2\/comments?post=939"}],"version-history":[{"count":18,"href":"https:\/\/ghost-concierge.com\/fr\/wp-json\/wp\/v2\/pages\/939\/revisions"}],"predecessor-version":[{"id":1166,"href":"https:\/\/ghost-concierge.com\/fr\/wp-json\/wp\/v2\/pages\/939\/revisions\/1166"}],"wp:attachment":[{"href":"https:\/\/ghost-concierge.com\/fr\/wp-json\/wp\/v2\/media?parent=939"}],"curies":[{"name":"wp","href":"https:\/\/api.w.org\/{rel}","templated":true}]}}