{"id":912,"date":"2021-06-15T11:37:24","date_gmt":"2021-06-15T15:37:24","guid":{"rendered":"https:\/\/ghost-concierge.com\/?page_id=912"},"modified":"2021-06-15T11:47:13","modified_gmt":"2021-06-15T15:47:13","slug":"vivabox","status":"publish","type":"page","link":"https:\/\/ghost-concierge.com\/fr\/vivabox\/","title":{"rendered":"Vivabox"},"content":{"rendered":"<p>&nbsp;<\/p>\n<p>&nbsp;<\/p>\n<p><img loading=\"lazy\" decoding=\"async\" class=\"aligncenter wp-image-898 size-full\" src=\"https:\/\/ghost-concierge.com\/wp-content\/uploads\/2021\/06\/bannieres-vivabox-121.jpg\" alt=\"\" width=\"714\" height=\"250\" srcset=\"https:\/\/ghost-concierge.com\/wp-content\/uploads\/2021\/06\/bannieres-vivabox-121.jpg 714w, https:\/\/ghost-concierge.com\/wp-content\/uploads\/2021\/06\/bannieres-vivabox-121-300x105.jpg 300w\" sizes=\"(max-width: 714px) 100vw, 714px\" \/><\/p>\n<p>&nbsp;<\/p>\n<h1 style=\"text-align: center;\">Pour la libert\u00e9\u00a0!<\/h1>\n<p style=\"text-align: center;\">Vous pr\u00e9f\u00e9rez une escapade romantique \u00e0 un d\u00eener gastronomique ? En ce moment, vous avez plut\u00f4t besoin d\u2019une parenth\u00e8se bien-\u00eatre que d\u2019une s\u00e9ance de pilotage ? Pas de probl\u00e8me, avec Vivabox, tout est possible ! Vous \u00eates libre de changer d\u2019avis et de prendre votre temps pour profiter de votre activit\u00e9. La preuve : vous pouvez \u00e9changer et prolonger votre coffret cadeau gratuitement, autant de fois que vous le souhaitez (et ceci, peu importe le prix de votre box\u2026 oui, oui). C\u2019est \u00e7a, la Viva attitude\u00a0!<\/p>\n<p style=\"text-align: center;\"><strong>Avec Ghost-concierge c\u2019est \u2013 12% sur 1 350 activit\u00e9s<\/strong><\/p>\n<p>&nbsp;<\/p>\n<p class=\"pbtn\" style=\"clear: both; text-align: center;\"><a class=\"pbtn\" style=\"font-size: 18px; float: none; color: #ffffff; border-radius: 0px; background-color: #424242; display: inline-block; padding: 0.5em 0.7em; text-decoration: none; line-height: 1; border: 1px solid #111112;\" href=\"https:\/\/www.vivabox.fr\/\" target=\"_blank\" rel=\"noopener\" data-bg-color=\"#424242\"> J&rsquo;y vais<\/a><\/p>\n","protected":false},"excerpt":{"rendered":"<p>&nbsp; &nbsp; &nbsp; Pour la libert\u00e9\u00a0! Vous pr\u00e9f\u00e9rez une escapade romantique \u00e0 un d\u00eener gastronomique ? En ce moment, vous avez plut\u00f4t besoin d\u2019une parenth\u00e8se bien-\u00eatre que d\u2019une s\u00e9ance de pilotage ? Pas de probl\u00e8me, avec Vivabox, tout est possible ! Vous \u00eates libre de changer d\u2019avis et de prendre votre temps pour profiter de [&hellip;]<\/p>\n","protected":false},"author":2,"featured_media":0,"parent":0,"menu_order":0,"comment_status":"closed","ping_status":"closed","template":"","meta":{"footnotes":""},"class_list":["post-912","page","type-page","status-publish","hentry"],"yoast_head":"<!-- This site is optimized with the Yoast SEO plugin v23.6 - https:\/\/yoast.com\/wordpress\/plugins\/seo\/ -->\n<title>Vivabox - Ghost Concierge<\/title>\n<meta name=\"robots\" content=\"noindex, nofollow\" \/>\n<meta property=\"og:locale\" content=\"fr_FR\" \/>\n<meta property=\"og:type\" content=\"article\" \/>\n<meta property=\"og:title\" content=\"Vivabox - Ghost Concierge\" \/>\n<meta property=\"og:description\" content=\"&nbsp; &nbsp; &nbsp; Pour la libert\u00e9\u00a0! Vous pr\u00e9f\u00e9rez une escapade romantique \u00e0 un d\u00eener gastronomique ? En ce moment, vous avez plut\u00f4t besoin d\u2019une parenth\u00e8se bien-\u00eatre que d\u2019une s\u00e9ance de pilotage ? Pas de probl\u00e8me, avec Vivabox, tout est possible ! Vous \u00eates libre de changer d\u2019avis et de prendre votre temps pour profiter de [&hellip;]\" \/>\n<meta property=\"og:url\" content=\"https:\/\/ghost-concierge.com\/fr\/vivabox\/\" \/>\n<meta property=\"og:site_name\" content=\"Ghost Concierge\" \/>\n<meta property=\"article:modified_time\" content=\"2021-06-15T15:47:13+00:00\" \/>\n<meta property=\"og:image\" content=\"https:\/\/ghost-concierge.com\/wp-content\/uploads\/2021\/06\/bannieres-vivabox-121.jpg\" \/>\n\t<meta property=\"og:image:width\" content=\"714\" \/>\n\t<meta property=\"og:image:height\" content=\"250\" \/>\n\t<meta property=\"og:image:type\" content=\"image\/jpeg\" \/>\n<meta name=\"twitter:card\" content=\"summary_large_image\" \/>\n<meta name=\"twitter:label1\" content=\"Dur\u00e9e de lecture estim\u00e9e\" \/>\n\t<meta name=\"twitter:data1\" content=\"1 minute\" \/>\n<script type=\"application\/ld+json\" class=\"yoast-schema-graph\">{\"@context\":\"https:\/\/schema.org\",\"@graph\":[{\"@type\":\"WebPage\",\"@id\":\"https:\/\/ghost-concierge.com\/fr\/vivabox\/\",\"url\":\"https:\/\/ghost-concierge.com\/fr\/vivabox\/\",\"name\":\"Vivabox - Ghost Concierge\",\"isPartOf\":{\"@id\":\"https:\/\/ghost-concierge.com\/#website\"},\"primaryImageOfPage\":{\"@id\":\"https:\/\/ghost-concierge.com\/fr\/vivabox\/#primaryimage\"},\"image\":{\"@id\":\"https:\/\/ghost-concierge.com\/fr\/vivabox\/#primaryimage\"},\"thumbnailUrl\":\"https:\/\/ghost-concierge.com\/wp-content\/uploads\/2021\/06\/bannieres-vivabox-121.jpg\",\"datePublished\":\"2021-06-15T15:37:24+00:00\",\"dateModified\":\"2021-06-15T15:47:13+00:00\",\"breadcrumb\":{\"@id\":\"https:\/\/ghost-concierge.com\/fr\/vivabox\/#breadcrumb\"},\"inLanguage\":\"fr-FR\",\"potentialAction\":[{\"@type\":\"ReadAction\",\"target\":[\"https:\/\/ghost-concierge.com\/fr\/vivabox\/\"]}]},{\"@type\":\"ImageObject\",\"inLanguage\":\"fr-FR\",\"@id\":\"https:\/\/ghost-concierge.com\/fr\/vivabox\/#primaryimage\",\"url\":\"https:\/\/ghost-concierge.com\/wp-content\/uploads\/2021\/06\/bannieres-vivabox-121.jpg\",\"contentUrl\":\"https:\/\/ghost-concierge.com\/wp-content\/uploads\/2021\/06\/bannieres-vivabox-121.jpg\"},{\"@type\":\"BreadcrumbList\",\"@id\":\"https:\/\/ghost-concierge.com\/fr\/vivabox\/#breadcrumb\",\"itemListElement\":[{\"@type\":\"ListItem\",\"position\":1,\"name\":\"Home\",\"item\":\"https:\/\/ghost-concierge.com\/fr\/\"},{\"@type\":\"ListItem\",\"position\":2,\"name\":\"Vivabox\"}]},{\"@type\":\"WebSite\",\"@id\":\"https:\/\/ghost-concierge.com\/#website\",\"url\":\"https:\/\/ghost-concierge.com\/\",\"name\":\"Ghost Concierge\",\"description\":\"Making the luxury of time accessible\",\"potentialAction\":[{\"@type\":\"SearchAction\",\"target\":{\"@type\":\"EntryPoint\",\"urlTemplate\":\"https:\/\/ghost-concierge.com\/?s={search_term_string}\"},\"query-input\":{\"@type\":\"PropertyValueSpecification\",\"valueRequired\":true,\"valueName\":\"search_term_string\"}}],\"inLanguage\":\"fr-FR\"}]}<\/script>\n<!-- \/ Yoast SEO plugin. -->","yoast_head_json":{"title":"Vivabox - Ghost Concierge","robots":{"index":"noindex","follow":"nofollow"},"og_locale":"fr_FR","og_type":"article","og_title":"Vivabox - Ghost Concierge","og_description":"&nbsp; &nbsp; &nbsp; Pour la libert\u00e9\u00a0! Vous pr\u00e9f\u00e9rez une escapade romantique \u00e0 un d\u00eener gastronomique ? En ce moment, vous avez plut\u00f4t besoin d\u2019une parenth\u00e8se bien-\u00eatre que d\u2019une s\u00e9ance de pilotage ? Pas de probl\u00e8me, avec Vivabox, tout est possible ! Vous \u00eates libre de changer d\u2019avis et de prendre votre temps pour profiter de [&hellip;]","og_url":"https:\/\/ghost-concierge.com\/fr\/vivabox\/","og_site_name":"Ghost Concierge","article_modified_time":"2021-06-15T15:47:13+00:00","og_image":[{"width":714,"height":250,"url":"https:\/\/ghost-concierge.com\/wp-content\/uploads\/2021\/06\/bannieres-vivabox-121.jpg","type":"image\/jpeg"}],"twitter_card":"summary_large_image","twitter_misc":{"Dur\u00e9e de lecture estim\u00e9e":"1 minute"},"schema":{"@context":"https:\/\/schema.org","@graph":[{"@type":"WebPage","@id":"https:\/\/ghost-concierge.com\/fr\/vivabox\/","url":"https:\/\/ghost-concierge.com\/fr\/vivabox\/","name":"Vivabox - Ghost Concierge","isPartOf":{"@id":"https:\/\/ghost-concierge.com\/#website"},"primaryImageOfPage":{"@id":"https:\/\/ghost-concierge.com\/fr\/vivabox\/#primaryimage"},"image":{"@id":"https:\/\/ghost-concierge.com\/fr\/vivabox\/#primaryimage"},"thumbnailUrl":"https:\/\/ghost-concierge.com\/wp-content\/uploads\/2021\/06\/bannieres-vivabox-121.jpg","datePublished":"2021-06-15T15:37:24+00:00","dateModified":"2021-06-15T15:47:13+00:00","breadcrumb":{"@id":"https:\/\/ghost-concierge.com\/fr\/vivabox\/#breadcrumb"},"inLanguage":"fr-FR","potentialAction":[{"@type":"ReadAction","target":["https:\/\/ghost-concierge.com\/fr\/vivabox\/"]}]},{"@type":"ImageObject","inLanguage":"fr-FR","@id":"https:\/\/ghost-concierge.com\/fr\/vivabox\/#primaryimage","url":"https:\/\/ghost-concierge.com\/wp-content\/uploads\/2021\/06\/bannieres-vivabox-121.jpg","contentUrl":"https:\/\/ghost-concierge.com\/wp-content\/uploads\/2021\/06\/bannieres-vivabox-121.jpg"},{"@type":"BreadcrumbList","@id":"https:\/\/ghost-concierge.com\/fr\/vivabox\/#breadcrumb","itemListElement":[{"@type":"ListItem","position":1,"name":"Home","item":"https:\/\/ghost-concierge.com\/fr\/"},{"@type":"ListItem","position":2,"name":"Vivabox"}]},{"@type":"WebSite","@id":"https:\/\/ghost-concierge.com\/#website","url":"https:\/\/ghost-concierge.com\/","name":"Ghost Concierge","description":"Making the luxury of time accessible","potentialAction":[{"@type":"SearchAction","target":{"@type":"EntryPoint","urlTemplate":"https:\/\/ghost-concierge.com\/?s={search_term_string}"},"query-input":{"@type":"PropertyValueSpecification","valueRequired":true,"valueName":"search_term_string"}}],"inLanguage":"fr-FR"}]}},"_links":{"self":[{"href":"https:\/\/ghost-concierge.com\/fr\/wp-json\/wp\/v2\/pages\/912"}],"collection":[{"href":"https:\/\/ghost-concierge.com\/fr\/wp-json\/wp\/v2\/pages"}],"about":[{"href":"https:\/\/ghost-concierge.com\/fr\/wp-json\/wp\/v2\/types\/page"}],"author":[{"embeddable":true,"href":"https:\/\/ghost-concierge.com\/fr\/wp-json\/wp\/v2\/users\/2"}],"replies":[{"embeddable":true,"href":"https:\/\/ghost-concierge.com\/fr\/wp-json\/wp\/v2\/comments?post=912"}],"version-history":[{"count":2,"href":"https:\/\/ghost-concierge.com\/fr\/wp-json\/wp\/v2\/pages\/912\/revisions"}],"predecessor-version":[{"id":918,"href":"https:\/\/ghost-concierge.com\/fr\/wp-json\/wp\/v2\/pages\/912\/revisions\/918"}],"wp:attachment":[{"href":"https:\/\/ghost-concierge.com\/fr\/wp-json\/wp\/v2\/media?parent=912"}],"curies":[{"name":"wp","href":"https:\/\/api.w.org\/{rel}","templated":true}]}}