{"id":814,"date":"2021-05-30T08:28:18","date_gmt":"2021-05-30T12:28:18","guid":{"rendered":"https:\/\/ghost-concierge.com\/?page_id=814"},"modified":"2021-05-31T08:12:42","modified_gmt":"2021-05-31T12:12:42","slug":"magicstay","status":"publish","type":"page","link":"https:\/\/ghost-concierge.com\/fr\/magicstay\/","title":{"rendered":"MagicStay"},"content":{"rendered":"<p>&nbsp;<\/p>\n<p><img loading=\"lazy\" decoding=\"async\" class=\"alignnone size-medium wp-image-817\" src=\"https:\/\/ghost-concierge.com\/wp-content\/uploads\/2021\/05\/image006.tif\" alt=\"\" width=\"1\" height=\"1\" \/><img loading=\"lazy\" decoding=\"async\" class=\"aligncenter wp-image-819 size-full\" src=\"https:\/\/ghost-concierge.com\/wp-content\/uploads\/2021\/05\/Magicstay-chambre.jpg\" alt=\"\" width=\"865\" height=\"192\" srcset=\"https:\/\/ghost-concierge.com\/wp-content\/uploads\/2021\/05\/Magicstay-chambre.jpg 865w, https:\/\/ghost-concierge.com\/wp-content\/uploads\/2021\/05\/Magicstay-chambre-300x67.jpg 300w, https:\/\/ghost-concierge.com\/wp-content\/uploads\/2021\/05\/Magicstay-chambre-768x170.jpg 768w\" sizes=\"(max-width: 865px) 100vw, 865px\" \/><\/p>\n<p>&nbsp;<\/p>\n<h1 style=\"text-align: center;\">Locations courte ou moyenne dur\u00e9e &amp; appart-h\u00f4tels<\/h1>\n<p style=\"text-align: center;\"><strong>MagicStay<\/strong> est le sp\u00e9cialiste de la location courte dur\u00e9e pour les vacances ou les d\u00e9placements professionnels. <strong>MagicStay<\/strong> propose des solutions personnalis\u00e9es pour les voyageurs d\u2019affaires ou vos collaborateurs en mobilit\u00e9 professionnelle (expatri\u00e9s, impatri\u00e9s, missions longues\u2026). Pour de la courte ou longue dur\u00e9e, nous vous proposons un choix in\u00e9gal\u00e9 d\u2019appartements meubl\u00e9s g\u00e9r\u00e9s par des professionnels.<\/p>\n<p>&nbsp;<\/p>\n<p style=\"text-align: center;\"><strong>Avec Ghost-concierge vous avez\u00a0une r\u00e9duction de 50 euros pour tout s\u00e9jour r\u00e9serv\u00e9 sur MagicStay<\/strong><\/p>\n<p style=\"text-align: center;\"><em>\u201cR\u00e9clamez votre code promo par SMS aupr\u00e8s de votre assistant personnel\u201d<\/em><\/p>\n<p>&nbsp;<\/p>\n<p class=\"pbtn\" style=\"clear: both; text-align: center;\"><a class=\"pbtn\" style=\"font-size: 18px; float: none; color: #ffffff; border-radius: 0px; background-color: #424242; display: inline-block; padding: 0.5em 0.7em; text-decoration: none; line-height: 1; border: 1px solid #111112;\" href=\"https:\/\/fr.magicstay.com\/\" target=\"_blank\" rel=\"noopener\" data-bg-color=\"#424242\"> J&rsquo;y vais<\/a><\/p>\n","protected":false},"excerpt":{"rendered":"<p>&nbsp; &nbsp; Locations courte ou moyenne dur\u00e9e &amp; appart-h\u00f4tels MagicStay est le sp\u00e9cialiste de la location courte dur\u00e9e pour les vacances ou les d\u00e9placements professionnels. MagicStay propose des solutions personnalis\u00e9es pour les voyageurs d\u2019affaires ou vos collaborateurs en mobilit\u00e9 professionnelle (expatri\u00e9s, impatri\u00e9s, missions longues\u2026). Pour de la courte ou longue dur\u00e9e, nous vous proposons un [&hellip;]<\/p>\n","protected":false},"author":2,"featured_media":0,"parent":0,"menu_order":0,"comment_status":"closed","ping_status":"closed","template":"","meta":{"footnotes":""},"class_list":["post-814","page","type-page","status-publish","hentry"],"yoast_head":"<!-- This site is optimized with the Yoast SEO plugin v23.6 - https:\/\/yoast.com\/wordpress\/plugins\/seo\/ -->\n<title>MagicStay - Ghost Concierge<\/title>\n<meta name=\"robots\" content=\"noindex, nofollow\" \/>\n<meta property=\"og:locale\" content=\"fr_FR\" \/>\n<meta property=\"og:type\" content=\"article\" \/>\n<meta property=\"og:title\" content=\"MagicStay - Ghost Concierge\" \/>\n<meta property=\"og:description\" content=\"&nbsp; &nbsp; Locations courte ou moyenne dur\u00e9e &amp; appart-h\u00f4tels MagicStay est le sp\u00e9cialiste de la location courte dur\u00e9e pour les vacances ou les d\u00e9placements professionnels. MagicStay propose des solutions personnalis\u00e9es pour les voyageurs d\u2019affaires ou vos collaborateurs en mobilit\u00e9 professionnelle (expatri\u00e9s, impatri\u00e9s, missions longues\u2026). Pour de la courte ou longue dur\u00e9e, nous vous proposons un [&hellip;]\" \/>\n<meta property=\"og:url\" content=\"https:\/\/ghost-concierge.com\/fr\/magicstay\/\" \/>\n<meta property=\"og:site_name\" content=\"Ghost Concierge\" \/>\n<meta property=\"article:modified_time\" content=\"2021-05-31T12:12:42+00:00\" \/>\n<meta name=\"twitter:card\" content=\"summary_large_image\" \/>\n<meta name=\"twitter:label1\" content=\"Dur\u00e9e de lecture estim\u00e9e\" \/>\n\t<meta name=\"twitter:data1\" content=\"1 minute\" \/>\n<script type=\"application\/ld+json\" class=\"yoast-schema-graph\">{\"@context\":\"https:\/\/schema.org\",\"@graph\":[{\"@type\":\"WebPage\",\"@id\":\"https:\/\/ghost-concierge.com\/fr\/magicstay\/\",\"url\":\"https:\/\/ghost-concierge.com\/fr\/magicstay\/\",\"name\":\"MagicStay - Ghost Concierge\",\"isPartOf\":{\"@id\":\"https:\/\/ghost-concierge.com\/#website\"},\"primaryImageOfPage\":{\"@id\":\"https:\/\/ghost-concierge.com\/fr\/magicstay\/#primaryimage\"},\"image\":{\"@id\":\"https:\/\/ghost-concierge.com\/fr\/magicstay\/#primaryimage\"},\"thumbnailUrl\":\"https:\/\/ghost-concierge.com\/wp-content\/uploads\/2021\/05\/image006.tif\",\"datePublished\":\"2021-05-30T12:28:18+00:00\",\"dateModified\":\"2021-05-31T12:12:42+00:00\",\"breadcrumb\":{\"@id\":\"https:\/\/ghost-concierge.com\/fr\/magicstay\/#breadcrumb\"},\"inLanguage\":\"fr-FR\",\"potentialAction\":[{\"@type\":\"ReadAction\",\"target\":[\"https:\/\/ghost-concierge.com\/fr\/magicstay\/\"]}]},{\"@type\":\"ImageObject\",\"inLanguage\":\"fr-FR\",\"@id\":\"https:\/\/ghost-concierge.com\/fr\/magicstay\/#primaryimage\",\"url\":\"https:\/\/ghost-concierge.com\/wp-content\/uploads\/2021\/05\/image006.tif\",\"contentUrl\":\"https:\/\/ghost-concierge.com\/wp-content\/uploads\/2021\/05\/image006.tif\"},{\"@type\":\"BreadcrumbList\",\"@id\":\"https:\/\/ghost-concierge.com\/fr\/magicstay\/#breadcrumb\",\"itemListElement\":[{\"@type\":\"ListItem\",\"position\":1,\"name\":\"Home\",\"item\":\"https:\/\/ghost-concierge.com\/fr\/\"},{\"@type\":\"ListItem\",\"position\":2,\"name\":\"MagicStay\"}]},{\"@type\":\"WebSite\",\"@id\":\"https:\/\/ghost-concierge.com\/#website\",\"url\":\"https:\/\/ghost-concierge.com\/\",\"name\":\"Ghost Concierge\",\"description\":\"Making the luxury of time accessible\",\"potentialAction\":[{\"@type\":\"SearchAction\",\"target\":{\"@type\":\"EntryPoint\",\"urlTemplate\":\"https:\/\/ghost-concierge.com\/?s={search_term_string}\"},\"query-input\":{\"@type\":\"PropertyValueSpecification\",\"valueRequired\":true,\"valueName\":\"search_term_string\"}}],\"inLanguage\":\"fr-FR\"}]}<\/script>\n<!-- \/ Yoast SEO plugin. -->","yoast_head_json":{"title":"MagicStay - Ghost Concierge","robots":{"index":"noindex","follow":"nofollow"},"og_locale":"fr_FR","og_type":"article","og_title":"MagicStay - Ghost Concierge","og_description":"&nbsp; &nbsp; Locations courte ou moyenne dur\u00e9e &amp; appart-h\u00f4tels MagicStay est le sp\u00e9cialiste de la location courte dur\u00e9e pour les vacances ou les d\u00e9placements professionnels. MagicStay propose des solutions personnalis\u00e9es pour les voyageurs d\u2019affaires ou vos collaborateurs en mobilit\u00e9 professionnelle (expatri\u00e9s, impatri\u00e9s, missions longues\u2026). Pour de la courte ou longue dur\u00e9e, nous vous proposons un [&hellip;]","og_url":"https:\/\/ghost-concierge.com\/fr\/magicstay\/","og_site_name":"Ghost Concierge","article_modified_time":"2021-05-31T12:12:42+00:00","twitter_card":"summary_large_image","twitter_misc":{"Dur\u00e9e de lecture estim\u00e9e":"1 minute"},"schema":{"@context":"https:\/\/schema.org","@graph":[{"@type":"WebPage","@id":"https:\/\/ghost-concierge.com\/fr\/magicstay\/","url":"https:\/\/ghost-concierge.com\/fr\/magicstay\/","name":"MagicStay - Ghost Concierge","isPartOf":{"@id":"https:\/\/ghost-concierge.com\/#website"},"primaryImageOfPage":{"@id":"https:\/\/ghost-concierge.com\/fr\/magicstay\/#primaryimage"},"image":{"@id":"https:\/\/ghost-concierge.com\/fr\/magicstay\/#primaryimage"},"thumbnailUrl":"https:\/\/ghost-concierge.com\/wp-content\/uploads\/2021\/05\/image006.tif","datePublished":"2021-05-30T12:28:18+00:00","dateModified":"2021-05-31T12:12:42+00:00","breadcrumb":{"@id":"https:\/\/ghost-concierge.com\/fr\/magicstay\/#breadcrumb"},"inLanguage":"fr-FR","potentialAction":[{"@type":"ReadAction","target":["https:\/\/ghost-concierge.com\/fr\/magicstay\/"]}]},{"@type":"ImageObject","inLanguage":"fr-FR","@id":"https:\/\/ghost-concierge.com\/fr\/magicstay\/#primaryimage","url":"https:\/\/ghost-concierge.com\/wp-content\/uploads\/2021\/05\/image006.tif","contentUrl":"https:\/\/ghost-concierge.com\/wp-content\/uploads\/2021\/05\/image006.tif"},{"@type":"BreadcrumbList","@id":"https:\/\/ghost-concierge.com\/fr\/magicstay\/#breadcrumb","itemListElement":[{"@type":"ListItem","position":1,"name":"Home","item":"https:\/\/ghost-concierge.com\/fr\/"},{"@type":"ListItem","position":2,"name":"MagicStay"}]},{"@type":"WebSite","@id":"https:\/\/ghost-concierge.com\/#website","url":"https:\/\/ghost-concierge.com\/","name":"Ghost Concierge","description":"Making the luxury of time accessible","potentialAction":[{"@type":"SearchAction","target":{"@type":"EntryPoint","urlTemplate":"https:\/\/ghost-concierge.com\/?s={search_term_string}"},"query-input":{"@type":"PropertyValueSpecification","valueRequired":true,"valueName":"search_term_string"}}],"inLanguage":"fr-FR"}]}},"_links":{"self":[{"href":"https:\/\/ghost-concierge.com\/fr\/wp-json\/wp\/v2\/pages\/814"}],"collection":[{"href":"https:\/\/ghost-concierge.com\/fr\/wp-json\/wp\/v2\/pages"}],"about":[{"href":"https:\/\/ghost-concierge.com\/fr\/wp-json\/wp\/v2\/types\/page"}],"author":[{"embeddable":true,"href":"https:\/\/ghost-concierge.com\/fr\/wp-json\/wp\/v2\/users\/2"}],"replies":[{"embeddable":true,"href":"https:\/\/ghost-concierge.com\/fr\/wp-json\/wp\/v2\/comments?post=814"}],"version-history":[{"count":1,"href":"https:\/\/ghost-concierge.com\/fr\/wp-json\/wp\/v2\/pages\/814\/revisions"}],"predecessor-version":[{"id":821,"href":"https:\/\/ghost-concierge.com\/fr\/wp-json\/wp\/v2\/pages\/814\/revisions\/821"}],"wp:attachment":[{"href":"https:\/\/ghost-concierge.com\/fr\/wp-json\/wp\/v2\/media?parent=814"}],"curies":[{"name":"wp","href":"https:\/\/api.w.org\/{rel}","templated":true}]}}