{"id":795,"date":"2021-05-30T08:00:18","date_gmt":"2021-05-30T12:00:18","guid":{"rendered":"https:\/\/ghost-concierge.com\/?page_id=795"},"modified":"2021-05-31T08:15:06","modified_gmt":"2021-05-31T12:15:06","slug":"passe-montagne","status":"publish","type":"page","link":"https:\/\/ghost-concierge.com\/fr\/passe-montagne\/","title":{"rendered":"Passe Montagne \/ \u00e9t\u00e9"},"content":{"rendered":"<p>&nbsp;<\/p>\n<p><img loading=\"lazy\" decoding=\"async\" class=\"wp-image-800 size-large aligncenter\" src=\"https:\/\/ghost-concierge.com\/wp-content\/uploads\/2021\/05\/encart-ete_1920-1080-1-1024x576.jpg\" alt=\"\" width=\"980\" height=\"551\" srcset=\"https:\/\/ghost-concierge.com\/wp-content\/uploads\/2021\/05\/encart-ete_1920-1080-1-1024x576.jpg 1024w, https:\/\/ghost-concierge.com\/wp-content\/uploads\/2021\/05\/encart-ete_1920-1080-1-300x169.jpg 300w, https:\/\/ghost-concierge.com\/wp-content\/uploads\/2021\/05\/encart-ete_1920-1080-1-768x432.jpg 768w, https:\/\/ghost-concierge.com\/wp-content\/uploads\/2021\/05\/encart-ete_1920-1080-1.jpg 1921w\" sizes=\"(max-width: 980px) 100vw, 980px\" \/><\/p>\n<p>&nbsp;<\/p>\n<p style=\"text-align: center;\"><strong>La Carte\u00a0Passe Montagne<\/strong><\/p>\n<p style=\"text-align: center;\">Profitez \u00e0 100% de la montagne cet \u00e9t\u00e9 !<\/p>\n<p style=\"text-align: center;\"><b>1.<\/b><strong><a href=\"https:\/\/www.passemontagne.fr\/fr\/reductions-forfaits-pietons-vtt\" target=\"_blank\" rel=\"noopener\">Liste des 40 stations l&rsquo;\u00e9t\u00e9<\/a><\/strong><\/p>\n<p style=\"text-align: center;\"><b>2.\u00a0Achetez votre Carte Passe Montagne, elle vous sert de support\u00a0<\/b><\/p>\n<p style=\"text-align: center;\"><b>3. Profitez de vos forfaits\u00a0sans contraintes !<\/b><\/p>\n<p style=\"text-align: center;\"><b>Achat des forfaits en ligne jusqu&rsquo;\u00e0 la derni\u00e8re minute<\/b><\/p>\n<p style=\"text-align: center;\"><b>Carte unique,\u00a0compatible multi-stations<\/b><\/p>\n<p style=\"text-align: center;\"><b>Service client joignable 7j\/7<\/b><\/p>\n<p style=\"text-align: center;\"><strong>4.\u00a0<a href=\"https:\/\/www.passemontagne.fr\/fr\/forfait-ski\/reactivation-carte\/\" target=\"_blank\" rel=\"noopener\">R\u00e9activez votre carte \u00e0 moiti\u00e9 prix<\/a>, les 2 saisons ski suivant son achat<\/strong><\/p>\n<p>&nbsp;<\/p>\n<p style=\"text-align: center;\"><strong>Avec Ghost-concierge c\u2019est \u2013 50% sur le passe<\/strong><\/p>\n<p style=\"text-align: center;\"><em>\u201cR\u00e9clamez votre code promo par SMS aupr\u00e8s de votre assistant personnel\u201d<\/em><\/p>\n<p>&nbsp;<\/p>\n<p class=\"pbtn\" style=\"clear: both; text-align: center;\"><a class=\"pbtn\" style=\"font-size: 18px; float: none; color: #ffffff; border-radius: 0px; background-color: #424242; display: inline-block; padding: 0.5em 0.7em; text-decoration: none; line-height: 1; border: 1px solid #111112;\" href=\"https:\/\/www.passemontagne.fr\/fr\/\" target=\"_blank\" rel=\"noopener\" data-bg-color=\"#424242\"> J&rsquo;y vais<\/a><\/p>\n<p style=\"text-align: center;\">\n","protected":false},"excerpt":{"rendered":"<p>&nbsp; &nbsp; La Carte\u00a0Passe Montagne Profitez \u00e0 100% de la montagne cet \u00e9t\u00e9 ! 1.Liste des 40 stations l&rsquo;\u00e9t\u00e9 2.\u00a0Achetez votre Carte Passe Montagne, elle vous sert de support\u00a0 3. Profitez de vos forfaits\u00a0sans contraintes ! Achat des forfaits en ligne jusqu&rsquo;\u00e0 la derni\u00e8re minute Carte unique,\u00a0compatible multi-stations Service client joignable 7j\/7 4.\u00a0R\u00e9activez votre carte [&hellip;]<\/p>\n","protected":false},"author":2,"featured_media":0,"parent":0,"menu_order":0,"comment_status":"closed","ping_status":"closed","template":"","meta":{"footnotes":""},"class_list":["post-795","page","type-page","status-publish","hentry"],"yoast_head":"<!-- This site is optimized with the Yoast SEO plugin v23.6 - https:\/\/yoast.com\/wordpress\/plugins\/seo\/ -->\n<title>Passe Montagne \/ \u00e9t\u00e9 - Ghost Concierge<\/title>\n<meta name=\"robots\" content=\"noindex, nofollow\" \/>\n<meta property=\"og:locale\" content=\"fr_FR\" \/>\n<meta property=\"og:type\" content=\"article\" \/>\n<meta property=\"og:title\" content=\"Passe Montagne \/ \u00e9t\u00e9 - Ghost Concierge\" \/>\n<meta property=\"og:description\" content=\"&nbsp; &nbsp; La Carte\u00a0Passe Montagne Profitez \u00e0 100% de la montagne cet \u00e9t\u00e9 ! 1.Liste des 40 stations l&rsquo;\u00e9t\u00e9 2.\u00a0Achetez votre Carte Passe Montagne, elle vous sert de support\u00a0 3. Profitez de vos forfaits\u00a0sans contraintes ! Achat des forfaits en ligne jusqu&rsquo;\u00e0 la derni\u00e8re minute Carte unique,\u00a0compatible multi-stations Service client joignable 7j\/7 4.\u00a0R\u00e9activez votre carte [&hellip;]\" \/>\n<meta property=\"og:url\" content=\"https:\/\/ghost-concierge.com\/fr\/passe-montagne\/\" \/>\n<meta property=\"og:site_name\" content=\"Ghost Concierge\" \/>\n<meta property=\"article:modified_time\" content=\"2021-05-31T12:15:06+00:00\" \/>\n<meta property=\"og:image\" content=\"https:\/\/ghost-concierge.com\/wp-content\/uploads\/2021\/05\/encart-ete_1920-1080-1.jpg\" \/>\n\t<meta property=\"og:image:width\" content=\"1921\" \/>\n\t<meta property=\"og:image:height\" content=\"1081\" \/>\n\t<meta property=\"og:image:type\" content=\"image\/jpeg\" \/>\n<meta name=\"twitter:card\" content=\"summary_large_image\" \/>\n<script type=\"application\/ld+json\" class=\"yoast-schema-graph\">{\"@context\":\"https:\/\/schema.org\",\"@graph\":[{\"@type\":\"WebPage\",\"@id\":\"https:\/\/ghost-concierge.com\/fr\/passe-montagne\/\",\"url\":\"https:\/\/ghost-concierge.com\/fr\/passe-montagne\/\",\"name\":\"Passe Montagne \/ \u00e9t\u00e9 - Ghost Concierge\",\"isPartOf\":{\"@id\":\"https:\/\/ghost-concierge.com\/#website\"},\"primaryImageOfPage\":{\"@id\":\"https:\/\/ghost-concierge.com\/fr\/passe-montagne\/#primaryimage\"},\"image\":{\"@id\":\"https:\/\/ghost-concierge.com\/fr\/passe-montagne\/#primaryimage\"},\"thumbnailUrl\":\"https:\/\/ghost-concierge.com\/wp-content\/uploads\/2021\/05\/encart-ete_1920-1080-1-1024x576.jpg\",\"datePublished\":\"2021-05-30T12:00:18+00:00\",\"dateModified\":\"2021-05-31T12:15:06+00:00\",\"breadcrumb\":{\"@id\":\"https:\/\/ghost-concierge.com\/fr\/passe-montagne\/#breadcrumb\"},\"inLanguage\":\"fr-FR\",\"potentialAction\":[{\"@type\":\"ReadAction\",\"target\":[\"https:\/\/ghost-concierge.com\/fr\/passe-montagne\/\"]}]},{\"@type\":\"ImageObject\",\"inLanguage\":\"fr-FR\",\"@id\":\"https:\/\/ghost-concierge.com\/fr\/passe-montagne\/#primaryimage\",\"url\":\"https:\/\/ghost-concierge.com\/wp-content\/uploads\/2021\/05\/encart-ete_1920-1080-1-1024x576.jpg\",\"contentUrl\":\"https:\/\/ghost-concierge.com\/wp-content\/uploads\/2021\/05\/encart-ete_1920-1080-1-1024x576.jpg\"},{\"@type\":\"BreadcrumbList\",\"@id\":\"https:\/\/ghost-concierge.com\/fr\/passe-montagne\/#breadcrumb\",\"itemListElement\":[{\"@type\":\"ListItem\",\"position\":1,\"name\":\"Home\",\"item\":\"https:\/\/ghost-concierge.com\/fr\/\"},{\"@type\":\"ListItem\",\"position\":2,\"name\":\"Passe Montagne \/ \u00e9t\u00e9\"}]},{\"@type\":\"WebSite\",\"@id\":\"https:\/\/ghost-concierge.com\/#website\",\"url\":\"https:\/\/ghost-concierge.com\/\",\"name\":\"Ghost Concierge\",\"description\":\"Making the luxury of time accessible\",\"potentialAction\":[{\"@type\":\"SearchAction\",\"target\":{\"@type\":\"EntryPoint\",\"urlTemplate\":\"https:\/\/ghost-concierge.com\/?s={search_term_string}\"},\"query-input\":{\"@type\":\"PropertyValueSpecification\",\"valueRequired\":true,\"valueName\":\"search_term_string\"}}],\"inLanguage\":\"fr-FR\"}]}<\/script>\n<!-- \/ Yoast SEO plugin. -->","yoast_head_json":{"title":"Passe Montagne \/ \u00e9t\u00e9 - Ghost Concierge","robots":{"index":"noindex","follow":"nofollow"},"og_locale":"fr_FR","og_type":"article","og_title":"Passe Montagne \/ \u00e9t\u00e9 - Ghost Concierge","og_description":"&nbsp; &nbsp; La Carte\u00a0Passe Montagne Profitez \u00e0 100% de la montagne cet \u00e9t\u00e9 ! 1.Liste des 40 stations l&rsquo;\u00e9t\u00e9 2.\u00a0Achetez votre Carte Passe Montagne, elle vous sert de support\u00a0 3. Profitez de vos forfaits\u00a0sans contraintes ! Achat des forfaits en ligne jusqu&rsquo;\u00e0 la derni\u00e8re minute Carte unique,\u00a0compatible multi-stations Service client joignable 7j\/7 4.\u00a0R\u00e9activez votre carte [&hellip;]","og_url":"https:\/\/ghost-concierge.com\/fr\/passe-montagne\/","og_site_name":"Ghost Concierge","article_modified_time":"2021-05-31T12:15:06+00:00","og_image":[{"width":1921,"height":1081,"url":"https:\/\/ghost-concierge.com\/wp-content\/uploads\/2021\/05\/encart-ete_1920-1080-1.jpg","type":"image\/jpeg"}],"twitter_card":"summary_large_image","schema":{"@context":"https:\/\/schema.org","@graph":[{"@type":"WebPage","@id":"https:\/\/ghost-concierge.com\/fr\/passe-montagne\/","url":"https:\/\/ghost-concierge.com\/fr\/passe-montagne\/","name":"Passe Montagne \/ \u00e9t\u00e9 - Ghost Concierge","isPartOf":{"@id":"https:\/\/ghost-concierge.com\/#website"},"primaryImageOfPage":{"@id":"https:\/\/ghost-concierge.com\/fr\/passe-montagne\/#primaryimage"},"image":{"@id":"https:\/\/ghost-concierge.com\/fr\/passe-montagne\/#primaryimage"},"thumbnailUrl":"https:\/\/ghost-concierge.com\/wp-content\/uploads\/2021\/05\/encart-ete_1920-1080-1-1024x576.jpg","datePublished":"2021-05-30T12:00:18+00:00","dateModified":"2021-05-31T12:15:06+00:00","breadcrumb":{"@id":"https:\/\/ghost-concierge.com\/fr\/passe-montagne\/#breadcrumb"},"inLanguage":"fr-FR","potentialAction":[{"@type":"ReadAction","target":["https:\/\/ghost-concierge.com\/fr\/passe-montagne\/"]}]},{"@type":"ImageObject","inLanguage":"fr-FR","@id":"https:\/\/ghost-concierge.com\/fr\/passe-montagne\/#primaryimage","url":"https:\/\/ghost-concierge.com\/wp-content\/uploads\/2021\/05\/encart-ete_1920-1080-1-1024x576.jpg","contentUrl":"https:\/\/ghost-concierge.com\/wp-content\/uploads\/2021\/05\/encart-ete_1920-1080-1-1024x576.jpg"},{"@type":"BreadcrumbList","@id":"https:\/\/ghost-concierge.com\/fr\/passe-montagne\/#breadcrumb","itemListElement":[{"@type":"ListItem","position":1,"name":"Home","item":"https:\/\/ghost-concierge.com\/fr\/"},{"@type":"ListItem","position":2,"name":"Passe Montagne \/ \u00e9t\u00e9"}]},{"@type":"WebSite","@id":"https:\/\/ghost-concierge.com\/#website","url":"https:\/\/ghost-concierge.com\/","name":"Ghost Concierge","description":"Making the luxury of time accessible","potentialAction":[{"@type":"SearchAction","target":{"@type":"EntryPoint","urlTemplate":"https:\/\/ghost-concierge.com\/?s={search_term_string}"},"query-input":{"@type":"PropertyValueSpecification","valueRequired":true,"valueName":"search_term_string"}}],"inLanguage":"fr-FR"}]}},"_links":{"self":[{"href":"https:\/\/ghost-concierge.com\/fr\/wp-json\/wp\/v2\/pages\/795"}],"collection":[{"href":"https:\/\/ghost-concierge.com\/fr\/wp-json\/wp\/v2\/pages"}],"about":[{"href":"https:\/\/ghost-concierge.com\/fr\/wp-json\/wp\/v2\/types\/page"}],"author":[{"embeddable":true,"href":"https:\/\/ghost-concierge.com\/fr\/wp-json\/wp\/v2\/users\/2"}],"replies":[{"embeddable":true,"href":"https:\/\/ghost-concierge.com\/fr\/wp-json\/wp\/v2\/comments?post=795"}],"version-history":[{"count":7,"href":"https:\/\/ghost-concierge.com\/fr\/wp-json\/wp\/v2\/pages\/795\/revisions"}],"predecessor-version":[{"id":849,"href":"https:\/\/ghost-concierge.com\/fr\/wp-json\/wp\/v2\/pages\/795\/revisions\/849"}],"wp:attachment":[{"href":"https:\/\/ghost-concierge.com\/fr\/wp-json\/wp\/v2\/media?parent=795"}],"curies":[{"name":"wp","href":"https:\/\/api.w.org\/{rel}","templated":true}]}}