{"id":781,"date":"2021-05-30T07:41:58","date_gmt":"2021-05-30T11:41:58","guid":{"rendered":"https:\/\/ghost-concierge.com\/?page_id=781"},"modified":"2021-05-31T08:18:56","modified_gmt":"2021-05-31T12:18:56","slug":"washmee","status":"publish","type":"page","link":"https:\/\/ghost-concierge.com\/fr\/washmee\/","title":{"rendered":"Washmee"},"content":{"rendered":"<p>&nbsp;<\/p>\n<p><img loading=\"lazy\" decoding=\"async\" class=\"wp-image-782 size-full aligncenter\" src=\"https:\/\/ghost-concierge.com\/wp-content\/uploads\/2021\/05\/washmee-1.png\" alt=\"\" width=\"512\" height=\"250\" srcset=\"https:\/\/ghost-concierge.com\/wp-content\/uploads\/2021\/05\/washmee-1.png 512w, https:\/\/ghost-concierge.com\/wp-content\/uploads\/2021\/05\/washmee-1-300x146.png 300w\" sizes=\"(max-width: 512px) 100vw, 512px\" \/><\/p>\n<p>&nbsp;<\/p>\n<p style=\"text-align: center;\"><strong>WashMee<\/strong> est la marketplace qui r\u00e9f\u00e9rence l\u2019ensemble des <strong>professionnels du lavage de v\u00e9hicules<\/strong> en France.<\/p>\n<p style=\"text-align: center;\">Un r\u00e9seau de centres fixes et d\u2019intervenants en d\u00e9placement qui valorisent leurs services et leurs offres via notre marque.<\/p>\n<p style=\"text-align: center;\">Forts d\u2019une visibilit\u00e9 nationale, nous mettons en relation les utilisateurs avec les professionnels pouvant r\u00e9pondre aux besoins de chacun. R\u00e9servez en quelques clics votre lavage via notre site ou notre appli mobile.<\/p>\n<p style=\"text-align: center;\">WashMee plus qu\u2019une marque, un \u00e9cosyst\u00e8me du lavage !<\/p>\n<p>&nbsp;<\/p>\n<p style=\"text-align: center;\"><strong>Avec Ghost-concierge vous avez une offre permanente de \u2013 5%<\/strong><\/p>\n<p style=\"text-align: center;\"><em>\u201cR\u00e9clamez votre code promo par SMS aupr\u00e8s de votre assistant personnel\u201d<\/em><\/p>\n<p>&nbsp;<\/p>\n<p class=\"pbtn\" style=\"clear: both; text-align: center;\"><a class=\"pbtn\" style=\"font-size: 18px; float: none; color: #ffffff; border-radius: 0px; background-color: #424242; display: inline-block; padding: 0.5em 0.7em; text-decoration: none; line-height: 1; border: 1px solid #111112;\" href=\"https:\/\/www.washmee.fr\/commander-lavage\/?p=commander-station&amp;c=30047325d9201304e95ffb83105002de\" target=\"_blank\" rel=\"noopener\" data-bg-color=\"#424242\"> J&rsquo;y vais<\/a><\/p>\n","protected":false},"excerpt":{"rendered":"<p>&nbsp; &nbsp; WashMee est la marketplace qui r\u00e9f\u00e9rence l\u2019ensemble des professionnels du lavage de v\u00e9hicules en France. Un r\u00e9seau de centres fixes et d\u2019intervenants en d\u00e9placement qui valorisent leurs services et leurs offres via notre marque. Forts d\u2019une visibilit\u00e9 nationale, nous mettons en relation les utilisateurs avec les professionnels pouvant r\u00e9pondre aux besoins de chacun. [&hellip;]<\/p>\n","protected":false},"author":2,"featured_media":0,"parent":0,"menu_order":0,"comment_status":"closed","ping_status":"closed","template":"","meta":{"footnotes":""},"class_list":["post-781","page","type-page","status-publish","hentry"],"yoast_head":"<!-- This site is optimized with the Yoast SEO plugin v23.6 - https:\/\/yoast.com\/wordpress\/plugins\/seo\/ -->\n<title>Washmee - Ghost Concierge<\/title>\n<meta name=\"robots\" content=\"noindex, nofollow\" \/>\n<meta property=\"og:locale\" content=\"fr_FR\" \/>\n<meta property=\"og:type\" content=\"article\" \/>\n<meta property=\"og:title\" content=\"Washmee - Ghost Concierge\" \/>\n<meta property=\"og:description\" content=\"&nbsp; &nbsp; WashMee est la marketplace qui r\u00e9f\u00e9rence l\u2019ensemble des professionnels du lavage de v\u00e9hicules en France. Un r\u00e9seau de centres fixes et d\u2019intervenants en d\u00e9placement qui valorisent leurs services et leurs offres via notre marque. Forts d\u2019une visibilit\u00e9 nationale, nous mettons en relation les utilisateurs avec les professionnels pouvant r\u00e9pondre aux besoins de chacun. [&hellip;]\" \/>\n<meta property=\"og:url\" content=\"https:\/\/ghost-concierge.com\/fr\/washmee\/\" \/>\n<meta property=\"og:site_name\" content=\"Ghost Concierge\" \/>\n<meta property=\"article:modified_time\" content=\"2021-05-31T12:18:56+00:00\" \/>\n<meta property=\"og:image\" content=\"https:\/\/ghost-concierge.com\/wp-content\/uploads\/2021\/05\/washmee-1.png\" \/>\n\t<meta property=\"og:image:width\" content=\"512\" \/>\n\t<meta property=\"og:image:height\" content=\"250\" \/>\n\t<meta property=\"og:image:type\" content=\"image\/png\" \/>\n<meta name=\"twitter:card\" content=\"summary_large_image\" \/>\n<meta name=\"twitter:label1\" content=\"Dur\u00e9e de lecture estim\u00e9e\" \/>\n\t<meta name=\"twitter:data1\" content=\"1 minute\" \/>\n<script type=\"application\/ld+json\" class=\"yoast-schema-graph\">{\"@context\":\"https:\/\/schema.org\",\"@graph\":[{\"@type\":\"WebPage\",\"@id\":\"https:\/\/ghost-concierge.com\/fr\/washmee\/\",\"url\":\"https:\/\/ghost-concierge.com\/fr\/washmee\/\",\"name\":\"Washmee - Ghost Concierge\",\"isPartOf\":{\"@id\":\"https:\/\/ghost-concierge.com\/#website\"},\"primaryImageOfPage\":{\"@id\":\"https:\/\/ghost-concierge.com\/fr\/washmee\/#primaryimage\"},\"image\":{\"@id\":\"https:\/\/ghost-concierge.com\/fr\/washmee\/#primaryimage\"},\"thumbnailUrl\":\"https:\/\/ghost-concierge.com\/wp-content\/uploads\/2021\/05\/washmee-1.png\",\"datePublished\":\"2021-05-30T11:41:58+00:00\",\"dateModified\":\"2021-05-31T12:18:56+00:00\",\"breadcrumb\":{\"@id\":\"https:\/\/ghost-concierge.com\/fr\/washmee\/#breadcrumb\"},\"inLanguage\":\"fr-FR\",\"potentialAction\":[{\"@type\":\"ReadAction\",\"target\":[\"https:\/\/ghost-concierge.com\/fr\/washmee\/\"]}]},{\"@type\":\"ImageObject\",\"inLanguage\":\"fr-FR\",\"@id\":\"https:\/\/ghost-concierge.com\/fr\/washmee\/#primaryimage\",\"url\":\"https:\/\/ghost-concierge.com\/wp-content\/uploads\/2021\/05\/washmee-1.png\",\"contentUrl\":\"https:\/\/ghost-concierge.com\/wp-content\/uploads\/2021\/05\/washmee-1.png\"},{\"@type\":\"BreadcrumbList\",\"@id\":\"https:\/\/ghost-concierge.com\/fr\/washmee\/#breadcrumb\",\"itemListElement\":[{\"@type\":\"ListItem\",\"position\":1,\"name\":\"Home\",\"item\":\"https:\/\/ghost-concierge.com\/fr\/\"},{\"@type\":\"ListItem\",\"position\":2,\"name\":\"Washmee\"}]},{\"@type\":\"WebSite\",\"@id\":\"https:\/\/ghost-concierge.com\/#website\",\"url\":\"https:\/\/ghost-concierge.com\/\",\"name\":\"Ghost Concierge\",\"description\":\"Making the luxury of time accessible\",\"potentialAction\":[{\"@type\":\"SearchAction\",\"target\":{\"@type\":\"EntryPoint\",\"urlTemplate\":\"https:\/\/ghost-concierge.com\/?s={search_term_string}\"},\"query-input\":{\"@type\":\"PropertyValueSpecification\",\"valueRequired\":true,\"valueName\":\"search_term_string\"}}],\"inLanguage\":\"fr-FR\"}]}<\/script>\n<!-- \/ Yoast SEO plugin. -->","yoast_head_json":{"title":"Washmee - Ghost Concierge","robots":{"index":"noindex","follow":"nofollow"},"og_locale":"fr_FR","og_type":"article","og_title":"Washmee - Ghost Concierge","og_description":"&nbsp; &nbsp; WashMee est la marketplace qui r\u00e9f\u00e9rence l\u2019ensemble des professionnels du lavage de v\u00e9hicules en France. Un r\u00e9seau de centres fixes et d\u2019intervenants en d\u00e9placement qui valorisent leurs services et leurs offres via notre marque. Forts d\u2019une visibilit\u00e9 nationale, nous mettons en relation les utilisateurs avec les professionnels pouvant r\u00e9pondre aux besoins de chacun. [&hellip;]","og_url":"https:\/\/ghost-concierge.com\/fr\/washmee\/","og_site_name":"Ghost Concierge","article_modified_time":"2021-05-31T12:18:56+00:00","og_image":[{"width":512,"height":250,"url":"https:\/\/ghost-concierge.com\/wp-content\/uploads\/2021\/05\/washmee-1.png","type":"image\/png"}],"twitter_card":"summary_large_image","twitter_misc":{"Dur\u00e9e de lecture estim\u00e9e":"1 minute"},"schema":{"@context":"https:\/\/schema.org","@graph":[{"@type":"WebPage","@id":"https:\/\/ghost-concierge.com\/fr\/washmee\/","url":"https:\/\/ghost-concierge.com\/fr\/washmee\/","name":"Washmee - Ghost Concierge","isPartOf":{"@id":"https:\/\/ghost-concierge.com\/#website"},"primaryImageOfPage":{"@id":"https:\/\/ghost-concierge.com\/fr\/washmee\/#primaryimage"},"image":{"@id":"https:\/\/ghost-concierge.com\/fr\/washmee\/#primaryimage"},"thumbnailUrl":"https:\/\/ghost-concierge.com\/wp-content\/uploads\/2021\/05\/washmee-1.png","datePublished":"2021-05-30T11:41:58+00:00","dateModified":"2021-05-31T12:18:56+00:00","breadcrumb":{"@id":"https:\/\/ghost-concierge.com\/fr\/washmee\/#breadcrumb"},"inLanguage":"fr-FR","potentialAction":[{"@type":"ReadAction","target":["https:\/\/ghost-concierge.com\/fr\/washmee\/"]}]},{"@type":"ImageObject","inLanguage":"fr-FR","@id":"https:\/\/ghost-concierge.com\/fr\/washmee\/#primaryimage","url":"https:\/\/ghost-concierge.com\/wp-content\/uploads\/2021\/05\/washmee-1.png","contentUrl":"https:\/\/ghost-concierge.com\/wp-content\/uploads\/2021\/05\/washmee-1.png"},{"@type":"BreadcrumbList","@id":"https:\/\/ghost-concierge.com\/fr\/washmee\/#breadcrumb","itemListElement":[{"@type":"ListItem","position":1,"name":"Home","item":"https:\/\/ghost-concierge.com\/fr\/"},{"@type":"ListItem","position":2,"name":"Washmee"}]},{"@type":"WebSite","@id":"https:\/\/ghost-concierge.com\/#website","url":"https:\/\/ghost-concierge.com\/","name":"Ghost Concierge","description":"Making the luxury of time accessible","potentialAction":[{"@type":"SearchAction","target":{"@type":"EntryPoint","urlTemplate":"https:\/\/ghost-concierge.com\/?s={search_term_string}"},"query-input":{"@type":"PropertyValueSpecification","valueRequired":true,"valueName":"search_term_string"}}],"inLanguage":"fr-FR"}]}},"_links":{"self":[{"href":"https:\/\/ghost-concierge.com\/fr\/wp-json\/wp\/v2\/pages\/781"}],"collection":[{"href":"https:\/\/ghost-concierge.com\/fr\/wp-json\/wp\/v2\/pages"}],"about":[{"href":"https:\/\/ghost-concierge.com\/fr\/wp-json\/wp\/v2\/types\/page"}],"author":[{"embeddable":true,"href":"https:\/\/ghost-concierge.com\/fr\/wp-json\/wp\/v2\/users\/2"}],"replies":[{"embeddable":true,"href":"https:\/\/ghost-concierge.com\/fr\/wp-json\/wp\/v2\/comments?post=781"}],"version-history":[{"count":2,"href":"https:\/\/ghost-concierge.com\/fr\/wp-json\/wp\/v2\/pages\/781\/revisions"}],"predecessor-version":[{"id":856,"href":"https:\/\/ghost-concierge.com\/fr\/wp-json\/wp\/v2\/pages\/781\/revisions\/856"}],"wp:attachment":[{"href":"https:\/\/ghost-concierge.com\/fr\/wp-json\/wp\/v2\/media?parent=781"}],"curies":[{"name":"wp","href":"https:\/\/api.w.org\/{rel}","templated":true}]}}