{"id":743,"date":"2021-05-30T05:09:16","date_gmt":"2021-05-30T09:09:16","guid":{"rendered":"https:\/\/ghost-concierge.com\/?page_id=743"},"modified":"2021-05-31T08:11:20","modified_gmt":"2021-05-31T12:11:20","slug":"laverie-privee","status":"publish","type":"page","link":"https:\/\/ghost-concierge.com\/fr\/laverie-privee\/","title":{"rendered":"Laverie Priv\u00e9e"},"content":{"rendered":"<p>&nbsp;<\/p>\n<p><img loading=\"lazy\" decoding=\"async\" class=\"aligncenter wp-image-744 size-medium\" src=\"https:\/\/ghost-concierge.com\/wp-content\/uploads\/2021\/05\/Laverie-300x200.jpg\" alt=\"\" width=\"300\" height=\"200\" srcset=\"https:\/\/ghost-concierge.com\/wp-content\/uploads\/2021\/05\/Laverie-300x200.jpg 300w, https:\/\/ghost-concierge.com\/wp-content\/uploads\/2021\/05\/Laverie-768x512.jpg 768w, https:\/\/ghost-concierge.com\/wp-content\/uploads\/2021\/05\/Laverie-1024x683.jpg 1024w, https:\/\/ghost-concierge.com\/wp-content\/uploads\/2021\/05\/Laverie.jpg 1086w\" sizes=\"(max-width: 300px) 100vw, 300px\" \/><\/p>\n<p>&nbsp;<\/p>\n<p><strong>\u00a0 \u00a0 \u00a0 \u00a0 \u00a0Laverieprivee<\/strong>, c\u2019est un service de laverie \u00e0 domicile. On collecte votre linge \u00e0 l\u2019adresse de votre choix et on vous le rend lav\u00e9, s\u00e9ch\u00e9 et m\u00eame pli\u00e9 si vous le souhaitez. Afin que notre service soit accessible \u00e0 un maximum, nous proposons des offres \u00e0 des prix comp\u00e9titifs. Notre service est disponible \u00e0 Paris intra-muros et la livraison est gratuite. Pour payer le juste prix nous proposons une tarification au kilo. Le prix varie en fonction du poids de linge que vous souhaitez faire laver. Laverieprivee vous propose des offres \u00e0 partir de 3.00\u20ac le kilo.<\/p>\n<p>&nbsp;<\/p>\n<p style=\"text-align: center;\"><strong>Avec Ghost-concierge vous avez une offre permanente de &#8211; 20%<\/strong><\/p>\n<p style=\"text-align: center;\"><em>\u00ab\u00a0R\u00e9clamez votre code promo par SMS aupr\u00e8s de votre assistant personnel\u00a0\u00bb<\/em><\/p>\n<p>&nbsp;<\/p>\n<p class=\"pbtn\" style=\"clear: both; text-align: center;\"><a class=\"pbtn\" style=\"font-size: 18px; float: none; color: #ffffff; border-radius: 0px; background-color: #424242; display: inline-block; padding: 0.5em 0.7em; text-decoration: none; line-height: 1; border: 1px solid #111112;\" href=\"https:\/\/laverieprivee.com\/\" target=\"_blank\" rel=\"noopener\" data-bg-color=\"#424242\"> J&rsquo;y vais<\/a><\/p>\n<p style=\"text-align: center;\">\n","protected":false},"excerpt":{"rendered":"<p>&nbsp; &nbsp; \u00a0 \u00a0 \u00a0 \u00a0 \u00a0Laverieprivee, c\u2019est un service de laverie \u00e0 domicile. On collecte votre linge \u00e0 l\u2019adresse de votre choix et on vous le rend lav\u00e9, s\u00e9ch\u00e9 et m\u00eame pli\u00e9 si vous le souhaitez. Afin que notre service soit accessible \u00e0 un maximum, nous proposons des offres \u00e0 des prix comp\u00e9titifs. Notre [&hellip;]<\/p>\n","protected":false},"author":2,"featured_media":0,"parent":0,"menu_order":0,"comment_status":"closed","ping_status":"closed","template":"","meta":{"footnotes":""},"class_list":["post-743","page","type-page","status-publish","hentry"],"yoast_head":"<!-- This site is optimized with the Yoast SEO plugin v23.6 - https:\/\/yoast.com\/wordpress\/plugins\/seo\/ -->\n<title>Laverie Priv\u00e9e - Ghost Concierge<\/title>\n<meta name=\"robots\" content=\"noindex, nofollow\" \/>\n<meta property=\"og:locale\" content=\"fr_FR\" \/>\n<meta property=\"og:type\" content=\"article\" \/>\n<meta property=\"og:title\" content=\"Laverie Priv\u00e9e - Ghost Concierge\" \/>\n<meta property=\"og:description\" content=\"&nbsp; &nbsp; \u00a0 \u00a0 \u00a0 \u00a0 \u00a0Laverieprivee, c\u2019est un service de laverie \u00e0 domicile. On collecte votre linge \u00e0 l\u2019adresse de votre choix et on vous le rend lav\u00e9, s\u00e9ch\u00e9 et m\u00eame pli\u00e9 si vous le souhaitez. Afin que notre service soit accessible \u00e0 un maximum, nous proposons des offres \u00e0 des prix comp\u00e9titifs. Notre [&hellip;]\" \/>\n<meta property=\"og:url\" content=\"https:\/\/ghost-concierge.com\/fr\/laverie-privee\/\" \/>\n<meta property=\"og:site_name\" content=\"Ghost Concierge\" \/>\n<meta property=\"article:modified_time\" content=\"2021-05-31T12:11:20+00:00\" \/>\n<meta property=\"og:image\" content=\"https:\/\/ghost-concierge.com\/wp-content\/uploads\/2021\/05\/Laverie.jpg\" \/>\n\t<meta property=\"og:image:width\" content=\"1086\" \/>\n\t<meta property=\"og:image:height\" content=\"724\" \/>\n\t<meta property=\"og:image:type\" content=\"image\/jpeg\" \/>\n<meta name=\"twitter:card\" content=\"summary_large_image\" \/>\n<meta name=\"twitter:label1\" content=\"Dur\u00e9e de lecture estim\u00e9e\" \/>\n\t<meta name=\"twitter:data1\" content=\"1 minute\" \/>\n<script type=\"application\/ld+json\" class=\"yoast-schema-graph\">{\"@context\":\"https:\/\/schema.org\",\"@graph\":[{\"@type\":\"WebPage\",\"@id\":\"https:\/\/ghost-concierge.com\/fr\/laverie-privee\/\",\"url\":\"https:\/\/ghost-concierge.com\/fr\/laverie-privee\/\",\"name\":\"Laverie Priv\u00e9e - Ghost Concierge\",\"isPartOf\":{\"@id\":\"https:\/\/ghost-concierge.com\/#website\"},\"primaryImageOfPage\":{\"@id\":\"https:\/\/ghost-concierge.com\/fr\/laverie-privee\/#primaryimage\"},\"image\":{\"@id\":\"https:\/\/ghost-concierge.com\/fr\/laverie-privee\/#primaryimage\"},\"thumbnailUrl\":\"https:\/\/ghost-concierge.com\/wp-content\/uploads\/2021\/05\/Laverie-300x200.jpg\",\"datePublished\":\"2021-05-30T09:09:16+00:00\",\"dateModified\":\"2021-05-31T12:11:20+00:00\",\"breadcrumb\":{\"@id\":\"https:\/\/ghost-concierge.com\/fr\/laverie-privee\/#breadcrumb\"},\"inLanguage\":\"fr-FR\",\"potentialAction\":[{\"@type\":\"ReadAction\",\"target\":[\"https:\/\/ghost-concierge.com\/fr\/laverie-privee\/\"]}]},{\"@type\":\"ImageObject\",\"inLanguage\":\"fr-FR\",\"@id\":\"https:\/\/ghost-concierge.com\/fr\/laverie-privee\/#primaryimage\",\"url\":\"https:\/\/ghost-concierge.com\/wp-content\/uploads\/2021\/05\/Laverie-300x200.jpg\",\"contentUrl\":\"https:\/\/ghost-concierge.com\/wp-content\/uploads\/2021\/05\/Laverie-300x200.jpg\"},{\"@type\":\"BreadcrumbList\",\"@id\":\"https:\/\/ghost-concierge.com\/fr\/laverie-privee\/#breadcrumb\",\"itemListElement\":[{\"@type\":\"ListItem\",\"position\":1,\"name\":\"Home\",\"item\":\"https:\/\/ghost-concierge.com\/fr\/\"},{\"@type\":\"ListItem\",\"position\":2,\"name\":\"Laverie Priv\u00e9e\"}]},{\"@type\":\"WebSite\",\"@id\":\"https:\/\/ghost-concierge.com\/#website\",\"url\":\"https:\/\/ghost-concierge.com\/\",\"name\":\"Ghost Concierge\",\"description\":\"Making the luxury of time accessible\",\"potentialAction\":[{\"@type\":\"SearchAction\",\"target\":{\"@type\":\"EntryPoint\",\"urlTemplate\":\"https:\/\/ghost-concierge.com\/?s={search_term_string}\"},\"query-input\":{\"@type\":\"PropertyValueSpecification\",\"valueRequired\":true,\"valueName\":\"search_term_string\"}}],\"inLanguage\":\"fr-FR\"}]}<\/script>\n<!-- \/ Yoast SEO plugin. -->","yoast_head_json":{"title":"Laverie Priv\u00e9e - Ghost Concierge","robots":{"index":"noindex","follow":"nofollow"},"og_locale":"fr_FR","og_type":"article","og_title":"Laverie Priv\u00e9e - Ghost Concierge","og_description":"&nbsp; &nbsp; \u00a0 \u00a0 \u00a0 \u00a0 \u00a0Laverieprivee, c\u2019est un service de laverie \u00e0 domicile. On collecte votre linge \u00e0 l\u2019adresse de votre choix et on vous le rend lav\u00e9, s\u00e9ch\u00e9 et m\u00eame pli\u00e9 si vous le souhaitez. Afin que notre service soit accessible \u00e0 un maximum, nous proposons des offres \u00e0 des prix comp\u00e9titifs. Notre [&hellip;]","og_url":"https:\/\/ghost-concierge.com\/fr\/laverie-privee\/","og_site_name":"Ghost Concierge","article_modified_time":"2021-05-31T12:11:20+00:00","og_image":[{"width":1086,"height":724,"url":"https:\/\/ghost-concierge.com\/wp-content\/uploads\/2021\/05\/Laverie.jpg","type":"image\/jpeg"}],"twitter_card":"summary_large_image","twitter_misc":{"Dur\u00e9e de lecture estim\u00e9e":"1 minute"},"schema":{"@context":"https:\/\/schema.org","@graph":[{"@type":"WebPage","@id":"https:\/\/ghost-concierge.com\/fr\/laverie-privee\/","url":"https:\/\/ghost-concierge.com\/fr\/laverie-privee\/","name":"Laverie Priv\u00e9e - Ghost Concierge","isPartOf":{"@id":"https:\/\/ghost-concierge.com\/#website"},"primaryImageOfPage":{"@id":"https:\/\/ghost-concierge.com\/fr\/laverie-privee\/#primaryimage"},"image":{"@id":"https:\/\/ghost-concierge.com\/fr\/laverie-privee\/#primaryimage"},"thumbnailUrl":"https:\/\/ghost-concierge.com\/wp-content\/uploads\/2021\/05\/Laverie-300x200.jpg","datePublished":"2021-05-30T09:09:16+00:00","dateModified":"2021-05-31T12:11:20+00:00","breadcrumb":{"@id":"https:\/\/ghost-concierge.com\/fr\/laverie-privee\/#breadcrumb"},"inLanguage":"fr-FR","potentialAction":[{"@type":"ReadAction","target":["https:\/\/ghost-concierge.com\/fr\/laverie-privee\/"]}]},{"@type":"ImageObject","inLanguage":"fr-FR","@id":"https:\/\/ghost-concierge.com\/fr\/laverie-privee\/#primaryimage","url":"https:\/\/ghost-concierge.com\/wp-content\/uploads\/2021\/05\/Laverie-300x200.jpg","contentUrl":"https:\/\/ghost-concierge.com\/wp-content\/uploads\/2021\/05\/Laverie-300x200.jpg"},{"@type":"BreadcrumbList","@id":"https:\/\/ghost-concierge.com\/fr\/laverie-privee\/#breadcrumb","itemListElement":[{"@type":"ListItem","position":1,"name":"Home","item":"https:\/\/ghost-concierge.com\/fr\/"},{"@type":"ListItem","position":2,"name":"Laverie Priv\u00e9e"}]},{"@type":"WebSite","@id":"https:\/\/ghost-concierge.com\/#website","url":"https:\/\/ghost-concierge.com\/","name":"Ghost Concierge","description":"Making the luxury of time accessible","potentialAction":[{"@type":"SearchAction","target":{"@type":"EntryPoint","urlTemplate":"https:\/\/ghost-concierge.com\/?s={search_term_string}"},"query-input":{"@type":"PropertyValueSpecification","valueRequired":true,"valueName":"search_term_string"}}],"inLanguage":"fr-FR"}]}},"_links":{"self":[{"href":"https:\/\/ghost-concierge.com\/fr\/wp-json\/wp\/v2\/pages\/743"}],"collection":[{"href":"https:\/\/ghost-concierge.com\/fr\/wp-json\/wp\/v2\/pages"}],"about":[{"href":"https:\/\/ghost-concierge.com\/fr\/wp-json\/wp\/v2\/types\/page"}],"author":[{"embeddable":true,"href":"https:\/\/ghost-concierge.com\/fr\/wp-json\/wp\/v2\/users\/2"}],"replies":[{"embeddable":true,"href":"https:\/\/ghost-concierge.com\/fr\/wp-json\/wp\/v2\/comments?post=743"}],"version-history":[{"count":6,"href":"https:\/\/ghost-concierge.com\/fr\/wp-json\/wp\/v2\/pages\/743\/revisions"}],"predecessor-version":[{"id":752,"href":"https:\/\/ghost-concierge.com\/fr\/wp-json\/wp\/v2\/pages\/743\/revisions\/752"}],"wp:attachment":[{"href":"https:\/\/ghost-concierge.com\/fr\/wp-json\/wp\/v2\/media?parent=743"}],"curies":[{"name":"wp","href":"https:\/\/api.w.org\/{rel}","templated":true}]}}