{"id":729,"date":"2021-05-29T10:18:48","date_gmt":"2021-05-29T14:18:48","guid":{"rendered":"https:\/\/ghost-concierge.com\/?page_id=729"},"modified":"2021-05-31T08:12:13","modified_gmt":"2021-05-31T12:12:13","slug":"luko","status":"publish","type":"page","link":"https:\/\/ghost-concierge.com\/fr\/luko\/","title":{"rendered":"Luko"},"content":{"rendered":"<p>&nbsp;<\/p>\n<p><img loading=\"lazy\" decoding=\"async\" class=\"wp-image-732 size-full aligncenter\" src=\"https:\/\/ghost-concierge.com\/wp-content\/uploads\/2021\/05\/luko.png\" alt=\"\" width=\"624\" height=\"337\" srcset=\"https:\/\/ghost-concierge.com\/wp-content\/uploads\/2021\/05\/luko.png 624w, https:\/\/ghost-concierge.com\/wp-content\/uploads\/2021\/05\/luko-300x162.png 300w\" sizes=\"(max-width: 624px) 100vw, 624px\" \/><\/p>\n<p>&nbsp;<\/p>\n<p><span style=\"font-weight: 400;\">\u00a0 \u00a0Et oui, l&rsquo;assurance habitation est souvent une \u00e9tape obligatoire avant d&#8217;emm\u00e9nager dans son logement. Une \u00e9tape p\u00e9nible qui donnerait des angoisses aux moins phobiques de l&rsquo;administratif (et qui peut se transformer en cauchemar le jour o\u00f9 on en a besoin)&#8230; Heureusement, il y a Luko, l&rsquo;assurance habitation \u00e9thique, simple et rapide qui ne vous prend pas la t\u00eate<\/span><\/p>\n<p><span style=\"font-weight: 400;\">\u00a0\u00a0<\/span><\/p>\n<p style=\"text-align: center;\"><span style=\"font-weight: 400;\">Pour ne rien g\u00e2cher, s&rsquo;assurer chez Luko, c&rsquo;est un bon moyen de faire des \u00e9conomies !<\/span><\/p>\n<p style=\"text-align: center;\"><span style=\"font-weight: 400;\">\u00a0\u00a0\ud83d\udcb8 Luko est jusqu&rsquo;\u00e0 25% moins cher que les assurances traditionnelles.<\/span><\/p>\n<p style=\"text-align: center;\"><span style=\"font-weight: 400;\">\u00a0\u00a0\ud83e\udd17 Votre fid\u00e9lit\u00e9 est r\u00e9compens\u00e9e : les prix pour les clients d\u00e9j\u00e0 assur\u00e9s n&rsquo;ont pas augment\u00e9 ni en 2019, ni en 2020 !<\/span><\/p>\n<p>&nbsp;<\/p>\n<p style=\"text-align: center;\"><strong>Avec Ghost-concierge c&rsquo;est :\u00a01 mois d\u2019assurance habitation offert!<\/strong><\/p>\n<p>&nbsp;<\/p>\n<p class=\"pbtn\" style=\"clear: both; text-align: center;\"><a class=\"pbtn\" style=\"font-size: 18px; float: none; color: #ffffff; border-radius: 0px; background-color: #424242; display: inline-block; padding: 0.5em 0.7em; text-decoration: none; line-height: 1; border: 1px solid #111112;\" href=\"https:\/\/www.luko.eu\/fr\/onboarding?utm_source=Partner&amp;utm_medium=services&amp;utm_campaign=ghostconcierge&amp;pc=gcxlk&amp;product=mrh&amp;utm_term=HomeFR\" target=\"_blank\" rel=\"noopener\" data-bg-color=\"#424242\"> J&rsquo;y vais<\/a><\/p>\n<p><span style=\"font-weight: 400;\">\u00a0<\/span><\/p>\n","protected":false},"excerpt":{"rendered":"<p>&nbsp; &nbsp; \u00a0 \u00a0Et oui, l&rsquo;assurance habitation est souvent une \u00e9tape obligatoire avant d&#8217;emm\u00e9nager dans son logement. Une \u00e9tape p\u00e9nible qui donnerait des angoisses aux moins phobiques de l&rsquo;administratif (et qui peut se transformer en cauchemar le jour o\u00f9 on en a besoin)&#8230; Heureusement, il y a Luko, l&rsquo;assurance habitation \u00e9thique, simple et rapide qui [&hellip;]<\/p>\n","protected":false},"author":2,"featured_media":0,"parent":0,"menu_order":0,"comment_status":"closed","ping_status":"closed","template":"","meta":{"footnotes":""},"class_list":["post-729","page","type-page","status-publish","hentry"],"yoast_head":"<!-- This site is optimized with the Yoast SEO plugin v23.6 - https:\/\/yoast.com\/wordpress\/plugins\/seo\/ -->\n<title>Luko - Ghost Concierge<\/title>\n<meta name=\"robots\" content=\"noindex, nofollow\" \/>\n<meta property=\"og:locale\" content=\"fr_FR\" \/>\n<meta property=\"og:type\" content=\"article\" \/>\n<meta property=\"og:title\" content=\"Luko - Ghost Concierge\" \/>\n<meta property=\"og:description\" content=\"&nbsp; &nbsp; \u00a0 \u00a0Et oui, l&rsquo;assurance habitation est souvent une \u00e9tape obligatoire avant d&#8217;emm\u00e9nager dans son logement. Une \u00e9tape p\u00e9nible qui donnerait des angoisses aux moins phobiques de l&rsquo;administratif (et qui peut se transformer en cauchemar le jour o\u00f9 on en a besoin)&#8230; Heureusement, il y a Luko, l&rsquo;assurance habitation \u00e9thique, simple et rapide qui [&hellip;]\" \/>\n<meta property=\"og:url\" content=\"https:\/\/ghost-concierge.com\/fr\/luko\/\" \/>\n<meta property=\"og:site_name\" content=\"Ghost Concierge\" \/>\n<meta property=\"article:modified_time\" content=\"2021-05-31T12:12:13+00:00\" \/>\n<meta property=\"og:image\" content=\"https:\/\/ghost-concierge.com\/wp-content\/uploads\/2021\/05\/luko.png\" \/>\n\t<meta property=\"og:image:width\" content=\"624\" \/>\n\t<meta property=\"og:image:height\" content=\"337\" \/>\n\t<meta property=\"og:image:type\" content=\"image\/png\" \/>\n<meta name=\"twitter:card\" content=\"summary_large_image\" \/>\n<meta name=\"twitter:label1\" content=\"Dur\u00e9e de lecture estim\u00e9e\" \/>\n\t<meta name=\"twitter:data1\" content=\"1 minute\" \/>\n<script type=\"application\/ld+json\" class=\"yoast-schema-graph\">{\"@context\":\"https:\/\/schema.org\",\"@graph\":[{\"@type\":\"WebPage\",\"@id\":\"https:\/\/ghost-concierge.com\/fr\/luko\/\",\"url\":\"https:\/\/ghost-concierge.com\/fr\/luko\/\",\"name\":\"Luko - Ghost Concierge\",\"isPartOf\":{\"@id\":\"https:\/\/ghost-concierge.com\/#website\"},\"primaryImageOfPage\":{\"@id\":\"https:\/\/ghost-concierge.com\/fr\/luko\/#primaryimage\"},\"image\":{\"@id\":\"https:\/\/ghost-concierge.com\/fr\/luko\/#primaryimage\"},\"thumbnailUrl\":\"https:\/\/ghost-concierge.com\/wp-content\/uploads\/2021\/05\/luko.png\",\"datePublished\":\"2021-05-29T14:18:48+00:00\",\"dateModified\":\"2021-05-31T12:12:13+00:00\",\"breadcrumb\":{\"@id\":\"https:\/\/ghost-concierge.com\/fr\/luko\/#breadcrumb\"},\"inLanguage\":\"fr-FR\",\"potentialAction\":[{\"@type\":\"ReadAction\",\"target\":[\"https:\/\/ghost-concierge.com\/fr\/luko\/\"]}]},{\"@type\":\"ImageObject\",\"inLanguage\":\"fr-FR\",\"@id\":\"https:\/\/ghost-concierge.com\/fr\/luko\/#primaryimage\",\"url\":\"https:\/\/ghost-concierge.com\/wp-content\/uploads\/2021\/05\/luko.png\",\"contentUrl\":\"https:\/\/ghost-concierge.com\/wp-content\/uploads\/2021\/05\/luko.png\"},{\"@type\":\"BreadcrumbList\",\"@id\":\"https:\/\/ghost-concierge.com\/fr\/luko\/#breadcrumb\",\"itemListElement\":[{\"@type\":\"ListItem\",\"position\":1,\"name\":\"Home\",\"item\":\"https:\/\/ghost-concierge.com\/fr\/\"},{\"@type\":\"ListItem\",\"position\":2,\"name\":\"Luko\"}]},{\"@type\":\"WebSite\",\"@id\":\"https:\/\/ghost-concierge.com\/#website\",\"url\":\"https:\/\/ghost-concierge.com\/\",\"name\":\"Ghost Concierge\",\"description\":\"Making the luxury of time accessible\",\"potentialAction\":[{\"@type\":\"SearchAction\",\"target\":{\"@type\":\"EntryPoint\",\"urlTemplate\":\"https:\/\/ghost-concierge.com\/?s={search_term_string}\"},\"query-input\":{\"@type\":\"PropertyValueSpecification\",\"valueRequired\":true,\"valueName\":\"search_term_string\"}}],\"inLanguage\":\"fr-FR\"}]}<\/script>\n<!-- \/ Yoast SEO plugin. -->","yoast_head_json":{"title":"Luko - Ghost Concierge","robots":{"index":"noindex","follow":"nofollow"},"og_locale":"fr_FR","og_type":"article","og_title":"Luko - Ghost Concierge","og_description":"&nbsp; &nbsp; \u00a0 \u00a0Et oui, l&rsquo;assurance habitation est souvent une \u00e9tape obligatoire avant d&#8217;emm\u00e9nager dans son logement. Une \u00e9tape p\u00e9nible qui donnerait des angoisses aux moins phobiques de l&rsquo;administratif (et qui peut se transformer en cauchemar le jour o\u00f9 on en a besoin)&#8230; Heureusement, il y a Luko, l&rsquo;assurance habitation \u00e9thique, simple et rapide qui [&hellip;]","og_url":"https:\/\/ghost-concierge.com\/fr\/luko\/","og_site_name":"Ghost Concierge","article_modified_time":"2021-05-31T12:12:13+00:00","og_image":[{"width":624,"height":337,"url":"https:\/\/ghost-concierge.com\/wp-content\/uploads\/2021\/05\/luko.png","type":"image\/png"}],"twitter_card":"summary_large_image","twitter_misc":{"Dur\u00e9e de lecture estim\u00e9e":"1 minute"},"schema":{"@context":"https:\/\/schema.org","@graph":[{"@type":"WebPage","@id":"https:\/\/ghost-concierge.com\/fr\/luko\/","url":"https:\/\/ghost-concierge.com\/fr\/luko\/","name":"Luko - Ghost Concierge","isPartOf":{"@id":"https:\/\/ghost-concierge.com\/#website"},"primaryImageOfPage":{"@id":"https:\/\/ghost-concierge.com\/fr\/luko\/#primaryimage"},"image":{"@id":"https:\/\/ghost-concierge.com\/fr\/luko\/#primaryimage"},"thumbnailUrl":"https:\/\/ghost-concierge.com\/wp-content\/uploads\/2021\/05\/luko.png","datePublished":"2021-05-29T14:18:48+00:00","dateModified":"2021-05-31T12:12:13+00:00","breadcrumb":{"@id":"https:\/\/ghost-concierge.com\/fr\/luko\/#breadcrumb"},"inLanguage":"fr-FR","potentialAction":[{"@type":"ReadAction","target":["https:\/\/ghost-concierge.com\/fr\/luko\/"]}]},{"@type":"ImageObject","inLanguage":"fr-FR","@id":"https:\/\/ghost-concierge.com\/fr\/luko\/#primaryimage","url":"https:\/\/ghost-concierge.com\/wp-content\/uploads\/2021\/05\/luko.png","contentUrl":"https:\/\/ghost-concierge.com\/wp-content\/uploads\/2021\/05\/luko.png"},{"@type":"BreadcrumbList","@id":"https:\/\/ghost-concierge.com\/fr\/luko\/#breadcrumb","itemListElement":[{"@type":"ListItem","position":1,"name":"Home","item":"https:\/\/ghost-concierge.com\/fr\/"},{"@type":"ListItem","position":2,"name":"Luko"}]},{"@type":"WebSite","@id":"https:\/\/ghost-concierge.com\/#website","url":"https:\/\/ghost-concierge.com\/","name":"Ghost Concierge","description":"Making the luxury of time accessible","potentialAction":[{"@type":"SearchAction","target":{"@type":"EntryPoint","urlTemplate":"https:\/\/ghost-concierge.com\/?s={search_term_string}"},"query-input":{"@type":"PropertyValueSpecification","valueRequired":true,"valueName":"search_term_string"}}],"inLanguage":"fr-FR"}]}},"_links":{"self":[{"href":"https:\/\/ghost-concierge.com\/fr\/wp-json\/wp\/v2\/pages\/729"}],"collection":[{"href":"https:\/\/ghost-concierge.com\/fr\/wp-json\/wp\/v2\/pages"}],"about":[{"href":"https:\/\/ghost-concierge.com\/fr\/wp-json\/wp\/v2\/types\/page"}],"author":[{"embeddable":true,"href":"https:\/\/ghost-concierge.com\/fr\/wp-json\/wp\/v2\/users\/2"}],"replies":[{"embeddable":true,"href":"https:\/\/ghost-concierge.com\/fr\/wp-json\/wp\/v2\/comments?post=729"}],"version-history":[{"count":2,"href":"https:\/\/ghost-concierge.com\/fr\/wp-json\/wp\/v2\/pages\/729\/revisions"}],"predecessor-version":[{"id":735,"href":"https:\/\/ghost-concierge.com\/fr\/wp-json\/wp\/v2\/pages\/729\/revisions\/735"}],"wp:attachment":[{"href":"https:\/\/ghost-concierge.com\/fr\/wp-json\/wp\/v2\/media?parent=729"}],"curies":[{"name":"wp","href":"https:\/\/api.w.org\/{rel}","templated":true}]}}