{"id":709,"date":"2021-05-29T09:42:00","date_gmt":"2021-05-29T13:42:00","guid":{"rendered":"https:\/\/ghost-concierge.com\/?page_id=709"},"modified":"2021-05-31T08:17:20","modified_gmt":"2021-05-31T12:17:20","slug":"quitoque","status":"publish","type":"page","link":"https:\/\/ghost-concierge.com\/fr\/quitoque\/","title":{"rendered":"Quitoque"},"content":{"rendered":"<p>&nbsp;<\/p>\n<p style=\"text-align: left;\">\u00a0 \u00a0\u00a0<img loading=\"lazy\" decoding=\"async\" class=\"size-medium wp-image-716 aligncenter\" src=\"https:\/\/ghost-concierge.com\/wp-content\/uploads\/2021\/05\/panier_ingr\u00e9dients-1-300x186.png\" alt=\"\" width=\"300\" height=\"186\" srcset=\"https:\/\/ghost-concierge.com\/wp-content\/uploads\/2021\/05\/panier_ingr\u00e9dients-1-300x186.png 300w, https:\/\/ghost-concierge.com\/wp-content\/uploads\/2021\/05\/panier_ingr\u00e9dients-1-768x475.png 768w, https:\/\/ghost-concierge.com\/wp-content\/uploads\/2021\/05\/panier_ingr\u00e9dients-1-1024x634.png 1024w, https:\/\/ghost-concierge.com\/wp-content\/uploads\/2021\/05\/panier_ingr\u00e9dients-1.png 1896w\" sizes=\"(max-width: 300px) 100vw, 300px\" \/><\/p>\n<p>&nbsp;<\/p>\n<p><b>Quitoque livre \u00e0 domicile, partout en France, des ingr\u00e9dients frais de saison et des fiches-recettes pour cuisiner soi-m\u00eame <\/b><\/p>\n<p style=\"text-align: center;\"><b>ses repas de la semaine.<\/b><\/p>\n<p><span style=\"font-weight: 400;\">Fini les courses et les pannes d&rsquo;inspiration ! Avec Quitoque, variez les plaisirs en choisissant parmi 27 nouvelles recettes \u00e0 cuisiner chaque semaine en 30 minutes chrono ! Faites vous livrer des ingr\u00e9dients frais 100% de saison et des fiches-recettes d\u00e9taill\u00e9es \u00e0 domicile partout en France !<\/span><\/p>\n<h4><b>Pourquoi choisir Quitoque ?<\/b><\/h4>\n<ul>\n<li style=\"font-weight: 400;\" aria-level=\"1\">\n<h4><span style=\"font-weight: 400;\">Ingr\u00e9dients 100% de saison, majoritairement fran\u00e7ais, produits labellis\u00e9s et bio privil\u00e9gi\u00e9s<\/span><\/h4>\n<\/li>\n<li style=\"font-weight: 400;\" aria-level=\"1\">\n<h4><span style=\"font-weight: 400;\">27 nouvelles recettes par semaine, imagin\u00e9es par notre \u00e9quipe de chefs (healthy, gourmandes, vegan&#8230; il y en a pour tous les go\u00fbts !)<\/span><\/h4>\n<\/li>\n<li style=\"font-weight: 400;\" aria-level=\"1\">\n<h4><span style=\"font-weight: 400;\">Des plats \u00e9quilibr\u00e9s et d\u00e9licieux \u00e0 cuisiner soi-m\u00eames en 30 min seulement<\/span><\/h4>\n<\/li>\n<li style=\"font-weight: 400;\" aria-level=\"1\">\n<h4><span style=\"font-weight: 400;\">La livraison offerte partout en France\u00a0<\/span><\/h4>\n<\/li>\n<li style=\"font-weight: 400;\" aria-level=\"1\">\n<h4><span style=\"font-weight: 400;\">Les justes quantit\u00e9s pour lutter contre le gaspillage<\/span><\/h4>\n<\/li>\n<li style=\"font-weight: 400;\" aria-level=\"1\">\n<h4><span style=\"font-weight: 400;\">Le plaisir de se remettre derri\u00e8re les fourneaux<\/span><\/h4>\n<\/li>\n<\/ul>\n<p><b>Comment \u00e7a marche ?<\/b><\/p>\n<p><span style=\"font-weight: 400;\">&#8211; Je choisis les recettes qui me plaisent, pour le nombre de personnes de mon choix.<\/span><\/p>\n<p><span style=\"font-weight: 400;\">&#8211; Au moment de valider mon panier, j\u2019ajoute le code de r\u00e9duction<\/span><\/p>\n<p><span style=\"font-weight: 400;\">&#8211; Je choisis ma date, mon lieu et mon cr\u00e9neau de livraison. Et le tour est jou\u00e9, je me fais livrer \u00e0 domicile, partout en France !<\/span><\/p>\n<p><span style=\"font-weight: 400;\">&#8211; Je cuisine de bons petits plats<\/span><\/p>\n<p>&nbsp;<\/p>\n<p style=\"text-align: center;\"><img loading=\"lazy\" decoding=\"async\" class=\"size-medium wp-image-714 aligncenter\" src=\"https:\/\/ghost-concierge.com\/wp-content\/uploads\/2021\/05\/unnamed-300x200.jpg\" alt=\"\" width=\"300\" height=\"200\" srcset=\"https:\/\/ghost-concierge.com\/wp-content\/uploads\/2021\/05\/unnamed-300x200.jpg 300w, https:\/\/ghost-concierge.com\/wp-content\/uploads\/2021\/05\/unnamed-768x512.jpg 768w, https:\/\/ghost-concierge.com\/wp-content\/uploads\/2021\/05\/unnamed-1024x683.jpg 1024w\" sizes=\"(max-width: 300px) 100vw, 300px\" \/><\/p>\n<p>&nbsp;<\/p>\n<p style=\"text-align: center;\"><strong>Avec ghost-concierge c&rsquo;est : 3&#215;20\u20ac de r\u00e9duction sur les 3 premiers paniers \u00e0 cuisiner d\u00e8s 57\u20ac d&rsquo;achat (soit 60\u20ac en tout)<\/strong><\/p>\n<p>&nbsp;<\/p>\n<p class=\"pbtn\" style=\"clear: both; text-align: center;\"><a class=\"pbtn\" style=\"font-size: 18px; float: none; color: #ffffff; border-radius: 0px; background-color: #424242; display: inline-block; padding: 0.5em 0.7em; text-decoration: none; line-height: 1; border: 1px solid #111112;\" href=\"https:\/\/www.quitoque.fr\/votre-premier-panier?utm_source=part&amp;utm_medium=email&amp;utm_campaign=GhostConcierge&amp;voucher=GHOST60\" target=\"_blank\" rel=\"noopener\" data-bg-color=\"#424242\"> J&rsquo;y vais<\/a><\/p>\n<p>&nbsp;<\/p>\n","protected":false},"excerpt":{"rendered":"<p>&nbsp; \u00a0 \u00a0\u00a0 &nbsp; Quitoque livre \u00e0 domicile, partout en France, des ingr\u00e9dients frais de saison et des fiches-recettes pour cuisiner soi-m\u00eame ses repas de la semaine. Fini les courses et les pannes d&rsquo;inspiration ! Avec Quitoque, variez les plaisirs en choisissant parmi 27 nouvelles recettes \u00e0 cuisiner chaque semaine en 30 minutes chrono ! [&hellip;]<\/p>\n","protected":false},"author":2,"featured_media":0,"parent":0,"menu_order":0,"comment_status":"closed","ping_status":"closed","template":"","meta":{"footnotes":""},"class_list":["post-709","page","type-page","status-publish","hentry"],"yoast_head":"<!-- This site is optimized with the Yoast SEO plugin v23.6 - https:\/\/yoast.com\/wordpress\/plugins\/seo\/ -->\n<title>Quitoque - Ghost Concierge<\/title>\n<meta name=\"robots\" content=\"noindex, nofollow\" \/>\n<meta property=\"og:locale\" content=\"fr_FR\" \/>\n<meta property=\"og:type\" content=\"article\" \/>\n<meta property=\"og:title\" content=\"Quitoque - Ghost Concierge\" \/>\n<meta property=\"og:description\" content=\"&nbsp; \u00a0 \u00a0\u00a0 &nbsp; Quitoque livre \u00e0 domicile, partout en France, des ingr\u00e9dients frais de saison et des fiches-recettes pour cuisiner soi-m\u00eame ses repas de la semaine. Fini les courses et les pannes d&rsquo;inspiration ! Avec Quitoque, variez les plaisirs en choisissant parmi 27 nouvelles recettes \u00e0 cuisiner chaque semaine en 30 minutes chrono ! [&hellip;]\" \/>\n<meta property=\"og:url\" content=\"https:\/\/ghost-concierge.com\/fr\/quitoque\/\" \/>\n<meta property=\"og:site_name\" content=\"Ghost Concierge\" \/>\n<meta property=\"article:modified_time\" content=\"2021-05-31T12:17:20+00:00\" \/>\n<meta property=\"og:image\" content=\"https:\/\/ghost-concierge.com\/wp-content\/uploads\/2021\/05\/panier_ingr\u00e9dients-1-300x186.png\" \/>\n<meta name=\"twitter:card\" content=\"summary_large_image\" \/>\n<meta name=\"twitter:label1\" content=\"Dur\u00e9e de lecture estim\u00e9e\" \/>\n\t<meta name=\"twitter:data1\" content=\"1 minute\" \/>\n<script type=\"application\/ld+json\" class=\"yoast-schema-graph\">{\"@context\":\"https:\/\/schema.org\",\"@graph\":[{\"@type\":\"WebPage\",\"@id\":\"https:\/\/ghost-concierge.com\/fr\/quitoque\/\",\"url\":\"https:\/\/ghost-concierge.com\/fr\/quitoque\/\",\"name\":\"Quitoque - Ghost Concierge\",\"isPartOf\":{\"@id\":\"https:\/\/ghost-concierge.com\/#website\"},\"primaryImageOfPage\":{\"@id\":\"https:\/\/ghost-concierge.com\/fr\/quitoque\/#primaryimage\"},\"image\":{\"@id\":\"https:\/\/ghost-concierge.com\/fr\/quitoque\/#primaryimage\"},\"thumbnailUrl\":\"https:\/\/ghost-concierge.com\/wp-content\/uploads\/2021\/05\/unnamed-300x200.jpg\",\"datePublished\":\"2021-05-29T13:42:00+00:00\",\"dateModified\":\"2021-05-31T12:17:20+00:00\",\"breadcrumb\":{\"@id\":\"https:\/\/ghost-concierge.com\/fr\/quitoque\/#breadcrumb\"},\"inLanguage\":\"fr-FR\",\"potentialAction\":[{\"@type\":\"ReadAction\",\"target\":[\"https:\/\/ghost-concierge.com\/fr\/quitoque\/\"]}]},{\"@type\":\"ImageObject\",\"inLanguage\":\"fr-FR\",\"@id\":\"https:\/\/ghost-concierge.com\/fr\/quitoque\/#primaryimage\",\"url\":\"https:\/\/ghost-concierge.com\/wp-content\/uploads\/2021\/05\/unnamed-300x200.jpg\",\"contentUrl\":\"https:\/\/ghost-concierge.com\/wp-content\/uploads\/2021\/05\/unnamed-300x200.jpg\"},{\"@type\":\"BreadcrumbList\",\"@id\":\"https:\/\/ghost-concierge.com\/fr\/quitoque\/#breadcrumb\",\"itemListElement\":[{\"@type\":\"ListItem\",\"position\":1,\"name\":\"Home\",\"item\":\"https:\/\/ghost-concierge.com\/fr\/\"},{\"@type\":\"ListItem\",\"position\":2,\"name\":\"Quitoque\"}]},{\"@type\":\"WebSite\",\"@id\":\"https:\/\/ghost-concierge.com\/#website\",\"url\":\"https:\/\/ghost-concierge.com\/\",\"name\":\"Ghost Concierge\",\"description\":\"Making the luxury of time accessible\",\"potentialAction\":[{\"@type\":\"SearchAction\",\"target\":{\"@type\":\"EntryPoint\",\"urlTemplate\":\"https:\/\/ghost-concierge.com\/?s={search_term_string}\"},\"query-input\":{\"@type\":\"PropertyValueSpecification\",\"valueRequired\":true,\"valueName\":\"search_term_string\"}}],\"inLanguage\":\"fr-FR\"}]}<\/script>\n<!-- \/ Yoast SEO plugin. -->","yoast_head_json":{"title":"Quitoque - Ghost Concierge","robots":{"index":"noindex","follow":"nofollow"},"og_locale":"fr_FR","og_type":"article","og_title":"Quitoque - Ghost Concierge","og_description":"&nbsp; \u00a0 \u00a0\u00a0 &nbsp; Quitoque livre \u00e0 domicile, partout en France, des ingr\u00e9dients frais de saison et des fiches-recettes pour cuisiner soi-m\u00eame ses repas de la semaine. Fini les courses et les pannes d&rsquo;inspiration ! Avec Quitoque, variez les plaisirs en choisissant parmi 27 nouvelles recettes \u00e0 cuisiner chaque semaine en 30 minutes chrono ! [&hellip;]","og_url":"https:\/\/ghost-concierge.com\/fr\/quitoque\/","og_site_name":"Ghost Concierge","article_modified_time":"2021-05-31T12:17:20+00:00","og_image":[{"url":"https:\/\/ghost-concierge.com\/wp-content\/uploads\/2021\/05\/panier_ingr\u00e9dients-1-300x186.png"}],"twitter_card":"summary_large_image","twitter_misc":{"Dur\u00e9e de lecture estim\u00e9e":"1 minute"},"schema":{"@context":"https:\/\/schema.org","@graph":[{"@type":"WebPage","@id":"https:\/\/ghost-concierge.com\/fr\/quitoque\/","url":"https:\/\/ghost-concierge.com\/fr\/quitoque\/","name":"Quitoque - Ghost Concierge","isPartOf":{"@id":"https:\/\/ghost-concierge.com\/#website"},"primaryImageOfPage":{"@id":"https:\/\/ghost-concierge.com\/fr\/quitoque\/#primaryimage"},"image":{"@id":"https:\/\/ghost-concierge.com\/fr\/quitoque\/#primaryimage"},"thumbnailUrl":"https:\/\/ghost-concierge.com\/wp-content\/uploads\/2021\/05\/unnamed-300x200.jpg","datePublished":"2021-05-29T13:42:00+00:00","dateModified":"2021-05-31T12:17:20+00:00","breadcrumb":{"@id":"https:\/\/ghost-concierge.com\/fr\/quitoque\/#breadcrumb"},"inLanguage":"fr-FR","potentialAction":[{"@type":"ReadAction","target":["https:\/\/ghost-concierge.com\/fr\/quitoque\/"]}]},{"@type":"ImageObject","inLanguage":"fr-FR","@id":"https:\/\/ghost-concierge.com\/fr\/quitoque\/#primaryimage","url":"https:\/\/ghost-concierge.com\/wp-content\/uploads\/2021\/05\/unnamed-300x200.jpg","contentUrl":"https:\/\/ghost-concierge.com\/wp-content\/uploads\/2021\/05\/unnamed-300x200.jpg"},{"@type":"BreadcrumbList","@id":"https:\/\/ghost-concierge.com\/fr\/quitoque\/#breadcrumb","itemListElement":[{"@type":"ListItem","position":1,"name":"Home","item":"https:\/\/ghost-concierge.com\/fr\/"},{"@type":"ListItem","position":2,"name":"Quitoque"}]},{"@type":"WebSite","@id":"https:\/\/ghost-concierge.com\/#website","url":"https:\/\/ghost-concierge.com\/","name":"Ghost Concierge","description":"Making the luxury of time accessible","potentialAction":[{"@type":"SearchAction","target":{"@type":"EntryPoint","urlTemplate":"https:\/\/ghost-concierge.com\/?s={search_term_string}"},"query-input":{"@type":"PropertyValueSpecification","valueRequired":true,"valueName":"search_term_string"}}],"inLanguage":"fr-FR"}]}},"_links":{"self":[{"href":"https:\/\/ghost-concierge.com\/fr\/wp-json\/wp\/v2\/pages\/709"}],"collection":[{"href":"https:\/\/ghost-concierge.com\/fr\/wp-json\/wp\/v2\/pages"}],"about":[{"href":"https:\/\/ghost-concierge.com\/fr\/wp-json\/wp\/v2\/types\/page"}],"author":[{"embeddable":true,"href":"https:\/\/ghost-concierge.com\/fr\/wp-json\/wp\/v2\/users\/2"}],"replies":[{"embeddable":true,"href":"https:\/\/ghost-concierge.com\/fr\/wp-json\/wp\/v2\/comments?post=709"}],"version-history":[{"count":6,"href":"https:\/\/ghost-concierge.com\/fr\/wp-json\/wp\/v2\/pages\/709\/revisions"}],"predecessor-version":[{"id":727,"href":"https:\/\/ghost-concierge.com\/fr\/wp-json\/wp\/v2\/pages\/709\/revisions\/727"}],"wp:attachment":[{"href":"https:\/\/ghost-concierge.com\/fr\/wp-json\/wp\/v2\/media?parent=709"}],"curies":[{"name":"wp","href":"https:\/\/api.w.org\/{rel}","templated":true}]}}