{"id":686,"date":"2021-05-29T08:35:18","date_gmt":"2021-05-29T12:35:18","guid":{"rendered":"https:\/\/ghost-concierge.com\/?page_id=686"},"modified":"2021-05-31T08:10:54","modified_gmt":"2021-05-31T12:10:54","slug":"famileat","status":"publish","type":"page","link":"https:\/\/ghost-concierge.com\/fr\/famileat\/","title":{"rendered":"FamilEat"},"content":{"rendered":"<p>&nbsp;<\/p>\n<p><img loading=\"lazy\" decoding=\"async\" class=\"size-full wp-image-584 aligncenter\" src=\"https:\/\/ghost-concierge.com\/wp-content\/uploads\/2021\/05\/FamilEat.png\" alt=\"\" width=\"285\" height=\"177\" \/><\/p>\n<p>&nbsp;<\/p>\n<p style=\"text-align: center;\">Chez <strong>FamilEat<\/strong>, nous cuisinons pour vous et livrons dans\u00a0<strong>toute la France<\/strong>\u00a0des plats pr\u00e9par\u00e9s comme \u00e0 la maison :<\/p>\n<ul>\n<li><strong>Gourmand<\/strong>\u00a0: Des menus vari\u00e9s et \u00e9labor\u00e9s par un grand chef de la gastronomie Fran\u00e7aise.<\/li>\n<li><strong>Sain<\/strong>\u00a0: Recettes \u00e0 base de produits d\u2019origine France, frais et de saison, sans additif ni conservateur.<\/li>\n<li><strong>Pratique<\/strong>\u00a0: Conservation 15 jours au frais, pr\u00eats \u00e0 d\u00e9guster en 5 minutes seulement.<\/li>\n<li><strong>Engag\u00e9<\/strong>\u00a0: Cuisine anti-gaspi \u00e0 la commande. Livraison dans toute la France gr\u00e2ce \u00e0 un syst\u00e8me innovant de glaci\u00e8re \u00e9ph\u00e9m\u00e8re et recyclable.<\/li>\n<li><strong>\u00c9conomique<\/strong>\u00a0: \u00c0 partir de\u00a0<b>9<\/b><strong>\u20ac\/personne<\/strong>\u00a0pour un menu Entr\u00e9e \/ Plat ou Plat \/ Dessert, livraison comprise. (-15% vs tarifs publics)<\/li>\n<\/ul>\n<p>&nbsp;<\/p>\n<p><img loading=\"lazy\" decoding=\"async\" class=\"size-medium wp-image-687 aligncenter\" src=\"https:\/\/ghost-concierge.com\/wp-content\/uploads\/2021\/05\/Copie-de-FamilEat-300x178.jpg\" alt=\"\" width=\"300\" height=\"178\" srcset=\"https:\/\/ghost-concierge.com\/wp-content\/uploads\/2021\/05\/Copie-de-FamilEat-300x178.jpg 300w, https:\/\/ghost-concierge.com\/wp-content\/uploads\/2021\/05\/Copie-de-FamilEat-768x456.jpg 768w, https:\/\/ghost-concierge.com\/wp-content\/uploads\/2021\/05\/Copie-de-FamilEat-1024x609.jpg 1024w\" sizes=\"(max-width: 300px) 100vw, 300px\" \/><\/p>\n<p>&nbsp;<\/p>\n<p style=\"text-align: center;\"><strong>Avec Ghost-concierge vous avez :<\/strong><\/p>\n<p style=\"text-align: center;\"><strong>Offre de Bienvenue : Remise de 20\u20ac \u00e0 partir de 55\u20ac d&rsquo;achats &#8211; Valable sur la premi\u00e8re commande seulement.<\/strong><\/p>\n<p style=\"text-align: center;\"><strong>Offre permanente : -15% vs nos tarifs public\u00a0<\/strong><\/p>\n<p style=\"text-align: center;\"><em>\u00ab\u00a0R\u00e9clamez vos codes promo par SMS aupr\u00e8s de votre assistant personnel\u00a0\u00bb<\/em><\/p>\n<p>&nbsp;<\/p>\n<p class=\"pbtn\" style=\"clear: both; text-align: center;\"><a class=\"pbtn\" style=\"font-size: 18px; float: none; color: #ffffff; border-radius: 0px; background-color: #424242; display: inline-block; padding: 0.5em 0.7em; text-decoration: none; line-height: 1; border: 1px solid #111112;\" href=\"https:\/\/www.famileat.fr\/\" target=\"_blank\" rel=\"noopener\" data-bg-color=\"#424242\"> J&rsquo;y vais<\/a><\/p>\n","protected":false},"excerpt":{"rendered":"<p>&nbsp; &nbsp; Chez FamilEat, nous cuisinons pour vous et livrons dans\u00a0toute la France\u00a0des plats pr\u00e9par\u00e9s comme \u00e0 la maison : Gourmand\u00a0: Des menus vari\u00e9s et \u00e9labor\u00e9s par un grand chef de la gastronomie Fran\u00e7aise. Sain\u00a0: Recettes \u00e0 base de produits d\u2019origine France, frais et de saison, sans additif ni conservateur. Pratique\u00a0: Conservation 15 jours au [&hellip;]<\/p>\n","protected":false},"author":2,"featured_media":0,"parent":0,"menu_order":0,"comment_status":"closed","ping_status":"closed","template":"","meta":{"footnotes":""},"class_list":["post-686","page","type-page","status-publish","hentry"],"yoast_head":"<!-- This site is optimized with the Yoast SEO plugin v23.6 - https:\/\/yoast.com\/wordpress\/plugins\/seo\/ -->\n<title>FamilEat - Ghost Concierge<\/title>\n<meta name=\"robots\" content=\"noindex, nofollow\" \/>\n<meta property=\"og:locale\" content=\"fr_FR\" \/>\n<meta property=\"og:type\" content=\"article\" \/>\n<meta property=\"og:title\" content=\"FamilEat - Ghost Concierge\" \/>\n<meta property=\"og:description\" content=\"&nbsp; &nbsp; Chez FamilEat, nous cuisinons pour vous et livrons dans\u00a0toute la France\u00a0des plats pr\u00e9par\u00e9s comme \u00e0 la maison : Gourmand\u00a0: Des menus vari\u00e9s et \u00e9labor\u00e9s par un grand chef de la gastronomie Fran\u00e7aise. Sain\u00a0: Recettes \u00e0 base de produits d\u2019origine France, frais et de saison, sans additif ni conservateur. Pratique\u00a0: Conservation 15 jours au [&hellip;]\" \/>\n<meta property=\"og:url\" content=\"https:\/\/ghost-concierge.com\/fr\/famileat\/\" \/>\n<meta property=\"og:site_name\" content=\"Ghost Concierge\" \/>\n<meta property=\"article:modified_time\" content=\"2021-05-31T12:10:54+00:00\" \/>\n<meta property=\"og:image\" content=\"https:\/\/ghost-concierge.com\/wp-content\/uploads\/2021\/05\/FamilEat.png\" \/>\n\t<meta property=\"og:image:width\" content=\"285\" \/>\n\t<meta property=\"og:image:height\" content=\"177\" \/>\n\t<meta property=\"og:image:type\" content=\"image\/png\" \/>\n<meta name=\"twitter:card\" content=\"summary_large_image\" \/>\n<meta name=\"twitter:label1\" content=\"Dur\u00e9e de lecture estim\u00e9e\" \/>\n\t<meta name=\"twitter:data1\" content=\"1 minute\" \/>\n<script type=\"application\/ld+json\" class=\"yoast-schema-graph\">{\"@context\":\"https:\/\/schema.org\",\"@graph\":[{\"@type\":\"WebPage\",\"@id\":\"https:\/\/ghost-concierge.com\/fr\/famileat\/\",\"url\":\"https:\/\/ghost-concierge.com\/fr\/famileat\/\",\"name\":\"FamilEat - Ghost Concierge\",\"isPartOf\":{\"@id\":\"https:\/\/ghost-concierge.com\/#website\"},\"primaryImageOfPage\":{\"@id\":\"https:\/\/ghost-concierge.com\/fr\/famileat\/#primaryimage\"},\"image\":{\"@id\":\"https:\/\/ghost-concierge.com\/fr\/famileat\/#primaryimage\"},\"thumbnailUrl\":\"https:\/\/ghost-concierge.com\/wp-content\/uploads\/2021\/05\/FamilEat.png\",\"datePublished\":\"2021-05-29T12:35:18+00:00\",\"dateModified\":\"2021-05-31T12:10:54+00:00\",\"breadcrumb\":{\"@id\":\"https:\/\/ghost-concierge.com\/fr\/famileat\/#breadcrumb\"},\"inLanguage\":\"fr-FR\",\"potentialAction\":[{\"@type\":\"ReadAction\",\"target\":[\"https:\/\/ghost-concierge.com\/fr\/famileat\/\"]}]},{\"@type\":\"ImageObject\",\"inLanguage\":\"fr-FR\",\"@id\":\"https:\/\/ghost-concierge.com\/fr\/famileat\/#primaryimage\",\"url\":\"https:\/\/ghost-concierge.com\/wp-content\/uploads\/2021\/05\/FamilEat.png\",\"contentUrl\":\"https:\/\/ghost-concierge.com\/wp-content\/uploads\/2021\/05\/FamilEat.png\"},{\"@type\":\"BreadcrumbList\",\"@id\":\"https:\/\/ghost-concierge.com\/fr\/famileat\/#breadcrumb\",\"itemListElement\":[{\"@type\":\"ListItem\",\"position\":1,\"name\":\"Home\",\"item\":\"https:\/\/ghost-concierge.com\/fr\/\"},{\"@type\":\"ListItem\",\"position\":2,\"name\":\"FamilEat\"}]},{\"@type\":\"WebSite\",\"@id\":\"https:\/\/ghost-concierge.com\/#website\",\"url\":\"https:\/\/ghost-concierge.com\/\",\"name\":\"Ghost Concierge\",\"description\":\"Making the luxury of time accessible\",\"potentialAction\":[{\"@type\":\"SearchAction\",\"target\":{\"@type\":\"EntryPoint\",\"urlTemplate\":\"https:\/\/ghost-concierge.com\/?s={search_term_string}\"},\"query-input\":{\"@type\":\"PropertyValueSpecification\",\"valueRequired\":true,\"valueName\":\"search_term_string\"}}],\"inLanguage\":\"fr-FR\"}]}<\/script>\n<!-- \/ Yoast SEO plugin. -->","yoast_head_json":{"title":"FamilEat - Ghost Concierge","robots":{"index":"noindex","follow":"nofollow"},"og_locale":"fr_FR","og_type":"article","og_title":"FamilEat - Ghost Concierge","og_description":"&nbsp; &nbsp; Chez FamilEat, nous cuisinons pour vous et livrons dans\u00a0toute la France\u00a0des plats pr\u00e9par\u00e9s comme \u00e0 la maison : Gourmand\u00a0: Des menus vari\u00e9s et \u00e9labor\u00e9s par un grand chef de la gastronomie Fran\u00e7aise. Sain\u00a0: Recettes \u00e0 base de produits d\u2019origine France, frais et de saison, sans additif ni conservateur. Pratique\u00a0: Conservation 15 jours au [&hellip;]","og_url":"https:\/\/ghost-concierge.com\/fr\/famileat\/","og_site_name":"Ghost Concierge","article_modified_time":"2021-05-31T12:10:54+00:00","og_image":[{"width":285,"height":177,"url":"https:\/\/ghost-concierge.com\/wp-content\/uploads\/2021\/05\/FamilEat.png","type":"image\/png"}],"twitter_card":"summary_large_image","twitter_misc":{"Dur\u00e9e de lecture estim\u00e9e":"1 minute"},"schema":{"@context":"https:\/\/schema.org","@graph":[{"@type":"WebPage","@id":"https:\/\/ghost-concierge.com\/fr\/famileat\/","url":"https:\/\/ghost-concierge.com\/fr\/famileat\/","name":"FamilEat - Ghost Concierge","isPartOf":{"@id":"https:\/\/ghost-concierge.com\/#website"},"primaryImageOfPage":{"@id":"https:\/\/ghost-concierge.com\/fr\/famileat\/#primaryimage"},"image":{"@id":"https:\/\/ghost-concierge.com\/fr\/famileat\/#primaryimage"},"thumbnailUrl":"https:\/\/ghost-concierge.com\/wp-content\/uploads\/2021\/05\/FamilEat.png","datePublished":"2021-05-29T12:35:18+00:00","dateModified":"2021-05-31T12:10:54+00:00","breadcrumb":{"@id":"https:\/\/ghost-concierge.com\/fr\/famileat\/#breadcrumb"},"inLanguage":"fr-FR","potentialAction":[{"@type":"ReadAction","target":["https:\/\/ghost-concierge.com\/fr\/famileat\/"]}]},{"@type":"ImageObject","inLanguage":"fr-FR","@id":"https:\/\/ghost-concierge.com\/fr\/famileat\/#primaryimage","url":"https:\/\/ghost-concierge.com\/wp-content\/uploads\/2021\/05\/FamilEat.png","contentUrl":"https:\/\/ghost-concierge.com\/wp-content\/uploads\/2021\/05\/FamilEat.png"},{"@type":"BreadcrumbList","@id":"https:\/\/ghost-concierge.com\/fr\/famileat\/#breadcrumb","itemListElement":[{"@type":"ListItem","position":1,"name":"Home","item":"https:\/\/ghost-concierge.com\/fr\/"},{"@type":"ListItem","position":2,"name":"FamilEat"}]},{"@type":"WebSite","@id":"https:\/\/ghost-concierge.com\/#website","url":"https:\/\/ghost-concierge.com\/","name":"Ghost Concierge","description":"Making the luxury of time accessible","potentialAction":[{"@type":"SearchAction","target":{"@type":"EntryPoint","urlTemplate":"https:\/\/ghost-concierge.com\/?s={search_term_string}"},"query-input":{"@type":"PropertyValueSpecification","valueRequired":true,"valueName":"search_term_string"}}],"inLanguage":"fr-FR"}]}},"_links":{"self":[{"href":"https:\/\/ghost-concierge.com\/fr\/wp-json\/wp\/v2\/pages\/686"}],"collection":[{"href":"https:\/\/ghost-concierge.com\/fr\/wp-json\/wp\/v2\/pages"}],"about":[{"href":"https:\/\/ghost-concierge.com\/fr\/wp-json\/wp\/v2\/types\/page"}],"author":[{"embeddable":true,"href":"https:\/\/ghost-concierge.com\/fr\/wp-json\/wp\/v2\/users\/2"}],"replies":[{"embeddable":true,"href":"https:\/\/ghost-concierge.com\/fr\/wp-json\/wp\/v2\/comments?post=686"}],"version-history":[{"count":11,"href":"https:\/\/ghost-concierge.com\/fr\/wp-json\/wp\/v2\/pages\/686\/revisions"}],"predecessor-version":[{"id":753,"href":"https:\/\/ghost-concierge.com\/fr\/wp-json\/wp\/v2\/pages\/686\/revisions\/753"}],"wp:attachment":[{"href":"https:\/\/ghost-concierge.com\/fr\/wp-json\/wp\/v2\/media?parent=686"}],"curies":[{"name":"wp","href":"https:\/\/api.w.org\/{rel}","templated":true}]}}