{"id":466,"date":"2020-07-11T10:57:15","date_gmt":"2020-07-11T14:57:15","guid":{"rendered":"https:\/\/ghost-concierge.com\/frequently-asked-questions\/"},"modified":"2024-07-17T11:07:12","modified_gmt":"2024-07-17T15:07:12","slug":"frequently-asked-questions","status":"publish","type":"page","link":"https:\/\/ghost-concierge.com\/fr\/frequently-asked-questions\/","title":{"rendered":"FAQ"},"content":{"rendered":"<p><strong>* Qu&rsquo;est ce que Ghost-concierge ?<\/strong><\/p>\n<p>Ghost-concierge est une soci\u00e9t\u00e9 d&rsquo;assistants personnels bas\u00e9e \u00e0 Miami depuis 2016, disponible dans le monde entier.<\/p>\n<p><strong>* Qu&rsquo;est ce que la Ghostcard ?<\/strong><\/p>\n<p>En plus de votre service de conciergerie num\u00e9rique Ghost-concierge, vous b\u00e9n\u00e9ficiez de votre \u00ab Ghostcard \u00bb virtuelle vous permettant une \u00e9conomie annuelle moyenne de 5 360 $ en d\u00e9bloquant des avantages exclusifs et illimit\u00e9s sur plus d&rsquo;un million d&rsquo;h\u00f4tels, locations de voitures, vols, \u00e9v\u00e9nements, marques et plus encore \u00e0 travers le monde !<\/p>\n<p><strong>* Ghost-concierge se sont des humains ? <\/strong><\/p>\n<p>Oui, nous sommes des vraies personnes.<\/p>\n<p><strong>* Que puis-je demander \u00e0 Ghost-concierge ?<\/strong><\/p>\n<p>Absolument tout ce qui est l\u00e9gal! Nos assistants sont l\u00e0 pour vous aider 5 jours par semaine ou 24\/7, selon l&rsquo;abonnement choisi.<\/p>\n<p><strong>* Ou se trouvent les assistants Ghost-concierge ?<\/strong><\/p>\n<p>Ils sont bas\u00e9s aux Etats-Unis.<\/p>\n<p><strong>* Comment puis- je payer ?<\/strong><\/p>\n<p>C&rsquo;est facile, nous vous envoyons un devis et si vous l&rsquo;acceptez nous pr\u00e9l\u00e9verons sur votre carte de cr\u00e9dit associ\u00e9e \u00e0 votre compte. Nous acceptons les paiements par CB ou par envoie d&rsquo;un lien de paiement unique .<\/p>\n<p><strong>* Ghost-concierge c&rsquo;est s\u00e9curis\u00e9 ?<\/strong><\/p>\n<p>Vos informations bancaires sont s\u00e9curis\u00e9es via Stripe, le premier fournisseur mondial de stockage de donn\u00e9es bancaires.<\/p>\n<p><strong>* Ghost-concierge c&rsquo;est uniquement SMS ?<\/strong><\/p>\n<p>Nous travaillons sp\u00e9cialement par SMS. Si vous pr\u00e9f\u00e9rez par WhatsApp, ou par e-mail, nous nous adapterons \u00e0 votre pr\u00e9f\u00e9rence.<\/p>\n<p><strong>* Ghost-concierge c&rsquo;est jusqu&rsquo;\u00e0 quelle heure ?<\/strong><\/p>\n<p>Nous sommes \u00e0 votre service 5 jours sur 7 de 9h \u00e0 18h, ou 24\/7.<\/p>\n<p><strong>* Vos assistants peuvent-ils travailler pour moi m\u00eame si je suis dans un autre pays ?<\/strong><\/p>\n<p>Oui, nous servons des clients dans le monde entier, tant que nous pouvons parler anglais et fran\u00e7ais pour terminer votre t\u00e2che.<\/p>\n<p><strong>* Quelles sont les limites de Ghost-concierge ?<\/strong><\/p>\n<p>Chaque demande a une dur\u00e9e maximale de 20 minutes (apr\u00e8s 20 minutes, le tarif est de 50 $ par heure).<\/p>\n<p>Nous n&rsquo;effectuons pas d&rsquo;intervention physique.<\/p>\n<p>Aucun abus du service, vous ne faites qu&rsquo;une seule demande ouverte \u00e0 la fois.<\/p>\n<p><strong>* Voici quelques exemples de demandes :<\/strong><\/p>\n<p>&#8211; Je me rends \u00e0 LYON le mois prochain, pouvez-vous m&rsquo;envoyer des informations sur trois endroits o\u00f9 manger \u00e0 bon prix?<\/p>\n<p>&#8211; Veuillez appeler et mettre \u00e0 jour ma r\u00e9servation \u00e0 Sushi Shoba. Nous serons 4 maintenant.<\/p>\n<p>&#8211; J&rsquo;ai besoin d&rsquo;un plombier! Mes toilettes sont inutilisables. Pouvez-vous m&rsquo;nevoyer quelqu&rsquo;un d\u00e8s que possible?<\/p>\n<p>&#8211; Pouvez-vous m&rsquo;envoyer une femme de m\u00e9nage pour demain matin?<\/p>\n<p>&#8211; Nous venons de d\u00e9m\u00e9nager les bureaux. Pouvez-vous appeler tous les fournisseurs et mettre \u00e0 jour les adresses?<\/p>\n<p>&#8211; Pouvez-vous trouver des banques \u00e0 moins de 8 miles de mes bureaux qui ont des coffres-forts et m&rsquo;envoyer les prix mensuels de location?<\/p>\n<p>&#8211; Je dois prendre l&rsquo;avion de Paris \u00e0 nice le 12 septembre dans l&rsquo;apr\u00e8s-midi et revenir le 20 septembre dans la matin\u00e9e. Veuillez m&rsquo;envoyer les meilleurs prix pour les vols directs.<\/p>\n<p>&#8211; Pouvez-vous m&rsquo;envoyer une liste des meilleurs restaurants se trouvant sur le port de Marseille?<\/p>\n<p>&#8211; Pouvez-vous prendre rendez-vous pour que mon fils Nicolas se fasse nettoyer les dents avec son dentiste, le Dr Lacourt, cette semaine?<\/p>\n<p>&#8211; Prenez rendez-vous avec un photographe pour l&rsquo;anniversaire de ma femme.<\/p>\n<p>&#8211; Faire ma carte grise.<\/p>\n<p>&#8211; Trouver le cordonnier le plus proche.<\/p>\n<p>&#8211; Faire mes d\u00e9marches pour r\u00e9silier un abonnement.<\/p>\n<p>&#8211; Faire r\u00e9parer mon smartphone sur place.<\/p>\n<p>&#8211; Trouver un petsitter lors de mes d\u00e9placements.<\/p>\n<p>&#8211; Faire livrer des fleurs.<\/p>\n<p>Et bien plus encore\u00a0 &#8230;<\/p>\n<p style=\"text-align: center;\"><strong>Rencontrer Marc Morvilliers &#8211; CEO<\/strong><\/p>\n<p style=\"text-align: center;\"><a href=\"http:\/\/voyagemia.com\/interview\/meet-marc-morvilliers-ghost-concierge-miami\/\" target=\"_blank\" rel=\"noopener\">http:\/\/voyagemia.com\/interview\/meet-marc-morvilliers-ghost-concierge-miami\/<\/a><\/p>\n<p style=\"text-align: center;\"><a href=\"https:\/\/canvasrebel.com\/meet-marc-morvilliers\/\" target=\"_blank\" rel=\"noopener\">https:\/\/canvasrebel.com\/meet-marc-morvilliers\/<\/a><\/p>\n","protected":false},"excerpt":{"rendered":"<p>* Qu&rsquo;est ce que Ghost-concierge ? Ghost-concierge est une soci\u00e9t\u00e9 d&rsquo;assistants personnels bas\u00e9e \u00e0 Miami depuis 2016, disponible dans le monde entier. * Qu&rsquo;est ce que la Ghostcard ? En plus de votre service de conciergerie num\u00e9rique Ghost-concierge, vous b\u00e9n\u00e9ficiez de votre \u00ab Ghostcard \u00bb virtuelle vous permettant une \u00e9conomie annuelle moyenne de 5 360 [&hellip;]<\/p>\n","protected":false},"author":2,"featured_media":0,"parent":0,"menu_order":0,"comment_status":"closed","ping_status":"closed","template":"","meta":{"footnotes":""},"class_list":["post-466","page","type-page","status-publish","hentry"],"yoast_head":"<!-- This site is optimized with the Yoast SEO plugin v23.6 - https:\/\/yoast.com\/wordpress\/plugins\/seo\/ -->\n<title>FAQ - Ghost Concierge<\/title>\n<meta name=\"robots\" content=\"index, follow, max-snippet:-1, max-image-preview:large, max-video-preview:-1\" \/>\n<link rel=\"canonical\" href=\"https:\/\/ghost-concierge.com\/fr\/frequently-asked-questions\/\" \/>\n<meta property=\"og:locale\" content=\"fr_FR\" \/>\n<meta property=\"og:type\" content=\"article\" \/>\n<meta property=\"og:title\" content=\"FAQ - Ghost Concierge\" \/>\n<meta property=\"og:description\" content=\"* Qu&rsquo;est ce que Ghost-concierge ? Ghost-concierge est une soci\u00e9t\u00e9 d&rsquo;assistants personnels bas\u00e9e \u00e0 Miami depuis 2016, disponible dans le monde entier. * Qu&rsquo;est ce que la Ghostcard ? En plus de votre service de conciergerie num\u00e9rique Ghost-concierge, vous b\u00e9n\u00e9ficiez de votre \u00ab Ghostcard \u00bb virtuelle vous permettant une \u00e9conomie annuelle moyenne de 5 360 [&hellip;]\" \/>\n<meta property=\"og:url\" content=\"https:\/\/ghost-concierge.com\/fr\/frequently-asked-questions\/\" \/>\n<meta property=\"og:site_name\" content=\"Ghost Concierge\" \/>\n<meta property=\"article:modified_time\" content=\"2024-07-17T15:07:12+00:00\" \/>\n<meta name=\"twitter:card\" content=\"summary_large_image\" \/>\n<meta name=\"twitter:label1\" content=\"Dur\u00e9e de lecture estim\u00e9e\" \/>\n\t<meta name=\"twitter:data1\" content=\"3 minutes\" \/>\n<script type=\"application\/ld+json\" class=\"yoast-schema-graph\">{\"@context\":\"https:\/\/schema.org\",\"@graph\":[{\"@type\":\"WebPage\",\"@id\":\"https:\/\/ghost-concierge.com\/fr\/frequently-asked-questions\/\",\"url\":\"https:\/\/ghost-concierge.com\/fr\/frequently-asked-questions\/\",\"name\":\"FAQ - Ghost Concierge\",\"isPartOf\":{\"@id\":\"https:\/\/ghost-concierge.com\/#website\"},\"datePublished\":\"2020-07-11T14:57:15+00:00\",\"dateModified\":\"2024-07-17T15:07:12+00:00\",\"breadcrumb\":{\"@id\":\"https:\/\/ghost-concierge.com\/fr\/frequently-asked-questions\/#breadcrumb\"},\"inLanguage\":\"fr-FR\",\"potentialAction\":[{\"@type\":\"ReadAction\",\"target\":[\"https:\/\/ghost-concierge.com\/fr\/frequently-asked-questions\/\"]}]},{\"@type\":\"BreadcrumbList\",\"@id\":\"https:\/\/ghost-concierge.com\/fr\/frequently-asked-questions\/#breadcrumb\",\"itemListElement\":[{\"@type\":\"ListItem\",\"position\":1,\"name\":\"Home\",\"item\":\"https:\/\/ghost-concierge.com\/fr\/\"},{\"@type\":\"ListItem\",\"position\":2,\"name\":\"FAQ\"}]},{\"@type\":\"WebSite\",\"@id\":\"https:\/\/ghost-concierge.com\/#website\",\"url\":\"https:\/\/ghost-concierge.com\/\",\"name\":\"Ghost Concierge\",\"description\":\"Making the luxury of time accessible\",\"potentialAction\":[{\"@type\":\"SearchAction\",\"target\":{\"@type\":\"EntryPoint\",\"urlTemplate\":\"https:\/\/ghost-concierge.com\/?s={search_term_string}\"},\"query-input\":{\"@type\":\"PropertyValueSpecification\",\"valueRequired\":true,\"valueName\":\"search_term_string\"}}],\"inLanguage\":\"fr-FR\"}]}<\/script>\n<!-- \/ Yoast SEO plugin. -->","yoast_head_json":{"title":"FAQ - Ghost Concierge","robots":{"index":"index","follow":"follow","max-snippet":"max-snippet:-1","max-image-preview":"max-image-preview:large","max-video-preview":"max-video-preview:-1"},"canonical":"https:\/\/ghost-concierge.com\/fr\/frequently-asked-questions\/","og_locale":"fr_FR","og_type":"article","og_title":"FAQ - Ghost Concierge","og_description":"* Qu&rsquo;est ce que Ghost-concierge ? Ghost-concierge est une soci\u00e9t\u00e9 d&rsquo;assistants personnels bas\u00e9e \u00e0 Miami depuis 2016, disponible dans le monde entier. * Qu&rsquo;est ce que la Ghostcard ? En plus de votre service de conciergerie num\u00e9rique Ghost-concierge, vous b\u00e9n\u00e9ficiez de votre \u00ab Ghostcard \u00bb virtuelle vous permettant une \u00e9conomie annuelle moyenne de 5 360 [&hellip;]","og_url":"https:\/\/ghost-concierge.com\/fr\/frequently-asked-questions\/","og_site_name":"Ghost Concierge","article_modified_time":"2024-07-17T15:07:12+00:00","twitter_card":"summary_large_image","twitter_misc":{"Dur\u00e9e de lecture estim\u00e9e":"3 minutes"},"schema":{"@context":"https:\/\/schema.org","@graph":[{"@type":"WebPage","@id":"https:\/\/ghost-concierge.com\/fr\/frequently-asked-questions\/","url":"https:\/\/ghost-concierge.com\/fr\/frequently-asked-questions\/","name":"FAQ - Ghost Concierge","isPartOf":{"@id":"https:\/\/ghost-concierge.com\/#website"},"datePublished":"2020-07-11T14:57:15+00:00","dateModified":"2024-07-17T15:07:12+00:00","breadcrumb":{"@id":"https:\/\/ghost-concierge.com\/fr\/frequently-asked-questions\/#breadcrumb"},"inLanguage":"fr-FR","potentialAction":[{"@type":"ReadAction","target":["https:\/\/ghost-concierge.com\/fr\/frequently-asked-questions\/"]}]},{"@type":"BreadcrumbList","@id":"https:\/\/ghost-concierge.com\/fr\/frequently-asked-questions\/#breadcrumb","itemListElement":[{"@type":"ListItem","position":1,"name":"Home","item":"https:\/\/ghost-concierge.com\/fr\/"},{"@type":"ListItem","position":2,"name":"FAQ"}]},{"@type":"WebSite","@id":"https:\/\/ghost-concierge.com\/#website","url":"https:\/\/ghost-concierge.com\/","name":"Ghost Concierge","description":"Making the luxury of time accessible","potentialAction":[{"@type":"SearchAction","target":{"@type":"EntryPoint","urlTemplate":"https:\/\/ghost-concierge.com\/?s={search_term_string}"},"query-input":{"@type":"PropertyValueSpecification","valueRequired":true,"valueName":"search_term_string"}}],"inLanguage":"fr-FR"}]}},"_links":{"self":[{"href":"https:\/\/ghost-concierge.com\/fr\/wp-json\/wp\/v2\/pages\/466"}],"collection":[{"href":"https:\/\/ghost-concierge.com\/fr\/wp-json\/wp\/v2\/pages"}],"about":[{"href":"https:\/\/ghost-concierge.com\/fr\/wp-json\/wp\/v2\/types\/page"}],"author":[{"embeddable":true,"href":"https:\/\/ghost-concierge.com\/fr\/wp-json\/wp\/v2\/users\/2"}],"replies":[{"embeddable":true,"href":"https:\/\/ghost-concierge.com\/fr\/wp-json\/wp\/v2\/comments?post=466"}],"version-history":[{"count":21,"href":"https:\/\/ghost-concierge.com\/fr\/wp-json\/wp\/v2\/pages\/466\/revisions"}],"predecessor-version":[{"id":2386,"href":"https:\/\/ghost-concierge.com\/fr\/wp-json\/wp\/v2\/pages\/466\/revisions\/2386"}],"wp:attachment":[{"href":"https:\/\/ghost-concierge.com\/fr\/wp-json\/wp\/v2\/media?parent=466"}],"curies":[{"name":"wp","href":"https:\/\/api.w.org\/{rel}","templated":true}]}}