{"id":286,"date":"2017-05-13T23:15:28","date_gmt":"2017-05-13T23:15:28","guid":{"rendered":"https:\/\/ghost-concierge.com\/services\/"},"modified":"2021-10-26T05:58:00","modified_gmt":"2021-10-26T09:58:00","slug":"services","status":"publish","type":"page","link":"https:\/\/ghost-concierge.com\/fr\/services\/","title":{"rendered":"Services"},"content":{"rendered":"\n\t<style>\n\t\t.home.blog .site-header, .home.post-type-archive-product .site-header,\n\t\t.home.page:not(.page-template-template-homepage) .site-header, .storefront-pro-active .site-header,\n\t\t.storefront-pro-active .storefront-breadcrumb, .storefront-pro-active .no-wc-breadcrumb .site-header { margin-bottom: 0; }\n\t\t.storefront-pro-active .storefront-breadcrumb { display: none; }\n\t\t.storefront-pro-active .hentry .entry-header { display: none; }\n\t\t.storefront-pro-active #secondary { margin-top: 4.236em; }\n\t\t.storefront-pro-active .page.hentry { margin: 0; padding: 0; border: none; }\n\t\t.storefront-pro-active .site-main,\n\t\t.sfp-nav-styleleft-vertical #content,\n\t\t.storefront-pro-active .content-area {margin: 0;}\n\t<\/style>\t\t<div id=\"pootle-page-builder\">\n\t\t\t<!----------Pootle Page Builder Inline Styles---------->\n\t\t\t<style id=\"pootle-live-editor-styles\" type=\"text\/css\" media=\"all\">\n\t\t\t\t#pgc-286-2-0 , #pgc-286-4-0 , #pgc-286-6-0 { width:57.527% } #pgc-286-2-1 , #pgc-286-4-1 , #pgc-286-6-1 { width:38.473% } #pgc-286-3-0 , #pgc-286-5-0 , #pgc-286-7-0 { width:38.358% } #pgc-286-3-1 , #pgc-286-5-1 , #pgc-286-7-1 { width:57.642% } .panel-grid-cell .panel { margin-bottom: 0px } @media ( max-width:780px ) { #pootle-page-builder .panel-grid-cell-container .panel-grid-cell { width:100%;flex: 1 0; } #pootle-page-builder .panel-grid-cell-container { flex-direction: column; } .panel-grid-cell:not(:last-child) { margin-bottom: 0px } .ppb-no-mobile-spacing { padding: 0 !important; margin: 0 !important; } .hide-on-mobile { display: none } br.rwd { display: block } .ppb-mobile-behaviour-2.ppb-block { margin-left:auto!important;margin-right:auto!important;margin-top:auto!important;margin-bottom:auto!important } .panel-grid { margin-left: 0 !important; margin-right: 0 !important; } .panel-grid-cell { padding: 0 !important; max-width: 100% !important; }  } \t\t\t<\/style>\n\t\t\t<div class=\"panel-grid ppb-row\" id=\"pg-286-0\" style=\"margin-bottom: 30px;\" ><div class=\"ppb-row panel-row-style panel-row-style-page-header page-header ppb-stretch-full-width ppb-stretch-full-width-1 ppb-full-width-no-bg\" style=\"background-image: url( https:\/\/ghost-concierge.com\/wp-content\/uploads\/2017\/05\/ghost-concierge-page-header.jpg ); background-size: cover; background-repeat: no-repeat; min-height:250px;\" ><style>#pg-286-0 .panel-grid-cell { padding: 0 0.5% 0; }<\/style><div class='panel-grid-cell-container'><div class=\"ppb-col panel-grid-cell \" id=\"pgc-286-0-0\" ><div id=\"panel-286-0-0-0\" class=\"ppb-block  ppb-content-v-center ppb-no-mobile-spacing\" style=\"margin-top: 81.5px;margin-left: 2px;\" ><h1>Services<\/h1><\/div><\/div><\/div><!--.panel-grid-cell-container--><\/div><!--.panel-row-style--><\/div><!--.panel-grid--><div class=\"panel-grid ppb-row\" id=\"pg-286-1\" style=\"margin-bottom: 40px;\" ><div class=\"ppb-row panel-row-style panel-row-style- \" style=\"\" ><style>#pg-286-1 .panel-grid-cell { padding: 0 0.5% 0; }<\/style><div class='panel-grid-cell-container'><div class=\"ppb-col panel-grid-cell \" id=\"pgc-286-1-0\" ><div id=\"panel-286-1-0-0\" class=\"ppb-block ppb-no-mobile-spacing\" style=\"\" ><p>\n<a name=\"daily\"><\/a>\n<\/p><h2 style=\"text-align: right; padding-right: 2em;\"><img loading=\"lazy\" decoding=\"async\" class=\"size-medium wp-image-281 alignright\" style=\"padding-left: 2em;\" src=\"https:\/\/ghost-concierge.com\/wp-content\/uploads\/2017\/06\/ghost-concierge-card-tilted-300x266.png\" alt=\"Ghost COncierge Services\" width=\"300\" height=\"266\" srcset=\"https:\/\/ghost-concierge.com\/wp-content\/uploads\/2017\/06\/ghost-concierge-card-tilted-300x266.png 300w, https:\/\/ghost-concierge.com\/wp-content\/uploads\/2017\/06\/ghost-concierge-card-tilted.png 587w\" sizes=\"(max-width: 300px) 100vw, 300px\" \/><span style=\"font-size: 50px;\">Ghost Concierge<\/span><br \/> <span style=\"font-size: 50px;\">s'en occupe !<\/span><\/h2><\/div><\/div><\/div><!--.panel-grid-cell-container--><\/div><!--.panel-row-style--><\/div><!--.panel-grid--><div class=\"panel-grid ppb-row\" id=\"pg-286-2\" style=\"margin-top: 30px;margin-bottom: 0;\" ><div class=\"ppb-row panel-row-style panel-row-style-  ppb-stretch-full-width ppb-stretch-full-width-1 ppb-full-width-no-bg\" style=\"background-image: url( https:\/\/ghost-concierge.com\/wp-content\/uploads\/2017\/06\/ghost-concierge-daily-life-services.jpg ); background-size: cover; background-repeat: no-repeat; min-height:150px;padding-top:10%;;;padding-bottom:10%;\" ><style>#pg-286-2 .panel-grid-cell { padding: 0 2% 0; }#pg-286-2 .panel-row-style:before { background-color: rgba(  255, 255, 255, 0.5 ); }<\/style><div class='panel-grid-cell-container'><div class=\"ppb-col panel-grid-cell \" id=\"pgc-286-2-0\" ><div id=\"panel-286-2-0-0\" class=\"ppb-block ppb-no-mobile-spacing\" style=\"\" ><h2><strong>Au Quotidien<\/strong><\/h2><p>\n<a style=\"color: #292929;\" href=\"\/fr\/abonnements\/\"><strong>Ghost Concierge<\/strong> s\u2019occupe de toutes les probl\u00e9matiques qui vous submergent et vous prennent du temps chaque jour. En nous laissant la gestion de votre quotidien, nous vous laissons vous concentrer sur l\u2019essentiel ! <\/a>\n<\/p><h4><strong><a style=\"color: #292929;\" href=\"\/fr\/abonnements\/\">Acc\u00e9dez \u00e0 vos offres depuis votre espace s\u00e9curis\u00e9 et profitez de nombreuses r\u00e9ductions allant jusqu'\u00e0 60% !<\/a><\/strong><\/h4><\/div><\/div><div class=\"ppb-col panel-grid-cell \" id=\"pgc-286-2-1\" ><div id=\"panel-286-2-1-0\" class=\"ppb-block ppb-no-mobile-spacing\" style=\"\" ><ul><li><a style=\"color: #292929;\" href=\"\/fr\/abonnements\/\"><strong>Transport\u00a0<\/strong>: location de voiture, trouver un vol \u2026<\/a><\/li><li><a style=\"color: #292929;\" href=\"\/fr\/abonnements\/\"><strong>Services \u00e0 domicile<\/strong> : repassage, plomberie, m\u00e9nage \u2026<\/a><\/li><li><a style=\"color: #292929;\" href=\"\/fr\/abonnements\/\"><strong>Enfants<\/strong> : Babysitter, accompagner les enfants \u00e0 l\u2019\u00e9cole, les d\u00e9poser au sport \u2026<\/a><\/li><li><a style=\"color: #292929;\" href=\"\/fr\/abonnements\/\"><strong>Automobile<\/strong> : lavage, r\u00e9paration \u2026<\/a><\/li><li><a style=\"color: #292929;\" href=\"\/fr\/abonnements\/\"><strong>Livraison<\/strong> : Fleurs, courses \u2026<\/a><\/li><\/ul><p>\n<a name=\"travel\"><\/a>\n<\/p><\/div><\/div><\/div><!--.panel-grid-cell-container--><\/div><!--.panel-row-style--><\/div><!--.panel-grid--><div class=\"panel-grid ppb-row\" id=\"pg-286-3\" style=\"margin-bottom: 0;\" ><div class=\"ppb-row panel-row-style panel-row-style-  ppb-stretch-full-width ppb-stretch-full-width-1 ppb-full-width-no-bg\" style=\"padding-top:10%;;;padding-bottom:10%;\" ><style>#pg-286-3 .panel-grid-cell { padding: 0 2% 0; }#pg-286-3 .panel-row-style:before { background-color: rgba(  255, 255, 255, 0.5 ); }<\/style><div class='panel-grid-cell-container'><div class=\"ppb-col panel-grid-cell \" id=\"pgc-286-3-0\" ><div id=\"panel-286-3-0-0\" class=\"ppb-block ppb-no-mobile-spacing\" style=\"\" ><ul><li><a style=\"color: #292929;\" href=\"\/fr\/abonnements\/\">Restauration<\/a><\/li><li><a style=\"color: #292929;\" href=\"\/fr\/abonnements\/\">Spectacles<\/a><\/li><li><a style=\"color: #292929;\" href=\"\/fr\/abonnements\/\">Pr\u00e9paration de voyages<\/a><\/li><li><a style=\"color: #292929;\" href=\"\/fr\/abonnements\/\">Organisation de vacances et weekend<\/a><\/li><\/ul><p>\n<a name=\"sport\"><\/a>\n<\/p><\/div><\/div><div class=\"ppb-col panel-grid-cell \" id=\"pgc-286-3-1\" ><div id=\"panel-286-3-1-0\" class=\"ppb-block ppb-no-mobile-spacing\" style=\"\" ><h2><strong>Loisirs et Voyages<\/strong><\/h2><p>\n<a style=\"color: #292929;\" href=\"\/fr\/abonnements\/\"><strong>Ghost Concierge<\/strong> r\u00e9serve pour vous les places \u00e9v\u00e9nements, organise vos voyages, le tout en vous enlevant les contraintes des d\u00e9marches !<\/a>\n<\/p><\/div><\/div><\/div><!--.panel-grid-cell-container--><\/div><!--.panel-row-style--><\/div><!--.panel-grid--><div class=\"panel-grid ppb-row\" id=\"pg-286-4\" style=\"margin-bottom: 0;\" ><div class=\"ppb-row panel-row-style panel-row-style-  ppb-stretch-full-width ppb-stretch-full-width-1 ppb-full-width-no-bg\" style=\"background-image: url( https:\/\/ghost-concierge.com\/wp-content\/uploads\/2017\/06\/ghost-concierge-sports-well-being-services.jpg ); background-size: cover; background-repeat: no-repeat; min-height:150px;padding-top:10%;;;padding-bottom:10%;\" ><style>#pg-286-4 .panel-grid-cell { padding: 0 2% 0; }#pg-286-4 .panel-row-style:before { background-color: rgba(  255, 255, 255, 0.5 ); }<\/style><div class='panel-grid-cell-container'><div class=\"ppb-col panel-grid-cell \" id=\"pgc-286-4-0\" ><div id=\"panel-286-4-0-0\" class=\"ppb-block ppb-no-mobile-spacing\" style=\"\" ><h2><strong>Bien \u00eatre et sport<\/strong><\/h2><p>\n<a style=\"color: #292929;\" href=\"\/fr\/abonnements\/\">Profiter et prendre soin de vous est une chose importante, c\u2019est pour cela que <strong>Ghost Concierge<\/strong> planifie pour vous vos moments de d\u00e9tentes et sportifs, que se soit \u00e0 l\u2019ext\u00e9rieur ou \u00e0 domicile !<\/a>\n<\/p><\/div><\/div><div class=\"ppb-col panel-grid-cell \" id=\"pgc-286-4-1\" ><div id=\"panel-286-4-1-0\" class=\"ppb-block ppb-no-mobile-spacing\" style=\"\" ><ul><li><a style=\"color: #292929;\" href=\"\/fr\/abonnements\/\">Esth\u00e9tique<\/a><\/li><li><a style=\"color: #292929;\" href=\"\/fr\/abonnements\/\">Massage<\/a><\/li><li><a style=\"color: #292929;\" href=\"\/fr\/abonnements\/\">Coach sportif priv\u00e9<\/a><\/li><li>etc...<\/li><\/ul><p>\n<a name=\"lifestyle\"><\/a>\n<\/p><\/div><\/div><\/div><!--.panel-grid-cell-container--><\/div><!--.panel-row-style--><\/div><!--.panel-grid--><div class=\"panel-grid ppb-row\" id=\"pg-286-5\" style=\"margin-bottom: 0;\" ><div class=\"ppb-row panel-row-style panel-row-style-  ppb-stretch-full-width ppb-stretch-full-width-1 ppb-full-width-no-bg\" style=\"padding-top:10%;;;padding-bottom:10%;\" ><style>#pg-286-5 .panel-grid-cell { padding: 0 2% 0; }#pg-286-5 .panel-row-style:before { background-color: rgba(  255, 255, 255, 0.5 ); }<\/style><div class='panel-grid-cell-container'><div class=\"ppb-col panel-grid-cell \" id=\"pgc-286-5-0\" ><div id=\"panel-286-5-0-0\" class=\"ppb-block ppb-no-mobile-spacing\" style=\"\" ><ul><li><a style=\"color: #292929;\" href=\"\/fr\/abonnements\/\">Shopping personnel<\/a><\/li><li><a style=\"color: #292929;\" href=\"\/fr\/abonnements\/\">Cordonnerie<\/a><\/li><li><a style=\"color: #292929;\" href=\"\/fr\/abonnements\/\">Barbier<\/a><\/li><li><a style=\"color: #292929;\" href=\"\/fr\/abonnements\/\">Coiffeur<\/a><\/li><li><a style=\"color: #292929;\" href=\"\/fr\/abonnements\/\">Spa<\/a><\/li><li><a style=\"color: #292929;\" href=\"\/fr\/abonnements\/\">Pressing \u00a0\u2026<\/a><\/li><\/ul><p>\n<a name=\"nightlife\"><\/a>\n<\/p><\/div><\/div><div class=\"ppb-col panel-grid-cell \" id=\"pgc-286-5-1\" ><div id=\"panel-286-5-1-0\" class=\"ppb-block ppb-no-mobile-spacing\" style=\"\" ><h2><strong>Lifestyle<\/strong><\/h2><p>\n<a style=\"color: #292929;\" href=\"\/fr\/abonnements\/\"><strong>Ghost Concierge<\/strong> vous accompagne dans la vie et prend soin de vous en r\u00e9servant un coiffeur, une proth\u00e9siste ongulaire\u2026 S\u00e9lectionnant pour vous les meilleures adresses et meilleurs stylistes du moment.<\/a>\n<\/p><\/div><\/div><\/div><!--.panel-grid-cell-container--><\/div><!--.panel-row-style--><\/div><!--.panel-grid--><div class=\"panel-grid ppb-row\" id=\"pg-286-6\" style=\"margin-bottom: 0;\" ><div class=\"ppb-row panel-row-style panel-row-style-  ppb-stretch-full-width ppb-stretch-full-width-1 ppb-full-width-no-bg\" style=\"background-image: url( https:\/\/ghost-concierge.com\/wp-content\/uploads\/2017\/06\/ghost-consierge-nightlife-services.jpg ); background-size: cover; background-repeat: no-repeat; min-height:150px;padding-top:10%;;;padding-bottom:10%;\" ><style>#pg-286-6 .panel-grid-cell { padding: 0 2% 0; }#pg-286-6 .panel-row-style:before { background-color: rgba(  255, 255, 255, 0.5 ); }<\/style><div class='panel-grid-cell-container'><div class=\"ppb-col panel-grid-cell \" id=\"pgc-286-6-0\" ><div id=\"panel-286-6-0-0\" class=\"ppb-block ppb-no-mobile-spacing\" style=\"\" ><h2><strong>Nightlife<\/strong><\/h2><p>\n<a style=\"color: #292929;\" href=\"\/fr\/abonnements\/\"><strong>Ghost Concierge<\/strong> s\u2019assure d\u2019\u00eatre \u00e0 l\u2019 aff\u00fbt de toutes les nouveaut\u00e9s tendances pour vous proposer les meilleurs endroits, tout en vous conseillant sur la vie nocturne de votre ville.<\/a>\n<\/p><\/div><\/div><div class=\"ppb-col panel-grid-cell \" id=\"pgc-286-6-1\" ><div id=\"panel-286-6-1-0\" class=\"ppb-block ppb-no-mobile-spacing\" style=\"\" ><ul><li><a style=\"color: #292929;\" href=\"\/fr\/abonnements\/\">R\u00e9servation table en discoth\u00e8que<\/a><\/li><li><a style=\"color: #292929;\" href=\"\/fr\/abonnements\/\">Bars \u00e0 la mode \u2026<\/a><\/li><\/ul><p>\n<a name=\"residences\"><\/a>\n<\/p><\/div><\/div><\/div><!--.panel-grid-cell-container--><\/div><!--.panel-row-style--><\/div><!--.panel-grid--><div class=\"panel-grid ppb-row\" id=\"pg-286-7\" style=\"margin-bottom: 0;\" ><div class=\"ppb-row panel-row-style panel-row-style-  ppb-stretch-full-width ppb-stretch-full-width-1 ppb-full-width-no-bg\" style=\"padding-top:10%;;;padding-bottom:10%;\" ><style>#pg-286-7 .panel-grid-cell { padding: 0 2% 0; }#pg-286-7 .panel-row-style:before { background-color: rgba(  255, 255, 255, 0.5 ); }<\/style><div class='panel-grid-cell-container'><div class=\"ppb-col panel-grid-cell \" id=\"pgc-286-7-0\" ><div id=\"panel-286-7-0-0\" class=\"ppb-block ppb-no-mobile-spacing\" style=\"\" ><ul><li><a style=\"color: #292929;\" href=\"\/fr\/abonnements\/\">Recherche de r\u00e9sidence principale ou secondaire<\/a><\/li><li><a style=\"color: #292929;\" href=\"\/fr\/abonnements\/\">Gardiennage<\/a><\/li><li><a style=\"color: #292929;\" href=\"\/fr\/abonnements\/\">Entretien<\/a><\/li><li><a style=\"color: #292929;\" href=\"\/fr\/abonnements\/\">Jardins<\/a><\/li><li><a style=\"color: #292929;\" href=\"\/fr\/abonnements\/\">Gestion de locataires, etc.<\/a><\/li><\/ul><\/div><\/div><div class=\"ppb-col panel-grid-cell \" id=\"pgc-286-7-1\" ><div id=\"panel-286-7-1-0\" class=\"ppb-block ppb-no-mobile-spacing\" style=\"\" ><h2><strong>R\u00e9sidences<\/strong><\/h2><p>\n<a style=\"color: #292929;\" href=\"\/fr\/abonnements\/\">Un d\u00e9m\u00e9nagement, un achat d\u2019une r\u00e9sidence secondaires ou autre ! <strong>Ghost Concierge<\/strong> s\u00e9lectionne les offres qui vous correspondent le mieux, et vous mets en relation avec un expert immobilier, tout en supprimant les interm\u00e9diaires vous offrant un gain de temps dans vos recherches.<\/a>\n<\/p><\/div><\/div><\/div><!--.panel-grid-cell-container--><\/div><!--.panel-row-style--><\/div><!--.panel-grid-->\t\t<\/div>\n\t\t","protected":false},"excerpt":{"rendered":"<p>Services Ghost Concierge s&rsquo;en occupe !Au Quotidien Ghost Concierge s\u2019occupe de toutes les probl\u00e9matiques qui vous submergent et vous prennent du temps chaque jour. En nous laissant la gestion de votre quotidien, nous vous laissons vous concentrer sur l\u2019essentiel ! Acc\u00e9dez \u00e0 vos offres depuis votre espace s\u00e9curis\u00e9 et profitez de nombreuses r\u00e9ductions allant jusqu&rsquo;\u00e0 [&hellip;]<\/p>\n","protected":false},"author":2,"featured_media":0,"parent":0,"menu_order":0,"comment_status":"closed","ping_status":"closed","template":"","meta":{"footnotes":""},"class_list":["post-286","page","type-page","status-publish","hentry"],"yoast_head":"<!-- This site is optimized with the Yoast SEO plugin v23.6 - https:\/\/yoast.com\/wordpress\/plugins\/seo\/ -->\n<title>Services - Ghost Concierge<\/title>\n<meta name=\"robots\" content=\"index, follow, max-snippet:-1, max-image-preview:large, max-video-preview:-1\" \/>\n<link rel=\"canonical\" href=\"https:\/\/ghost-concierge.com\/fr\/services\/\" \/>\n<meta property=\"og:locale\" content=\"fr_FR\" \/>\n<meta property=\"og:type\" content=\"article\" \/>\n<meta property=\"og:title\" content=\"Services - Ghost Concierge\" \/>\n<meta property=\"og:description\" content=\"Services Ghost Concierge s&#039;en occupe !Au Quotidien Ghost Concierge s\u2019occupe de toutes les probl\u00e9matiques qui vous submergent et vous prennent du temps chaque jour. En nous laissant la gestion de votre quotidien, nous vous laissons vous concentrer sur l\u2019essentiel ! Acc\u00e9dez \u00e0 vos offres depuis votre espace s\u00e9curis\u00e9 et profitez de nombreuses r\u00e9ductions allant jusqu&#039;\u00e0 [&hellip;]\" \/>\n<meta property=\"og:url\" content=\"https:\/\/ghost-concierge.com\/fr\/services\/\" \/>\n<meta property=\"og:site_name\" content=\"Ghost Concierge\" \/>\n<meta property=\"article:modified_time\" content=\"2021-10-26T09:58:00+00:00\" \/>\n<meta property=\"og:image\" content=\"https:\/\/ghost-concierge.com\/wp-content\/uploads\/2017\/06\/ghost-concierge-card-tilted-300x266.png\" \/>\n<meta name=\"twitter:card\" content=\"summary_large_image\" \/>\n<meta name=\"twitter:label1\" content=\"Dur\u00e9e de lecture estim\u00e9e\" \/>\n\t<meta name=\"twitter:data1\" content=\"2 minutes\" \/>\n<script type=\"application\/ld+json\" class=\"yoast-schema-graph\">{\"@context\":\"https:\/\/schema.org\",\"@graph\":[{\"@type\":\"WebPage\",\"@id\":\"https:\/\/ghost-concierge.com\/fr\/services\/\",\"url\":\"https:\/\/ghost-concierge.com\/fr\/services\/\",\"name\":\"Services - Ghost Concierge\",\"isPartOf\":{\"@id\":\"https:\/\/ghost-concierge.com\/#website\"},\"primaryImageOfPage\":{\"@id\":\"https:\/\/ghost-concierge.com\/fr\/services\/#primaryimage\"},\"image\":{\"@id\":\"https:\/\/ghost-concierge.com\/fr\/services\/#primaryimage\"},\"thumbnailUrl\":\"https:\/\/ghost-concierge.com\/wp-content\/uploads\/2017\/06\/ghost-concierge-card-tilted-300x266.png\",\"datePublished\":\"2017-05-13T23:15:28+00:00\",\"dateModified\":\"2021-10-26T09:58:00+00:00\",\"breadcrumb\":{\"@id\":\"https:\/\/ghost-concierge.com\/fr\/services\/#breadcrumb\"},\"inLanguage\":\"fr-FR\",\"potentialAction\":[{\"@type\":\"ReadAction\",\"target\":[\"https:\/\/ghost-concierge.com\/fr\/services\/\"]}]},{\"@type\":\"ImageObject\",\"inLanguage\":\"fr-FR\",\"@id\":\"https:\/\/ghost-concierge.com\/fr\/services\/#primaryimage\",\"url\":\"https:\/\/ghost-concierge.com\/wp-content\/uploads\/2017\/06\/ghost-concierge-card-tilted-300x266.png\",\"contentUrl\":\"https:\/\/ghost-concierge.com\/wp-content\/uploads\/2017\/06\/ghost-concierge-card-tilted-300x266.png\"},{\"@type\":\"BreadcrumbList\",\"@id\":\"https:\/\/ghost-concierge.com\/fr\/services\/#breadcrumb\",\"itemListElement\":[{\"@type\":\"ListItem\",\"position\":1,\"name\":\"Home\",\"item\":\"https:\/\/ghost-concierge.com\/fr\/\"},{\"@type\":\"ListItem\",\"position\":2,\"name\":\"Services\"}]},{\"@type\":\"WebSite\",\"@id\":\"https:\/\/ghost-concierge.com\/#website\",\"url\":\"https:\/\/ghost-concierge.com\/\",\"name\":\"Ghost Concierge\",\"description\":\"Making the luxury of time accessible\",\"potentialAction\":[{\"@type\":\"SearchAction\",\"target\":{\"@type\":\"EntryPoint\",\"urlTemplate\":\"https:\/\/ghost-concierge.com\/?s={search_term_string}\"},\"query-input\":{\"@type\":\"PropertyValueSpecification\",\"valueRequired\":true,\"valueName\":\"search_term_string\"}}],\"inLanguage\":\"fr-FR\"}]}<\/script>\n<!-- \/ Yoast SEO plugin. -->","yoast_head_json":{"title":"Services - Ghost Concierge","robots":{"index":"index","follow":"follow","max-snippet":"max-snippet:-1","max-image-preview":"max-image-preview:large","max-video-preview":"max-video-preview:-1"},"canonical":"https:\/\/ghost-concierge.com\/fr\/services\/","og_locale":"fr_FR","og_type":"article","og_title":"Services - Ghost Concierge","og_description":"Services Ghost Concierge s'en occupe !Au Quotidien Ghost Concierge s\u2019occupe de toutes les probl\u00e9matiques qui vous submergent et vous prennent du temps chaque jour. En nous laissant la gestion de votre quotidien, nous vous laissons vous concentrer sur l\u2019essentiel ! Acc\u00e9dez \u00e0 vos offres depuis votre espace s\u00e9curis\u00e9 et profitez de nombreuses r\u00e9ductions allant jusqu'\u00e0 [&hellip;]","og_url":"https:\/\/ghost-concierge.com\/fr\/services\/","og_site_name":"Ghost Concierge","article_modified_time":"2021-10-26T09:58:00+00:00","og_image":[{"url":"https:\/\/ghost-concierge.com\/wp-content\/uploads\/2017\/06\/ghost-concierge-card-tilted-300x266.png"}],"twitter_card":"summary_large_image","twitter_misc":{"Dur\u00e9e de lecture estim\u00e9e":"2 minutes"},"schema":{"@context":"https:\/\/schema.org","@graph":[{"@type":"WebPage","@id":"https:\/\/ghost-concierge.com\/fr\/services\/","url":"https:\/\/ghost-concierge.com\/fr\/services\/","name":"Services - Ghost Concierge","isPartOf":{"@id":"https:\/\/ghost-concierge.com\/#website"},"primaryImageOfPage":{"@id":"https:\/\/ghost-concierge.com\/fr\/services\/#primaryimage"},"image":{"@id":"https:\/\/ghost-concierge.com\/fr\/services\/#primaryimage"},"thumbnailUrl":"https:\/\/ghost-concierge.com\/wp-content\/uploads\/2017\/06\/ghost-concierge-card-tilted-300x266.png","datePublished":"2017-05-13T23:15:28+00:00","dateModified":"2021-10-26T09:58:00+00:00","breadcrumb":{"@id":"https:\/\/ghost-concierge.com\/fr\/services\/#breadcrumb"},"inLanguage":"fr-FR","potentialAction":[{"@type":"ReadAction","target":["https:\/\/ghost-concierge.com\/fr\/services\/"]}]},{"@type":"ImageObject","inLanguage":"fr-FR","@id":"https:\/\/ghost-concierge.com\/fr\/services\/#primaryimage","url":"https:\/\/ghost-concierge.com\/wp-content\/uploads\/2017\/06\/ghost-concierge-card-tilted-300x266.png","contentUrl":"https:\/\/ghost-concierge.com\/wp-content\/uploads\/2017\/06\/ghost-concierge-card-tilted-300x266.png"},{"@type":"BreadcrumbList","@id":"https:\/\/ghost-concierge.com\/fr\/services\/#breadcrumb","itemListElement":[{"@type":"ListItem","position":1,"name":"Home","item":"https:\/\/ghost-concierge.com\/fr\/"},{"@type":"ListItem","position":2,"name":"Services"}]},{"@type":"WebSite","@id":"https:\/\/ghost-concierge.com\/#website","url":"https:\/\/ghost-concierge.com\/","name":"Ghost Concierge","description":"Making the luxury of time accessible","potentialAction":[{"@type":"SearchAction","target":{"@type":"EntryPoint","urlTemplate":"https:\/\/ghost-concierge.com\/?s={search_term_string}"},"query-input":{"@type":"PropertyValueSpecification","valueRequired":true,"valueName":"search_term_string"}}],"inLanguage":"fr-FR"}]}},"_links":{"self":[{"href":"https:\/\/ghost-concierge.com\/fr\/wp-json\/wp\/v2\/pages\/286"}],"collection":[{"href":"https:\/\/ghost-concierge.com\/fr\/wp-json\/wp\/v2\/pages"}],"about":[{"href":"https:\/\/ghost-concierge.com\/fr\/wp-json\/wp\/v2\/types\/page"}],"author":[{"embeddable":true,"href":"https:\/\/ghost-concierge.com\/fr\/wp-json\/wp\/v2\/users\/2"}],"replies":[{"embeddable":true,"href":"https:\/\/ghost-concierge.com\/fr\/wp-json\/wp\/v2\/comments?post=286"}],"version-history":[{"count":6,"href":"https:\/\/ghost-concierge.com\/fr\/wp-json\/wp\/v2\/pages\/286\/revisions"}],"predecessor-version":[{"id":1048,"href":"https:\/\/ghost-concierge.com\/fr\/wp-json\/wp\/v2\/pages\/286\/revisions\/1048"}],"wp:attachment":[{"href":"https:\/\/ghost-concierge.com\/fr\/wp-json\/wp\/v2\/media?parent=286"}],"curies":[{"name":"wp","href":"https:\/\/api.w.org\/{rel}","templated":true}]}}