{"id":283,"date":"2017-05-13T23:15:16","date_gmt":"2017-05-14T03:15:16","guid":{"rendered":"https:\/\/ghost-concierge.com\/about-us\/"},"modified":"2020-04-21T11:46:52","modified_gmt":"2020-04-21T15:46:52","slug":"a-propos-de-ghost-concierge","status":"publish","type":"page","link":"https:\/\/ghost-concierge.com\/fr\/a-propos-de-ghost-concierge\/","title":{"rendered":"A propos de nous"},"content":{"rendered":"\n\t<style>\n\t\t.home.blog .site-header, .home.post-type-archive-product .site-header,\n\t\t.home.page:not(.page-template-template-homepage) .site-header, .storefront-pro-active .site-header,\n\t\t.storefront-pro-active .storefront-breadcrumb, .storefront-pro-active .no-wc-breadcrumb .site-header { margin-bottom: 0; }\n\t\t.storefront-pro-active .storefront-breadcrumb { display: none; }\n\t\t.storefront-pro-active .hentry .entry-header { display: none; }\n\t\t.storefront-pro-active #secondary { margin-top: 4.236em; }\n\t\t.storefront-pro-active .page.hentry { margin: 0; padding: 0; border: none; }\n\t\t.storefront-pro-active .site-main,\n\t\t.sfp-nav-styleleft-vertical #content,\n\t\t.storefront-pro-active .content-area {margin: 0;}\n\t<\/style>\t\t<div id=\"pootle-page-builder\">\n\t\t\t<!----------Pootle Page Builder Inline Styles---------->\n\t\t\t<style id=\"pootle-live-editor-styles\" type=\"text\/css\" media=\"all\">\n\t\t\t\t.panel-grid-cell .panel { margin-bottom: 0px } @media ( max-width:780px ) { #pootle-page-builder .panel-grid-cell-container .panel-grid-cell { width:100%;flex: 1 0; } #pootle-page-builder .panel-grid-cell-container { flex-direction: column; } .panel-grid-cell:not(:last-child) { margin-bottom: 0px } .ppb-no-mobile-spacing { padding: 0 !important; margin: 0 !important; } .hide-on-mobile { display: none } br.rwd { display: block } .ppb-mobile-behaviour-2.ppb-block { margin-left:auto!important;margin-right:auto!important;margin-top:auto!important;margin-bottom:auto!important } .panel-grid { margin-left: 0 !important; margin-right: 0 !important; } .panel-grid-cell { padding: 0 !important; max-width: 100% !important; }  } \t\t\t<\/style>\n\t\t\t<div class=\"panel-grid ppb-row\" id=\"pg-283-0\" style=\"margin-bottom: 60px;\" ><div class=\"ppb-row panel-row-style panel-row-style-page-header page-header ppb-stretch-full-width ppb-stretch-full-width-1 ppb-full-width-no-bg\" style=\"background-image: url( https:\/\/ghost-concierge.com\/wp-content\/uploads\/2017\/05\/ghost-concierge-page-header.jpg ); background-size: cover; background-repeat: no-repeat; min-height:250px;\" ><style>#pg-283-0 .panel-grid-cell { padding: 0 0.5% 0; }<\/style><div class='panel-grid-cell-container'><div class=\"ppb-col panel-grid-cell \" id=\"pgc-283-0-0\" ><div id=\"panel-283-0-0-0\" class=\"ppb-block  ppb-content-v-center ppb-no-mobile-spacing\" style=\"margin-top: 81.5px;margin-left: 2px;\" ><h1>A propos de nous<\/h1><\/div><\/div><\/div><!--.panel-grid-cell-container--><\/div><!--.panel-row-style--><\/div><!--.panel-grid--><div class=\"panel-grid ppb-row\" id=\"pg-283-1\" style=\"margin-bottom: 0;\" ><div class=\"ppb-row panel-row-style panel-row-style- \" style=\"\" ><style>#pg-283-1 .panel-grid-cell { padding: 0 0.5% 0; }<\/style><div class='panel-grid-cell-container'><div class=\"ppb-col panel-grid-cell \" id=\"pgc-283-1-0\" ><div id=\"panel-283-1-0-0\" class=\"ppb-block ppb-no-mobile-spacing\" style=\"\" ><h2>Que faisons nous ?&nbsp;<\/h2><p>\nNous r\u00e9alisons plusieurs types de services au quotidien, comme trouver un serrurier ou un plombier en urgence, attendre une livraison, acheter un cadeau, vous r\u00e9server un restaurant, trouver une baby-sitter au dernier moment et bien plus encore, dans le but de vous simplifier la vie tout en vous faisant gagner du temps.\n<\/p><blockquote><p>\n\u00ab Le temps est un luxe que nous sommes en mesure de vous offrir ! \u00bb\n<\/p><\/blockquote><h2><br><\/h2><\/div><\/div><\/div><!--.panel-grid-cell-container--><\/div><!--.panel-row-style--><\/div><!--.panel-grid--><div class=\"panel-grid ppb-row\" id=\"pg-283-2\" style=\"margin-top: 60px;margin-bottom: 60px;\" ><div class=\"ppb-row panel-row-style panel-row-style-  ppb-row-effect-3 ppb-stretch-full-width ppb-stretch-full-width-1 ppb-full-width-no-bg\" style=\"background-image: url( https:\/\/ghost-concierge.com\/wp-content\/uploads\/2017\/06\/ghost-concierge-for-families.jpg ); background-size: cover; background-repeat: no-repeat; min-height:250px;\" ><style>#pg-283-2 .panel-grid-cell { padding: 0 0.5% 0; }#pg-283-2 .panel-row-style:before { background-color: rgba(  255, 255, 255, 0.44 ); }<\/style><div class=\"ppb-row-kenburns-wrap\"><img src='https:\/\/ghost-concierge.com\/wp-content\/uploads\/2017\/06\/ghost-concierge-for-families.jpg' class='ppb-row-kenburns'><\/div><div class='panel-grid-cell-container'><div class=\"ppb-col panel-grid-cell \" id=\"pgc-283-2-0\" ><div id=\"panel-283-2-0-0\" class=\"ppb-block  ppb-content-v-center ppb-no-mobile-spacing\" style=\"margin-top: 91.5px;margin-left: 7px;\" ><h2 style=\"text-align: center;\" data-mce-style=\"text-align: center;\">Pourquoi nous ?<\/h2><\/div><\/div><\/div><!--.panel-grid-cell-container--><\/div><!--.panel-row-style--><\/div><!--.panel-grid--><div class=\"panel-grid ppb-row\" id=\"pg-283-3\" style=\"margin-bottom: 0;\" ><div class=\"ppb-row panel-row-style panel-row-style- \" style=\"\" ><style>#pg-283-3 .panel-grid-cell { padding: 0 0.5% 0; }<\/style><div class='panel-grid-cell-container'><div class=\"ppb-col panel-grid-cell \" id=\"pgc-283-3-0\" ><div id=\"panel-283-3-0-0\" class=\"ppb-block ppb-no-mobile-spacing\" style=\"\" ><ul wfd-id=\"143\"><li wfd-id=\"147\">Mise \u00e0 disposition de personnel qualifi\u00e9 et sp\u00e9cialis\u00e9 dans plusieurs domaines.<\/li><li wfd-id=\"146\">Nous \u00e9tudions votre personnalit\u00e9 afin de vous proposer au mieux les prestations dont vous avez et aurez r\u00e9ellement besoin.<\/li><li wfd-id=\"145\">Nous sommes \u00e0 votre disposition 24\/7* par t\u00e9l\u00e9phone, SMS ou Email.<\/li><li wfd-id=\"144\">Nous avons plusieurs abonnements pour faciliter l\u2019acc\u00e8s de la conciergerie pour tous budgets.<\/li><\/ul><p>\n<em>* selon abonnement choisi<\/em>\n<\/p><h3>Histoires de Conciergerie...<\/h3><p>\nNous avons r\u00e9quisitionn\u00e9 un camion d\u2019eau potable un jour f\u00e9ri\u00e9 pour remplir une citerne d\u2019une villa de luxe car il y avait une coupure d\u2019eau g\u00e9n\u00e9rale sur l\u2019\u00eele et nos clients voulaient absolument prendre une douche au retour de la plage.\n<\/p><p>\nUn de nos clients nous a contact\u00e9 un dimanche pour prendre la temp\u00e9rature sortant du climatiseur, pour voir si cela \u00e9tait la m\u00eame que celle indiqu\u00e9e sur l\u2019\u00e9cran d\u2019affichage de celui-ci !!!\n<\/p><\/div><\/div><\/div><!--.panel-grid-cell-container--><\/div><!--.panel-row-style--><\/div><!--.panel-grid-->\t\t<\/div>\n\t\t","protected":false},"excerpt":{"rendered":"<p>A propos de nousQue faisons nous ?&nbsp; Nous r\u00e9alisons plusieurs types de services au quotidien, comme trouver un serrurier ou un plombier en urgence, attendre une livraison, acheter un cadeau, vous r\u00e9server un restaurant, trouver une baby-sitter au dernier moment et bien plus encore, dans le but de vous simplifier la vie tout en vous [&hellip;]<\/p>\n","protected":false},"author":2,"featured_media":0,"parent":0,"menu_order":0,"comment_status":"closed","ping_status":"closed","template":"","meta":{"footnotes":""},"class_list":["post-283","page","type-page","status-publish","hentry"],"yoast_head":"<!-- This site is optimized with the Yoast SEO plugin v23.6 - https:\/\/yoast.com\/wordpress\/plugins\/seo\/ -->\n<title>A propos de nous - Ghost Concierge<\/title>\n<meta name=\"robots\" content=\"index, follow, max-snippet:-1, max-image-preview:large, max-video-preview:-1\" \/>\n<link rel=\"canonical\" href=\"https:\/\/ghost-concierge.com\/fr\/a-propos-de-ghost-concierge\/\" \/>\n<meta property=\"og:locale\" content=\"fr_FR\" \/>\n<meta property=\"og:type\" content=\"article\" \/>\n<meta property=\"og:title\" content=\"A propos de nous - Ghost Concierge\" \/>\n<meta property=\"og:description\" content=\"A propos de nousQue faisons nous ?&nbsp; Nous r\u00e9alisons plusieurs types de services au quotidien, comme trouver un serrurier ou un plombier en urgence, attendre une livraison, acheter un cadeau, vous r\u00e9server un restaurant, trouver une baby-sitter au dernier moment et bien plus encore, dans le but de vous simplifier la vie tout en vous [&hellip;]\" \/>\n<meta property=\"og:url\" content=\"https:\/\/ghost-concierge.com\/fr\/a-propos-de-ghost-concierge\/\" \/>\n<meta property=\"og:site_name\" content=\"Ghost Concierge\" \/>\n<meta property=\"article:modified_time\" content=\"2020-04-21T15:46:52+00:00\" \/>\n<meta name=\"twitter:card\" content=\"summary_large_image\" \/>\n<meta name=\"twitter:label1\" content=\"Dur\u00e9e de lecture estim\u00e9e\" \/>\n\t<meta name=\"twitter:data1\" content=\"1 minute\" \/>\n<script type=\"application\/ld+json\" class=\"yoast-schema-graph\">{\"@context\":\"https:\/\/schema.org\",\"@graph\":[{\"@type\":\"WebPage\",\"@id\":\"https:\/\/ghost-concierge.com\/fr\/a-propos-de-ghost-concierge\/\",\"url\":\"https:\/\/ghost-concierge.com\/fr\/a-propos-de-ghost-concierge\/\",\"name\":\"A propos de nous - Ghost Concierge\",\"isPartOf\":{\"@id\":\"https:\/\/ghost-concierge.com\/#website\"},\"datePublished\":\"2017-05-14T03:15:16+00:00\",\"dateModified\":\"2020-04-21T15:46:52+00:00\",\"breadcrumb\":{\"@id\":\"https:\/\/ghost-concierge.com\/fr\/a-propos-de-ghost-concierge\/#breadcrumb\"},\"inLanguage\":\"fr-FR\",\"potentialAction\":[{\"@type\":\"ReadAction\",\"target\":[\"https:\/\/ghost-concierge.com\/fr\/a-propos-de-ghost-concierge\/\"]}]},{\"@type\":\"BreadcrumbList\",\"@id\":\"https:\/\/ghost-concierge.com\/fr\/a-propos-de-ghost-concierge\/#breadcrumb\",\"itemListElement\":[{\"@type\":\"ListItem\",\"position\":1,\"name\":\"Home\",\"item\":\"https:\/\/ghost-concierge.com\/fr\/\"},{\"@type\":\"ListItem\",\"position\":2,\"name\":\"A propos de nous\"}]},{\"@type\":\"WebSite\",\"@id\":\"https:\/\/ghost-concierge.com\/#website\",\"url\":\"https:\/\/ghost-concierge.com\/\",\"name\":\"Ghost Concierge\",\"description\":\"Making the luxury of time accessible\",\"potentialAction\":[{\"@type\":\"SearchAction\",\"target\":{\"@type\":\"EntryPoint\",\"urlTemplate\":\"https:\/\/ghost-concierge.com\/?s={search_term_string}\"},\"query-input\":{\"@type\":\"PropertyValueSpecification\",\"valueRequired\":true,\"valueName\":\"search_term_string\"}}],\"inLanguage\":\"fr-FR\"}]}<\/script>\n<!-- \/ Yoast SEO plugin. -->","yoast_head_json":{"title":"A propos de nous - Ghost Concierge","robots":{"index":"index","follow":"follow","max-snippet":"max-snippet:-1","max-image-preview":"max-image-preview:large","max-video-preview":"max-video-preview:-1"},"canonical":"https:\/\/ghost-concierge.com\/fr\/a-propos-de-ghost-concierge\/","og_locale":"fr_FR","og_type":"article","og_title":"A propos de nous - Ghost Concierge","og_description":"A propos de nousQue faisons nous ?&nbsp; Nous r\u00e9alisons plusieurs types de services au quotidien, comme trouver un serrurier ou un plombier en urgence, attendre une livraison, acheter un cadeau, vous r\u00e9server un restaurant, trouver une baby-sitter au dernier moment et bien plus encore, dans le but de vous simplifier la vie tout en vous [&hellip;]","og_url":"https:\/\/ghost-concierge.com\/fr\/a-propos-de-ghost-concierge\/","og_site_name":"Ghost Concierge","article_modified_time":"2020-04-21T15:46:52+00:00","twitter_card":"summary_large_image","twitter_misc":{"Dur\u00e9e de lecture estim\u00e9e":"1 minute"},"schema":{"@context":"https:\/\/schema.org","@graph":[{"@type":"WebPage","@id":"https:\/\/ghost-concierge.com\/fr\/a-propos-de-ghost-concierge\/","url":"https:\/\/ghost-concierge.com\/fr\/a-propos-de-ghost-concierge\/","name":"A propos de nous - Ghost Concierge","isPartOf":{"@id":"https:\/\/ghost-concierge.com\/#website"},"datePublished":"2017-05-14T03:15:16+00:00","dateModified":"2020-04-21T15:46:52+00:00","breadcrumb":{"@id":"https:\/\/ghost-concierge.com\/fr\/a-propos-de-ghost-concierge\/#breadcrumb"},"inLanguage":"fr-FR","potentialAction":[{"@type":"ReadAction","target":["https:\/\/ghost-concierge.com\/fr\/a-propos-de-ghost-concierge\/"]}]},{"@type":"BreadcrumbList","@id":"https:\/\/ghost-concierge.com\/fr\/a-propos-de-ghost-concierge\/#breadcrumb","itemListElement":[{"@type":"ListItem","position":1,"name":"Home","item":"https:\/\/ghost-concierge.com\/fr\/"},{"@type":"ListItem","position":2,"name":"A propos de nous"}]},{"@type":"WebSite","@id":"https:\/\/ghost-concierge.com\/#website","url":"https:\/\/ghost-concierge.com\/","name":"Ghost Concierge","description":"Making the luxury of time accessible","potentialAction":[{"@type":"SearchAction","target":{"@type":"EntryPoint","urlTemplate":"https:\/\/ghost-concierge.com\/?s={search_term_string}"},"query-input":{"@type":"PropertyValueSpecification","valueRequired":true,"valueName":"search_term_string"}}],"inLanguage":"fr-FR"}]}},"_links":{"self":[{"href":"https:\/\/ghost-concierge.com\/fr\/wp-json\/wp\/v2\/pages\/283"}],"collection":[{"href":"https:\/\/ghost-concierge.com\/fr\/wp-json\/wp\/v2\/pages"}],"about":[{"href":"https:\/\/ghost-concierge.com\/fr\/wp-json\/wp\/v2\/types\/page"}],"author":[{"embeddable":true,"href":"https:\/\/ghost-concierge.com\/fr\/wp-json\/wp\/v2\/users\/2"}],"replies":[{"embeddable":true,"href":"https:\/\/ghost-concierge.com\/fr\/wp-json\/wp\/v2\/comments?post=283"}],"version-history":[{"count":2,"href":"https:\/\/ghost-concierge.com\/fr\/wp-json\/wp\/v2\/pages\/283\/revisions"}],"predecessor-version":[{"id":452,"href":"https:\/\/ghost-concierge.com\/fr\/wp-json\/wp\/v2\/pages\/283\/revisions\/452"}],"wp:attachment":[{"href":"https:\/\/ghost-concierge.com\/fr\/wp-json\/wp\/v2\/media?parent=283"}],"curies":[{"name":"wp","href":"https:\/\/api.w.org\/{rel}","templated":true}]}}