{"id":1167,"date":"2021-12-20T12:07:50","date_gmt":"2021-12-20T17:07:50","guid":{"rendered":"https:\/\/ghost-concierge.com\/?page_id=1167"},"modified":"2021-12-23T06:34:25","modified_gmt":"2021-12-23T11:34:25","slug":"emiles","status":"publish","type":"page","link":"https:\/\/ghost-concierge.com\/fr\/emiles\/","title":{"rendered":"Emile&rsquo;s"},"content":{"rendered":"\n<div class=\"wp-block-image\"><figure class=\"aligncenter size-full is-resized\"><img loading=\"lazy\" decoding=\"async\" src=\"https:\/\/ghost-concierge.com\/wp-content\/uploads\/2021\/12\/emiles-logo.png\" alt=\"\" class=\"wp-image-1168\" width=\"313\" height=\"130\"\/><\/figure><\/div>\n\n\n\n<p><\/p>\n\n\n\n<h2 class=\"has-text-align-center has-vivid-cyan-blue-color has-text-color wp-block-heading\">Emile&rsquo;s X Ghost-concierge<\/h2>\n\n\n\n<p><\/p>\n\n\n\n<p class=\"has-text-align-center has-black-color has-text-color\"> Emile\u2019s, c&rsquo;est votre  nouveau coll\u00e8gue. Il aime vous donner le sourire &#8230; et vous d\u00e9voiler tous ses bons plans.<br>Il est l\u00e0 pour vous accompagner dans vos choix&nbsp;de loisirs, de vacances et tous vos achats du quotidien.<br>Sa mission ? Vous offrir la meilleure exp\u00e9rience possible et vous d\u00e9nicher de merveilleuses offres.<br>On dit de lui qu&rsquo;il est sympathique, g\u00e9n\u00e9reux, cr\u00e9atif et \u00e0 l&rsquo;\u00e9coute.&nbsp;<\/p>\n\n\n\n<p><\/p>\n\n\n\n<p><\/p>\n\n\n\n<div data-wp-interactive=\"core\/file\" class=\"wp-block-file\"><object data-wp-bind--hidden=\"!state.hasPdfPreview\"  class=\"wp-block-file__embed\" data=\"https:\/\/ghost-concierge.com\/wp-content\/uploads\/2021\/12\/catalogue-Ghosts-1.pdf\" type=\"application\/pdf\" style=\"width:100%;height:600px\" aria-label=\"Contenu embarqu\u00e9 Embed of catalogue-Ghosts-1..\"><\/object><a href=\"https:\/\/ghost-concierge.com\/wp-content\/uploads\/2021\/12\/catalogue-Ghosts-1.pdf\">catalogue-Ghosts-1<\/a><a href=\"https:\/\/ghost-concierge.com\/wp-content\/uploads\/2021\/12\/catalogue-Ghosts-1.pdf\" class=\"wp-block-file__button\" download>Download<\/a><\/div>\n\n\n\n<div data-wp-interactive=\"core\/file\" class=\"wp-block-file\"><object data-wp-bind--hidden=\"!state.hasPdfPreview\"  class=\"wp-block-file__embed\" data=\"https:\/\/ghost-concierge.com\/wp-content\/uploads\/2021\/12\/Bon-de-commande-et-CGV.pdf\" type=\"application\/pdf\" style=\"width:100%;height:600px\" aria-label=\"Contenu embarqu\u00e9 Embed of Bon-de-commande-et-CGV..\"><\/object><a href=\"https:\/\/ghost-concierge.com\/wp-content\/uploads\/2021\/12\/Bon-de-commande-et-CGV.pdf\">Bon-de-commande-et-CGV<\/a><a href=\"https:\/\/ghost-concierge.com\/wp-content\/uploads\/2021\/12\/Bon-de-commande-et-CGV.pdf\" class=\"wp-block-file__button\" download>Download<\/a><\/div>\n","protected":false},"excerpt":{"rendered":"<p>Emile&rsquo;s X Ghost-concierge Emile\u2019s, c&rsquo;est votre nouveau coll\u00e8gue. Il aime vous donner le sourire &#8230; et vous d\u00e9voiler tous ses bons plans.Il est l\u00e0 pour vous accompagner dans vos choix&nbsp;de loisirs, de vacances et tous vos achats du quotidien.Sa mission ? Vous offrir la meilleure exp\u00e9rience possible et vous d\u00e9nicher de merveilleuses offres.On dit de [&hellip;]<\/p>\n","protected":false},"author":2,"featured_media":0,"parent":0,"menu_order":0,"comment_status":"closed","ping_status":"closed","template":"","meta":{"footnotes":""},"class_list":["post-1167","page","type-page","status-publish","hentry"],"yoast_head":"<!-- This site is optimized with the Yoast SEO plugin v23.6 - https:\/\/yoast.com\/wordpress\/plugins\/seo\/ -->\n<title>Emile&#039;s - Ghost Concierge<\/title>\n<meta name=\"robots\" content=\"noindex, nofollow\" \/>\n<meta property=\"og:locale\" content=\"fr_FR\" \/>\n<meta property=\"og:type\" content=\"article\" \/>\n<meta property=\"og:title\" content=\"Emile&#039;s - Ghost Concierge\" \/>\n<meta property=\"og:description\" content=\"Emile&rsquo;s X Ghost-concierge Emile\u2019s, c&rsquo;est votre nouveau coll\u00e8gue. Il aime vous donner le sourire &#8230; et vous d\u00e9voiler tous ses bons plans.Il est l\u00e0 pour vous accompagner dans vos choix&nbsp;de loisirs, de vacances et tous vos achats du quotidien.Sa mission ? Vous offrir la meilleure exp\u00e9rience possible et vous d\u00e9nicher de merveilleuses offres.On dit de [&hellip;]\" \/>\n<meta property=\"og:url\" content=\"https:\/\/ghost-concierge.com\/fr\/emiles\/\" \/>\n<meta property=\"og:site_name\" content=\"Ghost Concierge\" \/>\n<meta property=\"article:modified_time\" content=\"2021-12-23T11:34:25+00:00\" \/>\n<meta property=\"og:image\" content=\"https:\/\/ghost-concierge.com\/wp-content\/uploads\/2021\/12\/emiles-logo.png\" \/>\n<meta name=\"twitter:card\" content=\"summary_large_image\" \/>\n<meta name=\"twitter:label1\" content=\"Dur\u00e9e de lecture estim\u00e9e\" \/>\n\t<meta name=\"twitter:data1\" content=\"1 minute\" \/>\n<script type=\"application\/ld+json\" class=\"yoast-schema-graph\">{\"@context\":\"https:\/\/schema.org\",\"@graph\":[{\"@type\":\"WebPage\",\"@id\":\"https:\/\/ghost-concierge.com\/fr\/emiles\/\",\"url\":\"https:\/\/ghost-concierge.com\/fr\/emiles\/\",\"name\":\"Emile's - Ghost Concierge\",\"isPartOf\":{\"@id\":\"https:\/\/ghost-concierge.com\/#website\"},\"primaryImageOfPage\":{\"@id\":\"https:\/\/ghost-concierge.com\/fr\/emiles\/#primaryimage\"},\"image\":{\"@id\":\"https:\/\/ghost-concierge.com\/fr\/emiles\/#primaryimage\"},\"thumbnailUrl\":\"https:\/\/ghost-concierge.com\/wp-content\/uploads\/2021\/12\/emiles-logo.png\",\"datePublished\":\"2021-12-20T17:07:50+00:00\",\"dateModified\":\"2021-12-23T11:34:25+00:00\",\"breadcrumb\":{\"@id\":\"https:\/\/ghost-concierge.com\/fr\/emiles\/#breadcrumb\"},\"inLanguage\":\"fr-FR\",\"potentialAction\":[{\"@type\":\"ReadAction\",\"target\":[\"https:\/\/ghost-concierge.com\/fr\/emiles\/\"]}]},{\"@type\":\"ImageObject\",\"inLanguage\":\"fr-FR\",\"@id\":\"https:\/\/ghost-concierge.com\/fr\/emiles\/#primaryimage\",\"url\":\"https:\/\/ghost-concierge.com\/wp-content\/uploads\/2021\/12\/emiles-logo.png\",\"contentUrl\":\"https:\/\/ghost-concierge.com\/wp-content\/uploads\/2021\/12\/emiles-logo.png\"},{\"@type\":\"BreadcrumbList\",\"@id\":\"https:\/\/ghost-concierge.com\/fr\/emiles\/#breadcrumb\",\"itemListElement\":[{\"@type\":\"ListItem\",\"position\":1,\"name\":\"Home\",\"item\":\"https:\/\/ghost-concierge.com\/fr\/\"},{\"@type\":\"ListItem\",\"position\":2,\"name\":\"Emile&rsquo;s\"}]},{\"@type\":\"WebSite\",\"@id\":\"https:\/\/ghost-concierge.com\/#website\",\"url\":\"https:\/\/ghost-concierge.com\/\",\"name\":\"Ghost Concierge\",\"description\":\"Making the luxury of time accessible\",\"potentialAction\":[{\"@type\":\"SearchAction\",\"target\":{\"@type\":\"EntryPoint\",\"urlTemplate\":\"https:\/\/ghost-concierge.com\/?s={search_term_string}\"},\"query-input\":{\"@type\":\"PropertyValueSpecification\",\"valueRequired\":true,\"valueName\":\"search_term_string\"}}],\"inLanguage\":\"fr-FR\"}]}<\/script>\n<!-- \/ Yoast SEO plugin. -->","yoast_head_json":{"title":"Emile's - Ghost Concierge","robots":{"index":"noindex","follow":"nofollow"},"og_locale":"fr_FR","og_type":"article","og_title":"Emile's - Ghost Concierge","og_description":"Emile&rsquo;s X Ghost-concierge Emile\u2019s, c&rsquo;est votre nouveau coll\u00e8gue. Il aime vous donner le sourire &#8230; et vous d\u00e9voiler tous ses bons plans.Il est l\u00e0 pour vous accompagner dans vos choix&nbsp;de loisirs, de vacances et tous vos achats du quotidien.Sa mission ? Vous offrir la meilleure exp\u00e9rience possible et vous d\u00e9nicher de merveilleuses offres.On dit de [&hellip;]","og_url":"https:\/\/ghost-concierge.com\/fr\/emiles\/","og_site_name":"Ghost Concierge","article_modified_time":"2021-12-23T11:34:25+00:00","og_image":[{"url":"https:\/\/ghost-concierge.com\/wp-content\/uploads\/2021\/12\/emiles-logo.png"}],"twitter_card":"summary_large_image","twitter_misc":{"Dur\u00e9e de lecture estim\u00e9e":"1 minute"},"schema":{"@context":"https:\/\/schema.org","@graph":[{"@type":"WebPage","@id":"https:\/\/ghost-concierge.com\/fr\/emiles\/","url":"https:\/\/ghost-concierge.com\/fr\/emiles\/","name":"Emile's - Ghost Concierge","isPartOf":{"@id":"https:\/\/ghost-concierge.com\/#website"},"primaryImageOfPage":{"@id":"https:\/\/ghost-concierge.com\/fr\/emiles\/#primaryimage"},"image":{"@id":"https:\/\/ghost-concierge.com\/fr\/emiles\/#primaryimage"},"thumbnailUrl":"https:\/\/ghost-concierge.com\/wp-content\/uploads\/2021\/12\/emiles-logo.png","datePublished":"2021-12-20T17:07:50+00:00","dateModified":"2021-12-23T11:34:25+00:00","breadcrumb":{"@id":"https:\/\/ghost-concierge.com\/fr\/emiles\/#breadcrumb"},"inLanguage":"fr-FR","potentialAction":[{"@type":"ReadAction","target":["https:\/\/ghost-concierge.com\/fr\/emiles\/"]}]},{"@type":"ImageObject","inLanguage":"fr-FR","@id":"https:\/\/ghost-concierge.com\/fr\/emiles\/#primaryimage","url":"https:\/\/ghost-concierge.com\/wp-content\/uploads\/2021\/12\/emiles-logo.png","contentUrl":"https:\/\/ghost-concierge.com\/wp-content\/uploads\/2021\/12\/emiles-logo.png"},{"@type":"BreadcrumbList","@id":"https:\/\/ghost-concierge.com\/fr\/emiles\/#breadcrumb","itemListElement":[{"@type":"ListItem","position":1,"name":"Home","item":"https:\/\/ghost-concierge.com\/fr\/"},{"@type":"ListItem","position":2,"name":"Emile&rsquo;s"}]},{"@type":"WebSite","@id":"https:\/\/ghost-concierge.com\/#website","url":"https:\/\/ghost-concierge.com\/","name":"Ghost Concierge","description":"Making the luxury of time accessible","potentialAction":[{"@type":"SearchAction","target":{"@type":"EntryPoint","urlTemplate":"https:\/\/ghost-concierge.com\/?s={search_term_string}"},"query-input":{"@type":"PropertyValueSpecification","valueRequired":true,"valueName":"search_term_string"}}],"inLanguage":"fr-FR"}]}},"_links":{"self":[{"href":"https:\/\/ghost-concierge.com\/fr\/wp-json\/wp\/v2\/pages\/1167"}],"collection":[{"href":"https:\/\/ghost-concierge.com\/fr\/wp-json\/wp\/v2\/pages"}],"about":[{"href":"https:\/\/ghost-concierge.com\/fr\/wp-json\/wp\/v2\/types\/page"}],"author":[{"embeddable":true,"href":"https:\/\/ghost-concierge.com\/fr\/wp-json\/wp\/v2\/users\/2"}],"replies":[{"embeddable":true,"href":"https:\/\/ghost-concierge.com\/fr\/wp-json\/wp\/v2\/comments?post=1167"}],"version-history":[{"count":6,"href":"https:\/\/ghost-concierge.com\/fr\/wp-json\/wp\/v2\/pages\/1167\/revisions"}],"predecessor-version":[{"id":1198,"href":"https:\/\/ghost-concierge.com\/fr\/wp-json\/wp\/v2\/pages\/1167\/revisions\/1198"}],"wp:attachment":[{"href":"https:\/\/ghost-concierge.com\/fr\/wp-json\/wp\/v2\/media?parent=1167"}],"curies":[{"name":"wp","href":"https:\/\/api.w.org\/{rel}","templated":true}]}}